{"id":32858,"date":"2019-11-14T12:38:20","date_gmt":"2019-11-14T11:38:20","guid":{"rendered":"https:\/\/xn--urduaherrieskola-9tb.eus\/nouvelles\/"},"modified":"2025-10-08T09:03:18","modified_gmt":"2025-10-08T07:03:18","slug":"nouvelles","status":"publish","type":"page","link":"https:\/\/xn--urduaherrieskola-9tb.eus\/fr\/nouvelles\/","title":{"rendered":"Nouvelles"},"content":{"rendered":"\t\t<div data-elementor-type=\"wp-page\" data-elementor-id=\"32858\" class=\"elementor elementor-32858 elementor-24353\">\n\t\t\t\t\t\t<section class=\"elementor-section elementor-top-section elementor-element elementor-element-4a8ba0d elementor-section-stretched albisteak-page elementor-section-boxed elementor-section-height-default elementor-section-height-default\" data-id=\"4a8ba0d\" data-element_type=\"section\" data-settings=\"{&quot;stretch_section&quot;:&quot;section-stretched&quot;}\">\n\t\t\t\t\t\t<div class=\"elementor-container elementor-column-gap-default\">\n\t\t\t\t\t<div class=\"elementor-column elementor-col-50 elementor-top-column elementor-element elementor-element-9b67d3f\" data-id=\"9b67d3f\" data-element_type=\"column\">\n\t\t\t<div class=\"elementor-widget-wrap elementor-element-populated\">\n\t\t\t\t\t\t<div class=\"elementor-element elementor-element-e1b307e elementor-widget__width-initial elementor-widget elementor-widget-dt-blog-posts\" data-id=\"e1b307e\" data-element_type=\"widget\" data-widget_type=\"dt-blog-posts.default\">\n\t\t\t\t<div class=\"elementor-widget-container\">\n\t\t\t\t\t<div class=\"dt-sc-posts-list-wrapper \"><div class='tpl-blog-holder apply-equal-height'><div class='grid-sizer column dt-sc-one-half dt-sc-post-entry entry-grid-layout dt-sc-boxed-style  dt-sc-default-hover dt-sc-default-overlay alignleft'><\/div><div class=\"column dt-sc-one-half dt-sc-post-entry entry-grid-layout dt-sc-boxed-style  dt-sc-default-hover dt-sc-default-overlay alignleft first\"><article id=\"post-32715\" class=\"blog-entry format-standard post-32715 post type-post status-publish hentry category-salle-a-manger\">\t\t\t<!-- Featured Image -->\r\n\t\t\t<div class=\"entry-thumb\"><\/div><!-- Featured Image -->\r\n    \t<div class=\"entry-meta-group\">\r\n\t\t\t\t\t<!-- Entry Categories -->\r\n\t\t\t\t\t<div class=\"entry-categories\">\r\n\t\t\t\t\t\t\r\n<i class='fas fa-file-alt'> <\/i><a href=\"https:\/\/xn--urduaherrieskola-9tb.eus\/fr\/category\/salle-a-manger\/\">Salle \u00e0 manger<\/a>\t\t\t\t\t<\/div><!-- Entry Categories -->\r\n        <\/div>\r\n        <!-- Entry Title -->\r\n        <div class=\"entry-title\">\r\n        \t\r\n\t<h4>\r\n\t        \t<a href=\"https:\/\/xn--urduaherrieskola-9tb.eus\/fr\/menus-mensuels-disponibles-en-un-clic\/\" title=\"Permalink to Menus mensuels disponibles en un clic !\">Menus mensuels disponibles en un clic !<\/a>\r\n\t<\/h4>        <\/div><!-- Entry Title -->\r\n        <!-- Entry Date -->\r\n        <div class=\"entry-date\">\r\n        \t\r\n        <i class=\"fas fa-calendar\"> <\/i>\r\n        28\/05\/2025        <\/div><!-- Entry Date -->\r\n\t<div class=\"entry-body\"><p>Menus mensuels disponibles en un clic !<\/p><\/div><\/article><\/div><div class=\"column dt-sc-one-half dt-sc-post-entry entry-grid-layout dt-sc-boxed-style  dt-sc-default-hover dt-sc-default-overlay alignleft\"><article id=\"post-32703\" class=\"blog-entry format-standard post-32703 post type-post status-publish has-post-thumbnail hentry category-general-fr tag-menu-avril\">\t\t\t<!-- Featured Image -->\r\n\t\t\t<div class=\"entry-thumb\">\t\t<a href=\"https:\/\/xn--urduaherrieskola-9tb.eus\/fr\/eepj-2025-1er-juin-orduna\/\" title=\"Permalink to EEPJ 2025, 1er juin, Ordu\u00f1a.\">\r\n\t\t\t<img fetchpriority=\"high\" decoding=\"async\" width=\"750\" height=\"488\" src=\"https:\/\/xn--urduaherrieskola-9tb.eus\/wp-content\/uploads\/2025\/04\/berria2-750x488.png\" class=\"attachment-pallikoodam-blog-ii-column size-pallikoodam-blog-ii-column wp-post-image\" alt=\"Ikasle batzuk bizikletarako kaskuekin\" \/>\t\t<\/a><\/div><!-- Featured Image -->\r\n    \t<div class=\"entry-meta-group\">\r\n\t\t\t\t\t<!-- Entry Categories -->\r\n\t\t\t\t\t<div class=\"entry-categories\">\r\n\t\t\t\t\t\t\r\n<i class='fas fa-file-alt'> <\/i><a href=\"https:\/\/xn--urduaherrieskola-9tb.eus\/fr\/category\/general-fr\/\">G\u00e9n\u00e9ral<\/a>\t\t\t\t\t<\/div><!-- Entry Categories -->\r\n        <\/div>\r\n        <!-- Entry Title -->\r\n        <div class=\"entry-title\">\r\n        \t\r\n\t<h4>\r\n\t        \t<a href=\"https:\/\/xn--urduaherrieskola-9tb.eus\/fr\/eepj-2025-1er-juin-orduna\/\" title=\"Permalink to EEPJ 2025, 1er juin, Ordu\u00f1a.\">EEPJ 2025, 1er juin, Ordu\u00f1a.<\/a>\r\n\t<\/h4>        <\/div><!-- Entry Title -->\r\n        <!-- Entry Date -->\r\n        <div class=\"entry-date\">\r\n        \t\r\n        <i class=\"fas fa-calendar\"> <\/i>\r\n        16\/05\/2025        <\/div><!-- Entry Date -->\r\n\t<div class=\"entry-body\"><p>EEPJ 2025, 1er juin, Ordu\u00f1a. Le 1er juin, ce jour si color\u00e9 sur tous les agendas, approche \u00e0 grands pas! Tic-tac, tic-tac! Le 1er...<\/p><\/div><\/article><\/div><div class=\"column dt-sc-one-half dt-sc-post-entry entry-grid-layout dt-sc-boxed-style  dt-sc-default-hover dt-sc-default-overlay alignleft first\"><article id=\"post-32746\" class=\"blog-entry format-standard post-32746 post type-post status-publish has-post-thumbnail hentry category-ige-fr tag-reunion-de-lige\">\t\t\t<!-- Featured Image -->\r\n\t\t\t<div class=\"entry-thumb\">\t\t<a href=\"https:\/\/xn--urduaherrieskola-9tb.eus\/fr\/organisation-du-festival-des-ecoles-publiques-basques\/\" title=\"Permalink to Organisation du Festival des \u00e9coles publiques basques\">\r\n\t\t\t<img decoding=\"async\" width=\"750\" height=\"488\" src=\"https:\/\/xn--urduaherrieskola-9tb.eus\/wp-content\/uploads\/2025\/04\/Auzolana-750x488.png\" class=\"attachment-pallikoodam-blog-ii-column size-pallikoodam-blog-ii-column wp-post-image\" alt=\"\" \/>\t\t<\/a><\/div><!-- Featured Image -->\r\n    \t<div class=\"entry-meta-group\">\r\n\t\t\t\t\t<!-- Entry Categories -->\r\n\t\t\t\t\t<div class=\"entry-categories\">\r\n\t\t\t\t\t\t\r\n<i class='fas fa-file-alt'> <\/i><a href=\"https:\/\/xn--urduaherrieskola-9tb.eus\/fr\/category\/ige-fr\/\">IGE<\/a>\t\t\t\t\t<\/div><!-- Entry Categories -->\r\n        <\/div>\r\n        <!-- Entry Title -->\r\n        <div class=\"entry-title\">\r\n        \t\r\n\t<h4>\r\n\t        \t<a href=\"https:\/\/xn--urduaherrieskola-9tb.eus\/fr\/organisation-du-festival-des-ecoles-publiques-basques\/\" title=\"Permalink to Organisation du Festival des \u00e9coles publiques basques\">Organisation du Festival des \u00e9coles publiques basques<\/a>\r\n\t<\/h4>        <\/div><!-- Entry Title -->\r\n        <!-- Entry Date -->\r\n        <div class=\"entry-date\">\r\n        \t\r\n        <i class=\"fas fa-calendar\"> <\/i>\r\n        19\/04\/2025        <\/div><!-- Entry Date -->\r\n\t<div class=\"entry-body\"><p>Souhaitez-vous participer \u00e0 l&rsquo;organisation du Festival des \u00c9coles Publiques Basques? Remplissez le questionnaire suivant et devenez b\u00e9n\u00e9vole! Formulaire Souhaitez-vous participer \u00e0 l&rsquo;organisation de la...<\/p><\/div><\/article><\/div><\/div><div class=\"pagination blog-pagination\"><\/div><\/div>\t\t\t\t<\/div>\n\t\t\t\t<\/div>\n\t\t\t\t\t<\/div>\n\t\t<\/div>\n\t\t\t\t<div class=\"elementor-column elementor-col-50 elementor-top-column elementor-element elementor-element-b29d623\" data-id=\"b29d623\" data-element_type=\"column\">\n\t\t\t<div class=\"elementor-widget-wrap\">\n\t\t\t\t\t\t\t<\/div>\n\t\t<\/div>\n\t\t\t\t\t<\/div>\n\t\t<\/section>\n\t\t\t\t<\/div>\n\t\t","protected":false},"excerpt":{"rendered":"<p>Jangela Klik batean hileko menuak eskuragarri!\u00a0 28 maiatza 2025 Orokorra EEPJ 2025, ekainak 1, Urdu\u00f1a. 16 maiatza 2025 EEPJ 2025, ekainak 1, Urdu\u00f1a. Ekainaren 1a, denon egutegi eta agendetan kolore biziz azpimarratu eta borobildutako eguna heltzear da! Tik tak, tik tak! Ekainaren&#8230; IGE Euskal Eskola Publikoaren Jaia antolakuntza 19 apirila 2025 Euskal Eskola Publikoaren Jaia [&hellip;]<\/p>\n","protected":false},"author":1,"featured_media":33591,"parent":0,"menu_order":0,"comment_status":"closed","ping_status":"closed","template":"","meta":{"footnotes":""},"class_list":["post-32858","page","type-page","status-publish","has-post-thumbnail","hentry"],"yoast_head":"<!-- This site is optimized with the Yoast SEO plugin v26.4 - https:\/\/yoast.com\/wordpress\/plugins\/seo\/ -->\n<title>Actualit\u00e9s et actualit\u00e9s - \u00c9cole publique d&#039;Urdu\u00f1a<\/title>\n<meta name=\"description\" content=\"Les derni\u00e8res actualit\u00e9s d&#039;Urdu\u00f1a Herri Eskola. D\u00e9couvrez tous les projets et annonces importantes de l&#039;ann\u00e9e scolaire. Restez inform\u00e9s\u00a0!\" \/>\n<meta name=\"robots\" content=\"index, follow, max-snippet:-1, max-image-preview:large, max-video-preview:-1\" \/>\n<link rel=\"canonical\" href=\"https:\/\/xn--urduaherrieskola-9tb.eus\/fr\/nouvelles\/\" \/>\n<meta property=\"og:locale\" content=\"fr_FR\" \/>\n<meta property=\"og:type\" content=\"article\" \/>\n<meta property=\"og:title\" content=\"Actualit\u00e9s et actualit\u00e9s - \u00c9cole publique d&#039;Urdu\u00f1a\" \/>\n<meta property=\"og:description\" content=\"Les derni\u00e8res actualit\u00e9s d&#039;Urdu\u00f1a Herri Eskola. D\u00e9couvrez tous les projets et annonces importantes de l&#039;ann\u00e9e scolaire. Restez inform\u00e9s\u00a0!\" \/>\n<meta property=\"og:url\" content=\"https:\/\/xn--urduaherrieskola-9tb.eus\/fr\/nouvelles\/\" \/>\n<meta property=\"og:site_name\" content=\"Urdu\u00f1a Herri Eskola\" \/>\n<meta property=\"article:modified_time\" content=\"2025-10-08T07:03:18+00:00\" \/>\n<meta property=\"og:image\" content=\"https:\/\/xn--urduaherrieskola-9tb.eus\/wp-content\/uploads\/2025\/05\/jangela_menua-750x399.png\" \/>\n<meta name=\"twitter:card\" content=\"summary_large_image\" \/>\n<script type=\"application\/ld+json\" class=\"yoast-schema-graph\">{\"@context\":\"https:\/\/schema.org\",\"@graph\":[{\"@type\":\"WebPage\",\"@id\":\"https:\/\/xn--urduaherrieskola-9tb.eus\/fr\/nouvelles\/\",\"url\":\"https:\/\/xn--urduaherrieskola-9tb.eus\/fr\/nouvelles\/\",\"name\":\"Actualit\u00e9s et actualit\u00e9s - \u00c9cole publique d'Urdu\u00f1a\",\"isPartOf\":{\"@id\":\"https:\/\/xn--urduaherrieskola-9tb.eus\/fr\/#website\"},\"primaryImageOfPage\":{\"@id\":\"https:\/\/xn--urduaherrieskola-9tb.eus\/fr\/nouvelles\/#primaryimage\"},\"image\":{\"@id\":\"https:\/\/xn--urduaherrieskola-9tb.eus\/fr\/nouvelles\/#primaryimage\"},\"thumbnailUrl\":\"https:\/\/xn--urduaherrieskola-9tb.eus\/wp-content\/uploads\/2025\/11\/Urduna-Eskola-Publikoa-bideoklipa-64-scaled.png\",\"datePublished\":\"2019-11-14T11:38:20+00:00\",\"dateModified\":\"2025-10-08T07:03:18+00:00\",\"description\":\"Les derni\u00e8res actualit\u00e9s d'Urdu\u00f1a Herri Eskola. D\u00e9couvrez tous les projets et annonces importantes de l'ann\u00e9e scolaire. Restez inform\u00e9s\u00a0!\",\"breadcrumb\":{\"@id\":\"https:\/\/xn--urduaherrieskola-9tb.eus\/fr\/nouvelles\/#breadcrumb\"},\"inLanguage\":\"fr-FR\",\"potentialAction\":[{\"@type\":\"ReadAction\",\"target\":[\"https:\/\/xn--urduaherrieskola-9tb.eus\/fr\/nouvelles\/\"]}]},{\"@type\":\"ImageObject\",\"inLanguage\":\"fr-FR\",\"@id\":\"https:\/\/xn--urduaherrieskola-9tb.eus\/fr\/nouvelles\/#primaryimage\",\"url\":\"https:\/\/xn--urduaherrieskola-9tb.eus\/wp-content\/uploads\/2025\/11\/Urduna-Eskola-Publikoa-bideoklipa-64-scaled.png\",\"contentUrl\":\"https:\/\/xn--urduaherrieskola-9tb.eus\/wp-content\/uploads\/2025\/11\/Urduna-Eskola-Publikoa-bideoklipa-64-scaled.png\",\"width\":2560,\"height\":1440},{\"@type\":\"BreadcrumbList\",\"@id\":\"https:\/\/xn--urduaherrieskola-9tb.eus\/fr\/nouvelles\/#breadcrumb\",\"itemListElement\":[{\"@type\":\"ListItem\",\"position\":1,\"name\":\"Home\",\"item\":\"https:\/\/xn--urduaherrieskola-9tb.eus\/fr\/maison\/\"},{\"@type\":\"ListItem\",\"position\":2,\"name\":\"Nouvelles\"}]},{\"@type\":\"WebSite\",\"@id\":\"https:\/\/xn--urduaherrieskola-9tb.eus\/fr\/#website\",\"url\":\"https:\/\/xn--urduaherrieskola-9tb.eus\/fr\/\",\"name\":\"Urdu\u00f1a Herri Eskola\",\"description\":\"\",\"publisher\":{\"@id\":\"https:\/\/xn--urduaherrieskola-9tb.eus\/fr\/#organization\"},\"potentialAction\":[{\"@type\":\"SearchAction\",\"target\":{\"@type\":\"EntryPoint\",\"urlTemplate\":\"https:\/\/xn--urduaherrieskola-9tb.eus\/fr\/?s={search_term_string}\"},\"query-input\":{\"@type\":\"PropertyValueSpecification\",\"valueRequired\":true,\"valueName\":\"search_term_string\"}}],\"inLanguage\":\"fr-FR\"},{\"@type\":\"Organization\",\"@id\":\"https:\/\/xn--urduaherrieskola-9tb.eus\/fr\/#organization\",\"name\":\"Urdu\u00f1a Herri Eskola\",\"url\":\"https:\/\/xn--urduaherrieskola-9tb.eus\/fr\/\",\"logo\":{\"@type\":\"ImageObject\",\"inLanguage\":\"fr-FR\",\"@id\":\"https:\/\/xn--urduaherrieskola-9tb.eus\/fr\/#\/schema\/logo\/image\/\",\"url\":\"https:\/\/xn--urduaherrieskola-9tb.eus\/wp-content\/uploads\/2019\/09\/UHE_Logotipoa_HORIZONTAL.png\",\"contentUrl\":\"https:\/\/xn--urduaherrieskola-9tb.eus\/wp-content\/uploads\/2019\/09\/UHE_Logotipoa_HORIZONTAL.png\",\"width\":1608,\"height\":927,\"caption\":\"Urdu\u00f1a Herri Eskola\"},\"image\":{\"@id\":\"https:\/\/xn--urduaherrieskola-9tb.eus\/fr\/#\/schema\/logo\/image\/\"}}]}<\/script>\n<!-- \/ Yoast SEO plugin. -->","yoast_head_json":{"title":"Actualit\u00e9s et actualit\u00e9s - \u00c9cole publique d'Urdu\u00f1a","description":"Les derni\u00e8res actualit\u00e9s d'Urdu\u00f1a Herri Eskola. D\u00e9couvrez tous les projets et annonces importantes de l'ann\u00e9e scolaire. Restez inform\u00e9s\u00a0!","robots":{"index":"index","follow":"follow","max-snippet":"max-snippet:-1","max-image-preview":"max-image-preview:large","max-video-preview":"max-video-preview:-1"},"canonical":"https:\/\/xn--urduaherrieskola-9tb.eus\/fr\/nouvelles\/","og_locale":"fr_FR","og_type":"article","og_title":"Actualit\u00e9s et actualit\u00e9s - \u00c9cole publique d'Urdu\u00f1a","og_description":"Les derni\u00e8res actualit\u00e9s d'Urdu\u00f1a Herri Eskola. D\u00e9couvrez tous les projets et annonces importantes de l'ann\u00e9e scolaire. Restez inform\u00e9s\u00a0!","og_url":"https:\/\/xn--urduaherrieskola-9tb.eus\/fr\/nouvelles\/","og_site_name":"Urdu\u00f1a Herri Eskola","article_modified_time":"2025-10-08T07:03:18+00:00","og_image":[{"url":"https:\/\/xn--urduaherrieskola-9tb.eus\/wp-content\/uploads\/2025\/05\/jangela_menua-750x399.png","type":"","width":"","height":""}],"twitter_card":"summary_large_image","schema":{"@context":"https:\/\/schema.org","@graph":[{"@type":"WebPage","@id":"https:\/\/xn--urduaherrieskola-9tb.eus\/fr\/nouvelles\/","url":"https:\/\/xn--urduaherrieskola-9tb.eus\/fr\/nouvelles\/","name":"Actualit\u00e9s et actualit\u00e9s - \u00c9cole publique d'Urdu\u00f1a","isPartOf":{"@id":"https:\/\/xn--urduaherrieskola-9tb.eus\/fr\/#website"},"primaryImageOfPage":{"@id":"https:\/\/xn--urduaherrieskola-9tb.eus\/fr\/nouvelles\/#primaryimage"},"image":{"@id":"https:\/\/xn--urduaherrieskola-9tb.eus\/fr\/nouvelles\/#primaryimage"},"thumbnailUrl":"https:\/\/xn--urduaherrieskola-9tb.eus\/wp-content\/uploads\/2025\/11\/Urduna-Eskola-Publikoa-bideoklipa-64-scaled.png","datePublished":"2019-11-14T11:38:20+00:00","dateModified":"2025-10-08T07:03:18+00:00","description":"Les derni\u00e8res actualit\u00e9s d'Urdu\u00f1a Herri Eskola. D\u00e9couvrez tous les projets et annonces importantes de l'ann\u00e9e scolaire. Restez inform\u00e9s\u00a0!","breadcrumb":{"@id":"https:\/\/xn--urduaherrieskola-9tb.eus\/fr\/nouvelles\/#breadcrumb"},"inLanguage":"fr-FR","potentialAction":[{"@type":"ReadAction","target":["https:\/\/xn--urduaherrieskola-9tb.eus\/fr\/nouvelles\/"]}]},{"@type":"ImageObject","inLanguage":"fr-FR","@id":"https:\/\/xn--urduaherrieskola-9tb.eus\/fr\/nouvelles\/#primaryimage","url":"https:\/\/xn--urduaherrieskola-9tb.eus\/wp-content\/uploads\/2025\/11\/Urduna-Eskola-Publikoa-bideoklipa-64-scaled.png","contentUrl":"https:\/\/xn--urduaherrieskola-9tb.eus\/wp-content\/uploads\/2025\/11\/Urduna-Eskola-Publikoa-bideoklipa-64-scaled.png","width":2560,"height":1440},{"@type":"BreadcrumbList","@id":"https:\/\/xn--urduaherrieskola-9tb.eus\/fr\/nouvelles\/#breadcrumb","itemListElement":[{"@type":"ListItem","position":1,"name":"Home","item":"https:\/\/xn--urduaherrieskola-9tb.eus\/fr\/maison\/"},{"@type":"ListItem","position":2,"name":"Nouvelles"}]},{"@type":"WebSite","@id":"https:\/\/xn--urduaherrieskola-9tb.eus\/fr\/#website","url":"https:\/\/xn--urduaherrieskola-9tb.eus\/fr\/","name":"Urdu\u00f1a Herri Eskola","description":"","publisher":{"@id":"https:\/\/xn--urduaherrieskola-9tb.eus\/fr\/#organization"},"potentialAction":[{"@type":"SearchAction","target":{"@type":"EntryPoint","urlTemplate":"https:\/\/xn--urduaherrieskola-9tb.eus\/fr\/?s={search_term_string}"},"query-input":{"@type":"PropertyValueSpecification","valueRequired":true,"valueName":"search_term_string"}}],"inLanguage":"fr-FR"},{"@type":"Organization","@id":"https:\/\/xn--urduaherrieskola-9tb.eus\/fr\/#organization","name":"Urdu\u00f1a Herri Eskola","url":"https:\/\/xn--urduaherrieskola-9tb.eus\/fr\/","logo":{"@type":"ImageObject","inLanguage":"fr-FR","@id":"https:\/\/xn--urduaherrieskola-9tb.eus\/fr\/#\/schema\/logo\/image\/","url":"https:\/\/xn--urduaherrieskola-9tb.eus\/wp-content\/uploads\/2019\/09\/UHE_Logotipoa_HORIZONTAL.png","contentUrl":"https:\/\/xn--urduaherrieskola-9tb.eus\/wp-content\/uploads\/2019\/09\/UHE_Logotipoa_HORIZONTAL.png","width":1608,"height":927,"caption":"Urdu\u00f1a Herri Eskola"},"image":{"@id":"https:\/\/xn--urduaherrieskola-9tb.eus\/fr\/#\/schema\/logo\/image\/"}}]}},"_links":{"self":[{"href":"https:\/\/xn--urduaherrieskola-9tb.eus\/fr\/wp-json\/wp\/v2\/pages\/32858","targetHints":{"allow":["GET"]}}],"collection":[{"href":"https:\/\/xn--urduaherrieskola-9tb.eus\/fr\/wp-json\/wp\/v2\/pages"}],"about":[{"href":"https:\/\/xn--urduaherrieskola-9tb.eus\/fr\/wp-json\/wp\/v2\/types\/page"}],"author":[{"embeddable":true,"href":"https:\/\/xn--urduaherrieskola-9tb.eus\/fr\/wp-json\/wp\/v2\/users\/1"}],"replies":[{"embeddable":true,"href":"https:\/\/xn--urduaherrieskola-9tb.eus\/fr\/wp-json\/wp\/v2\/comments?post=32858"}],"version-history":[{"count":1,"href":"https:\/\/xn--urduaherrieskola-9tb.eus\/fr\/wp-json\/wp\/v2\/pages\/32858\/revisions"}],"predecessor-version":[{"id":32859,"href":"https:\/\/xn--urduaherrieskola-9tb.eus\/fr\/wp-json\/wp\/v2\/pages\/32858\/revisions\/32859"}],"wp:featuredmedia":[{"embeddable":true,"href":"https:\/\/xn--urduaherrieskola-9tb.eus\/fr\/wp-json\/wp\/v2\/media\/33591"}],"wp:attachment":[{"href":"https:\/\/xn--urduaherrieskola-9tb.eus\/fr\/wp-json\/wp\/v2\/media?parent=32858"}],"curies":[{"name":"wp","href":"https:\/\/api.w.org\/{rel}","templated":true}]}}