{"id":32846,"date":"2025-04-25T13:19:07","date_gmt":"2025-04-25T11:19:07","guid":{"rendered":"https:\/\/xn--urduaherrieskola-9tb.eus\/itineraire-et-ville\/"},"modified":"2025-10-08T09:02:57","modified_gmt":"2025-10-08T07:02:57","slug":"itineraire-et-ville","status":"publish","type":"page","link":"https:\/\/xn--urduaherrieskola-9tb.eus\/fr\/itineraire-et-ville\/","title":{"rendered":"Itin\u00e9raire et ville"},"content":{"rendered":"\t\t<div data-elementor-type=\"wp-page\" data-elementor-id=\"32846\" class=\"elementor elementor-32846 elementor-26328\">\n\t\t\t\t\t\t<section class=\"elementor-section elementor-top-section elementor-element elementor-element-547501c elementor-section-stretched elementor-section-boxed elementor-section-height-default elementor-section-height-default\" data-id=\"547501c\" data-element_type=\"section\" data-settings=\"{&quot;stretch_section&quot;:&quot;section-stretched&quot;,&quot;background_background&quot;:&quot;classic&quot;}\">\n\t\t\t\t\t\t\t<div class=\"elementor-background-overlay\"><\/div>\n\t\t\t\t\t\t\t<div class=\"elementor-container elementor-column-gap-default\">\n\t\t\t\t\t<div class=\"elementor-column elementor-col-100 elementor-top-column elementor-element elementor-element-c72f3ad\" data-id=\"c72f3ad\" data-element_type=\"column\">\n\t\t\t<div class=\"elementor-widget-wrap elementor-element-populated\">\n\t\t\t\t\t\t<section class=\"elementor-section elementor-inner-section elementor-element elementor-element-b0fd65c elementor-section-boxed elementor-section-height-default elementor-section-height-default\" data-id=\"b0fd65c\" data-element_type=\"section\">\n\t\t\t\t\t\t<div class=\"elementor-container elementor-column-gap-default\">\n\t\t\t\t\t<div class=\"elementor-column elementor-col-50 elementor-inner-column elementor-element elementor-element-4c0ca13 cont-img-ibil\" data-id=\"4c0ca13\" data-element_type=\"column\" data-settings=\"{&quot;background_background&quot;:&quot;classic&quot;}\">\n\t\t\t<div class=\"elementor-widget-wrap elementor-element-populated\">\n\t\t\t\t\t<div class=\"elementor-background-overlay\"><\/div>\n\t\t\t\t\t\t<div class=\"elementor-element elementor-element-cdb40c4 elementor-widget__width-initial elementor-widget-mobile__width-inherit img-ibilbidea elementor-widget elementor-widget-image\" data-id=\"cdb40c4\" data-element_type=\"widget\" data-widget_type=\"image.default\">\n\t\t\t\t<div class=\"elementor-widget-container\">\n\t\t\t\t\t\t\t\t\t\t\t\t\t\t\t<img fetchpriority=\"high\" decoding=\"async\" width=\"1597\" height=\"667\" src=\"https:\/\/xn--urduaherrieskola-9tb.eus\/wp-content\/uploads\/2025\/05\/img1-viderrotu.png\" class=\"attachment-full size-full wp-image-32195\" alt=\"\" srcset=\"https:\/\/xn--urduaherrieskola-9tb.eus\/wp-content\/uploads\/2025\/05\/img1-viderrotu.png 1597w, https:\/\/xn--urduaherrieskola-9tb.eus\/wp-content\/uploads\/2025\/05\/img1-viderrotu-300x125.png 300w, https:\/\/xn--urduaherrieskola-9tb.eus\/wp-content\/uploads\/2025\/05\/img1-viderrotu-1024x428.png 1024w, https:\/\/xn--urduaherrieskola-9tb.eus\/wp-content\/uploads\/2025\/05\/img1-viderrotu-768x321.png 768w, https:\/\/xn--urduaherrieskola-9tb.eus\/wp-content\/uploads\/2025\/05\/img1-viderrotu-1536x642.png 1536w, https:\/\/xn--urduaherrieskola-9tb.eus\/wp-content\/uploads\/2025\/05\/img1-viderrotu-750x313.png 750w, https:\/\/xn--urduaherrieskola-9tb.eus\/wp-content\/uploads\/2025\/05\/img1-viderrotu-540x226.png 540w\" sizes=\"(max-width: 1597px) 100vw, 1597px\" \/>\t\t\t\t\t\t\t\t\t\t\t\t\t\t\t<\/div>\n\t\t\t\t<\/div>\n\t\t\t\t\t<\/div>\n\t\t<\/div>\n\t\t\t\t<div class=\"elementor-column elementor-col-50 elementor-inner-column elementor-element elementor-element-bac75d9\" data-id=\"bac75d9\" data-element_type=\"column\">\n\t\t\t<div class=\"elementor-widget-wrap elementor-element-populated\">\n\t\t\t\t\t\t<div class=\"elementor-element elementor-element-7b9caae elementor-widget elementor-widget-heading\" data-id=\"7b9caae\" data-element_type=\"widget\" data-widget_type=\"heading.default\">\n\t\t\t\t<div class=\"elementor-widget-container\">\n\t\t\t\t\t<h3 class=\"elementor-heading-title elementor-size-default\">Itin\u00e9raire<\/h3>\t\t\t\t<\/div>\n\t\t\t\t<\/div>\n\t\t\t\t<div class=\"elementor-element elementor-element-512c0f3 elementor-widget elementor-widget-text-editor\" data-id=\"512c0f3\" data-element_type=\"widget\" data-widget_type=\"text-editor.default\">\n\t\t\t\t<div class=\"elementor-widget-container\">\n\t\t\t\t\t\t\t\t\t<p>Urdu\u00f1a Herri Eskola se d\u00e9finit par sa lutte historique, sa p\u00e9dagogie enracin\u00e9e dans la culture basque et son engagement envers un mod\u00e8le \u00e9ducatif participatif et innovant, toujours \u00e0 partir de la d\u00e9fense de la sph\u00e8re publique.<\/p><p>L&rsquo;Urdu\u00f1a Herri Eskola, n\u00e9e en 1995, est le fruit d&rsquo;une lutte inlassable pour l&rsquo;\u00e9ducation publique, la\u00efque et en langue basque en ourdou. Son histoire a commenc\u00e9 dans les ann\u00e9es 80, lorsque des familles, des enseignants et des voisins se sont r\u00e9unis pour rejeter le mod\u00e8le D (immersion basque) et s&rsquo;opposer au syst\u00e8me \u00e9ducatif qui privil\u00e9giait les \u00e9coles priv\u00e9es.<\/p><p>En 1990, face au refus des institutions religieuses et des \u00e9coles de quitter les lieux, la communaut\u00e9 r\u00e9habilite l&rsquo;ancienne Douane, un b\u00e2timent abandonn\u00e9 devenu symbole de r\u00e9sistance. L\u00e0, au milieu de murs humides et de ressources limit\u00e9es, des cours d\u2019\u00e9ducation pr\u00e9scolaire et de petite enfance \u00e9taient dispens\u00e9s, avec des chaises offertes par les familles et des enseignants travaillant dans de mauvaises conditions.<\/p><p>Aujourd&rsquo;hui, Urdu\u00f1a Herri Eskola est un symbole de r\u00e9sistance, de participation et de qualit\u00e9 \u00e9ducative, avec plusieurs \u00e9tapes importantes, telles que la cr\u00e9ation de la premi\u00e8re caf\u00e9t\u00e9ria scolaire g\u00e9r\u00e9e par des b\u00e9n\u00e9voles et le lancement d&rsquo;une cuisine autog\u00e9r\u00e9e.<\/p>\t\t\t\t\t\t\t\t<\/div>\n\t\t\t\t<\/div>\n\t\t\t\t\t<\/div>\n\t\t<\/div>\n\t\t\t\t\t<\/div>\n\t\t<\/section>\n\t\t\t\t\t<\/div>\n\t\t<\/div>\n\t\t\t\t\t<\/div>\n\t\t<\/section>\n\t\t\t\t<section class=\"elementor-section elementor-top-section elementor-element elementor-element-e1e53d4 elementor-section-stretched elementor-section-full_width elementor-section-height-default elementor-section-height-default\" data-id=\"e1e53d4\" data-element_type=\"section\" data-settings=\"{&quot;stretch_section&quot;:&quot;section-stretched&quot;,&quot;background_background&quot;:&quot;classic&quot;}\">\n\t\t\t\t\t\t<div class=\"elementor-container elementor-column-gap-default\">\n\t\t\t\t\t<div class=\"elementor-column elementor-col-100 elementor-top-column elementor-element elementor-element-46324c6\" data-id=\"46324c6\" data-element_type=\"column\">\n\t\t\t<div class=\"elementor-widget-wrap elementor-element-populated\">\n\t\t\t\t\t\t<section class=\"elementor-section elementor-inner-section elementor-element elementor-element-b1ca854 elementor-section-full_width elementor-section-height-default elementor-section-height-default\" data-id=\"b1ca854\" data-element_type=\"section\">\n\t\t\t\t\t\t<div class=\"elementor-container elementor-column-gap-default\">\n\t\t\t\t\t<div class=\"elementor-column elementor-col-50 elementor-inner-column elementor-element elementor-element-a7404a8\" data-id=\"a7404a8\" data-element_type=\"column\">\n\t\t\t<div class=\"elementor-widget-wrap elementor-element-populated\">\n\t\t\t\t\t\t<div class=\"elementor-element elementor-element-53e769e elementor-widget elementor-widget-heading\" data-id=\"53e769e\" data-element_type=\"widget\" data-widget_type=\"heading.default\">\n\t\t\t\t<div class=\"elementor-widget-container\">\n\t\t\t\t\t<h3 class=\"elementor-heading-title elementor-size-default\">Ville<\/h3>\t\t\t\t<\/div>\n\t\t\t\t<\/div>\n\t\t\t\t<div class=\"elementor-element elementor-element-b0009b4 elementor-widget elementor-widget-text-editor\" data-id=\"b0009b4\" data-element_type=\"widget\" data-widget_type=\"text-editor.default\">\n\t\t\t\t<div class=\"elementor-widget-container\">\n\t\t\t\t\t\t\t\t\t<p>Ordu\u00f1a, enclave de Biscaye, est une ville historique entour\u00e9e de petits territoires, prot\u00e9g\u00e9s par un environnement naturel spectaculaire. Il est situ\u00e9 dans la cha\u00eene de montagnes de Gorobel et se distingue par son paysage montagneux : la spectaculaire cascade du Nervi\u00f3n et le Txarlazo sont des symboles du paysage. La vieille ville, d\u00e9clar\u00e9e Ensemble Historique-Artistique, poss\u00e8de des b\u00e2timents m\u00e9di\u00e9vaux, tels que l&rsquo;\u00c9glise de Santa Mar\u00eda et l&rsquo;H\u00f4tel de Ville, t\u00e9moins de son pass\u00e9 de Ville Exempte (1229), un privil\u00e8ge qui lui a accord\u00e9 son autonomie pendant des si\u00e8cles.<\/p><p>Aujourd&rsquo;hui, \u00e0 Ordu\u00f1a, tradition et modernit\u00e9 se conjuguent : les rues vibrent au rythme de f\u00eates comme Otxomaio et d&rsquo;autres traditions ancestrales, tandis que le basque et l&rsquo;espagnol vivent dans une atmosph\u00e8re multiculturelle.<\/p><p>De petite taille, mais grande de personnalit\u00e9, c&rsquo;est un lieu o\u00f9 la communaut\u00e9 valorise son patrimoine naturel et culturel, refl\u00e9t\u00e9 dans des projets tels que Urdu\u00f1a Herri Eskola, une \u00e9cole publique n\u00e9e d&rsquo;un effort collectif pour pr\u00e9server l&rsquo;\u00e9ducation en basque.<\/p><p>Urdu\u00f1a Herri Eskola est le reflet de son territoire : connect\u00e9e \u00e0 la ville, solidaire et basque. Elle n\u2019est pas n\u00e9e dans un bureau, mais sur les places et dans les rues o\u00f9 les familles, les enseignants et les citoyens se sont unis pour soutenir une \u00e9ducation publique, d\u00e9cente et en langue basque.<\/p>\t\t\t\t\t\t\t\t<\/div>\n\t\t\t\t<\/div>\n\t\t\t\t\t<\/div>\n\t\t<\/div>\n\t\t\t\t<div class=\"elementor-column elementor-col-50 elementor-inner-column elementor-element elementor-element-8bbfd33 image-height-100\" data-id=\"8bbfd33\" data-element_type=\"column\">\n\t\t\t<div class=\"elementor-widget-wrap elementor-element-populated\">\n\t\t\t\t\t\t<div class=\"elementor-element elementor-element-b18bdb1 elementor-widget elementor-widget-image\" data-id=\"b18bdb1\" data-element_type=\"widget\" data-widget_type=\"image.default\">\n\t\t\t\t<div class=\"elementor-widget-container\">\n\t\t\t\t\t\t\t\t\t\t\t\t\t\t\t<img decoding=\"async\" width=\"2133\" height=\"1200\" src=\"https:\/\/xn--urduaherrieskola-9tb.eus\/wp-content\/uploads\/2025\/05\/plaza-1.png\" class=\"attachment-full size-full wp-image-32663\" alt=\"Herri plazaren ardazki bat goiko partetik aterata\" srcset=\"https:\/\/xn--urduaherrieskola-9tb.eus\/wp-content\/uploads\/2025\/05\/plaza-1.png 2133w, https:\/\/xn--urduaherrieskola-9tb.eus\/wp-content\/uploads\/2025\/05\/plaza-1-300x169.png 300w, https:\/\/xn--urduaherrieskola-9tb.eus\/wp-content\/uploads\/2025\/05\/plaza-1-1024x576.png 1024w, https:\/\/xn--urduaherrieskola-9tb.eus\/wp-content\/uploads\/2025\/05\/plaza-1-768x432.png 768w, https:\/\/xn--urduaherrieskola-9tb.eus\/wp-content\/uploads\/2025\/05\/plaza-1-1536x864.png 1536w, https:\/\/xn--urduaherrieskola-9tb.eus\/wp-content\/uploads\/2025\/05\/plaza-1-2048x1152.png 2048w, https:\/\/xn--urduaherrieskola-9tb.eus\/wp-content\/uploads\/2025\/05\/plaza-1-750x422.png 750w, https:\/\/xn--urduaherrieskola-9tb.eus\/wp-content\/uploads\/2025\/05\/plaza-1-540x304.png 540w\" sizes=\"(max-width: 2133px) 100vw, 2133px\" \/>\t\t\t\t\t\t\t\t\t\t\t\t\t\t\t<\/div>\n\t\t\t\t<\/div>\n\t\t\t\t\t<\/div>\n\t\t<\/div>\n\t\t\t\t\t<\/div>\n\t\t<\/section>\n\t\t\t\t\t<\/div>\n\t\t<\/div>\n\t\t\t\t\t<\/div>\n\t\t<\/section>\n\t\t\t\t<\/div>\n\t\t","protected":false},"excerpt":{"rendered":"<p>Itin\u00e9raire Urdu\u00f1a Herri Eskola se d\u00e9finit par sa lutte historique, sa p\u00e9dagogie enracin\u00e9e dans la culture basque et son engagement envers un mod\u00e8le \u00e9ducatif participatif et innovant, toujours \u00e0 partir de la d\u00e9fense de la sph\u00e8re publique. L&rsquo;Urdu\u00f1a Herri Eskola, n\u00e9e en 1995, est le fruit d&rsquo;une lutte inlassable pour l&rsquo;\u00e9ducation publique, la\u00efque et en [&hellip;]<\/p>\n","protected":false},"author":1,"featured_media":0,"parent":0,"menu_order":4,"comment_status":"closed","ping_status":"closed","template":"elementor_theme","meta":{"footnotes":""},"class_list":["post-32846","page","type-page","status-publish","hentry"],"yoast_head":"<!-- This site is optimized with the Yoast SEO plugin v26.4 - https:\/\/yoast.com\/wordpress\/plugins\/seo\/ -->\n<title>Route et ville \u2013 \u00c9cole publique d&#039;Urdu\u00f1a, histoire et racines<\/title>\n<meta name=\"description\" content=\"Urdu\u00f1a Herri Eskola : n\u00e9e du peuple et grandi dans la r\u00e9sistance, un voyage historique en faveur d&#039;une \u00e9ducation publique, bascophone et participative.\" \/>\n<meta name=\"robots\" content=\"index, follow, max-snippet:-1, max-image-preview:large, max-video-preview:-1\" \/>\n<link rel=\"canonical\" href=\"https:\/\/xn--urduaherrieskola-9tb.eus\/fr\/itineraire-et-ville\/\" \/>\n<meta property=\"og:locale\" content=\"fr_FR\" \/>\n<meta property=\"og:type\" content=\"article\" \/>\n<meta property=\"og:title\" content=\"Route et ville \u2013 \u00c9cole publique d&#039;Urdu\u00f1a, histoire et racines\" \/>\n<meta property=\"og:description\" content=\"Urdu\u00f1a Herri Eskola : n\u00e9e du peuple et grandi dans la r\u00e9sistance, un voyage historique en faveur d&#039;une \u00e9ducation publique, bascophone et participative.\" \/>\n<meta property=\"og:url\" content=\"https:\/\/xn--urduaherrieskola-9tb.eus\/fr\/itineraire-et-ville\/\" \/>\n<meta property=\"og:site_name\" content=\"Urdu\u00f1a Herri Eskola\" \/>\n<meta property=\"article:modified_time\" content=\"2025-10-08T07:02:57+00:00\" \/>\n<meta property=\"og:image\" content=\"https:\/\/xn--urduaherrieskola-9tb.eus\/wp-content\/uploads\/2025\/05\/img1-viderrotu.png\" \/>\n\t<meta property=\"og:image:width\" content=\"1597\" \/>\n\t<meta property=\"og:image:height\" content=\"667\" \/>\n\t<meta property=\"og:image:type\" content=\"image\/png\" \/>\n<meta name=\"twitter:card\" content=\"summary_large_image\" \/>\n<meta name=\"twitter:label1\" content=\"Dur\u00e9e de lecture estim\u00e9e\" \/>\n\t<meta name=\"twitter:data1\" content=\"2 minutes\" \/>\n<script type=\"application\/ld+json\" class=\"yoast-schema-graph\">{\"@context\":\"https:\/\/schema.org\",\"@graph\":[{\"@type\":\"WebPage\",\"@id\":\"https:\/\/xn--urduaherrieskola-9tb.eus\/fr\/itineraire-et-ville\/\",\"url\":\"https:\/\/xn--urduaherrieskola-9tb.eus\/fr\/itineraire-et-ville\/\",\"name\":\"Route et ville \u2013 \u00c9cole publique d'Urdu\u00f1a, histoire et racines\",\"isPartOf\":{\"@id\":\"https:\/\/xn--urduaherrieskola-9tb.eus\/fr\/#website\"},\"primaryImageOfPage\":{\"@id\":\"https:\/\/xn--urduaherrieskola-9tb.eus\/fr\/itineraire-et-ville\/#primaryimage\"},\"image\":{\"@id\":\"https:\/\/xn--urduaherrieskola-9tb.eus\/fr\/itineraire-et-ville\/#primaryimage\"},\"thumbnailUrl\":\"https:\/\/xn--urduaherrieskola-9tb.eus\/wp-content\/uploads\/2025\/05\/img1-viderrotu.png\",\"datePublished\":\"2025-04-25T11:19:07+00:00\",\"dateModified\":\"2025-10-08T07:02:57+00:00\",\"description\":\"Urdu\u00f1a Herri Eskola : n\u00e9e du peuple et grandi dans la r\u00e9sistance, un voyage historique en faveur d'une \u00e9ducation publique, bascophone et participative.\",\"breadcrumb\":{\"@id\":\"https:\/\/xn--urduaherrieskola-9tb.eus\/fr\/itineraire-et-ville\/#breadcrumb\"},\"inLanguage\":\"fr-FR\",\"potentialAction\":[{\"@type\":\"ReadAction\",\"target\":[\"https:\/\/xn--urduaherrieskola-9tb.eus\/fr\/itineraire-et-ville\/\"]}]},{\"@type\":\"ImageObject\",\"inLanguage\":\"fr-FR\",\"@id\":\"https:\/\/xn--urduaherrieskola-9tb.eus\/fr\/itineraire-et-ville\/#primaryimage\",\"url\":\"https:\/\/xn--urduaherrieskola-9tb.eus\/wp-content\/uploads\/2025\/05\/img1-viderrotu.png\",\"contentUrl\":\"https:\/\/xn--urduaherrieskola-9tb.eus\/wp-content\/uploads\/2025\/05\/img1-viderrotu.png\"},{\"@type\":\"BreadcrumbList\",\"@id\":\"https:\/\/xn--urduaherrieskola-9tb.eus\/fr\/itineraire-et-ville\/#breadcrumb\",\"itemListElement\":[{\"@type\":\"ListItem\",\"position\":1,\"name\":\"Home\",\"item\":\"https:\/\/xn--urduaherrieskola-9tb.eus\/fr\/maison\/\"},{\"@type\":\"ListItem\",\"position\":2,\"name\":\"Itin\u00e9raire et ville\"}]},{\"@type\":\"WebSite\",\"@id\":\"https:\/\/xn--urduaherrieskola-9tb.eus\/fr\/#website\",\"url\":\"https:\/\/xn--urduaherrieskola-9tb.eus\/fr\/\",\"name\":\"Urdu\u00f1a Herri Eskola\",\"description\":\"\",\"publisher\":{\"@id\":\"https:\/\/xn--urduaherrieskola-9tb.eus\/fr\/#organization\"},\"potentialAction\":[{\"@type\":\"SearchAction\",\"target\":{\"@type\":\"EntryPoint\",\"urlTemplate\":\"https:\/\/xn--urduaherrieskola-9tb.eus\/fr\/?s={search_term_string}\"},\"query-input\":{\"@type\":\"PropertyValueSpecification\",\"valueRequired\":true,\"valueName\":\"search_term_string\"}}],\"inLanguage\":\"fr-FR\"},{\"@type\":\"Organization\",\"@id\":\"https:\/\/xn--urduaherrieskola-9tb.eus\/fr\/#organization\",\"name\":\"Urdu\u00f1a Herri Eskola\",\"url\":\"https:\/\/xn--urduaherrieskola-9tb.eus\/fr\/\",\"logo\":{\"@type\":\"ImageObject\",\"inLanguage\":\"fr-FR\",\"@id\":\"https:\/\/xn--urduaherrieskola-9tb.eus\/fr\/#\/schema\/logo\/image\/\",\"url\":\"https:\/\/xn--urduaherrieskola-9tb.eus\/wp-content\/uploads\/2019\/09\/UHE_Logotipoa_HORIZONTAL.png\",\"contentUrl\":\"https:\/\/xn--urduaherrieskola-9tb.eus\/wp-content\/uploads\/2019\/09\/UHE_Logotipoa_HORIZONTAL.png\",\"width\":1608,\"height\":927,\"caption\":\"Urdu\u00f1a Herri Eskola\"},\"image\":{\"@id\":\"https:\/\/xn--urduaherrieskola-9tb.eus\/fr\/#\/schema\/logo\/image\/\"}}]}<\/script>\n<!-- \/ Yoast SEO plugin. -->","yoast_head_json":{"title":"Route et ville \u2013 \u00c9cole publique d'Urdu\u00f1a, histoire et racines","description":"Urdu\u00f1a Herri Eskola : n\u00e9e du peuple et grandi dans la r\u00e9sistance, un voyage historique en faveur d'une \u00e9ducation publique, bascophone et participative.","robots":{"index":"index","follow":"follow","max-snippet":"max-snippet:-1","max-image-preview":"max-image-preview:large","max-video-preview":"max-video-preview:-1"},"canonical":"https:\/\/xn--urduaherrieskola-9tb.eus\/fr\/itineraire-et-ville\/","og_locale":"fr_FR","og_type":"article","og_title":"Route et ville \u2013 \u00c9cole publique d'Urdu\u00f1a, histoire et racines","og_description":"Urdu\u00f1a Herri Eskola : n\u00e9e du peuple et grandi dans la r\u00e9sistance, un voyage historique en faveur d'une \u00e9ducation publique, bascophone et participative.","og_url":"https:\/\/xn--urduaherrieskola-9tb.eus\/fr\/itineraire-et-ville\/","og_site_name":"Urdu\u00f1a Herri Eskola","article_modified_time":"2025-10-08T07:02:57+00:00","og_image":[{"width":1597,"height":667,"url":"https:\/\/xn--urduaherrieskola-9tb.eus\/wp-content\/uploads\/2025\/05\/img1-viderrotu.png","type":"image\/png"}],"twitter_card":"summary_large_image","twitter_misc":{"Dur\u00e9e de lecture estim\u00e9e":"2 minutes"},"schema":{"@context":"https:\/\/schema.org","@graph":[{"@type":"WebPage","@id":"https:\/\/xn--urduaherrieskola-9tb.eus\/fr\/itineraire-et-ville\/","url":"https:\/\/xn--urduaherrieskola-9tb.eus\/fr\/itineraire-et-ville\/","name":"Route et ville \u2013 \u00c9cole publique d'Urdu\u00f1a, histoire et racines","isPartOf":{"@id":"https:\/\/xn--urduaherrieskola-9tb.eus\/fr\/#website"},"primaryImageOfPage":{"@id":"https:\/\/xn--urduaherrieskola-9tb.eus\/fr\/itineraire-et-ville\/#primaryimage"},"image":{"@id":"https:\/\/xn--urduaherrieskola-9tb.eus\/fr\/itineraire-et-ville\/#primaryimage"},"thumbnailUrl":"https:\/\/xn--urduaherrieskola-9tb.eus\/wp-content\/uploads\/2025\/05\/img1-viderrotu.png","datePublished":"2025-04-25T11:19:07+00:00","dateModified":"2025-10-08T07:02:57+00:00","description":"Urdu\u00f1a Herri Eskola : n\u00e9e du peuple et grandi dans la r\u00e9sistance, un voyage historique en faveur d'une \u00e9ducation publique, bascophone et participative.","breadcrumb":{"@id":"https:\/\/xn--urduaherrieskola-9tb.eus\/fr\/itineraire-et-ville\/#breadcrumb"},"inLanguage":"fr-FR","potentialAction":[{"@type":"ReadAction","target":["https:\/\/xn--urduaherrieskola-9tb.eus\/fr\/itineraire-et-ville\/"]}]},{"@type":"ImageObject","inLanguage":"fr-FR","@id":"https:\/\/xn--urduaherrieskola-9tb.eus\/fr\/itineraire-et-ville\/#primaryimage","url":"https:\/\/xn--urduaherrieskola-9tb.eus\/wp-content\/uploads\/2025\/05\/img1-viderrotu.png","contentUrl":"https:\/\/xn--urduaherrieskola-9tb.eus\/wp-content\/uploads\/2025\/05\/img1-viderrotu.png"},{"@type":"BreadcrumbList","@id":"https:\/\/xn--urduaherrieskola-9tb.eus\/fr\/itineraire-et-ville\/#breadcrumb","itemListElement":[{"@type":"ListItem","position":1,"name":"Home","item":"https:\/\/xn--urduaherrieskola-9tb.eus\/fr\/maison\/"},{"@type":"ListItem","position":2,"name":"Itin\u00e9raire et ville"}]},{"@type":"WebSite","@id":"https:\/\/xn--urduaherrieskola-9tb.eus\/fr\/#website","url":"https:\/\/xn--urduaherrieskola-9tb.eus\/fr\/","name":"Urdu\u00f1a Herri Eskola","description":"","publisher":{"@id":"https:\/\/xn--urduaherrieskola-9tb.eus\/fr\/#organization"},"potentialAction":[{"@type":"SearchAction","target":{"@type":"EntryPoint","urlTemplate":"https:\/\/xn--urduaherrieskola-9tb.eus\/fr\/?s={search_term_string}"},"query-input":{"@type":"PropertyValueSpecification","valueRequired":true,"valueName":"search_term_string"}}],"inLanguage":"fr-FR"},{"@type":"Organization","@id":"https:\/\/xn--urduaherrieskola-9tb.eus\/fr\/#organization","name":"Urdu\u00f1a Herri Eskola","url":"https:\/\/xn--urduaherrieskola-9tb.eus\/fr\/","logo":{"@type":"ImageObject","inLanguage":"fr-FR","@id":"https:\/\/xn--urduaherrieskola-9tb.eus\/fr\/#\/schema\/logo\/image\/","url":"https:\/\/xn--urduaherrieskola-9tb.eus\/wp-content\/uploads\/2019\/09\/UHE_Logotipoa_HORIZONTAL.png","contentUrl":"https:\/\/xn--urduaherrieskola-9tb.eus\/wp-content\/uploads\/2019\/09\/UHE_Logotipoa_HORIZONTAL.png","width":1608,"height":927,"caption":"Urdu\u00f1a Herri Eskola"},"image":{"@id":"https:\/\/xn--urduaherrieskola-9tb.eus\/fr\/#\/schema\/logo\/image\/"}}]}},"_links":{"self":[{"href":"https:\/\/xn--urduaherrieskola-9tb.eus\/fr\/wp-json\/wp\/v2\/pages\/32846","targetHints":{"allow":["GET"]}}],"collection":[{"href":"https:\/\/xn--urduaherrieskola-9tb.eus\/fr\/wp-json\/wp\/v2\/pages"}],"about":[{"href":"https:\/\/xn--urduaherrieskola-9tb.eus\/fr\/wp-json\/wp\/v2\/types\/page"}],"author":[{"embeddable":true,"href":"https:\/\/xn--urduaherrieskola-9tb.eus\/fr\/wp-json\/wp\/v2\/users\/1"}],"replies":[{"embeddable":true,"href":"https:\/\/xn--urduaherrieskola-9tb.eus\/fr\/wp-json\/wp\/v2\/comments?post=32846"}],"version-history":[{"count":1,"href":"https:\/\/xn--urduaherrieskola-9tb.eus\/fr\/wp-json\/wp\/v2\/pages\/32846\/revisions"}],"predecessor-version":[{"id":32847,"href":"https:\/\/xn--urduaherrieskola-9tb.eus\/fr\/wp-json\/wp\/v2\/pages\/32846\/revisions\/32847"}],"wp:attachment":[{"href":"https:\/\/xn--urduaherrieskola-9tb.eus\/fr\/wp-json\/wp\/v2\/media?parent=32846"}],"curies":[{"name":"wp","href":"https:\/\/api.w.org\/{rel}","templated":true}]}}