{"id":32837,"date":"2025-05-22T14:57:06","date_gmt":"2025-05-22T12:57:06","guid":{"rendered":"https:\/\/xn--urduaherrieskola-9tb.eus\/politique-relative-aux-cookies\/"},"modified":"2025-10-08T09:02:54","modified_gmt":"2025-10-08T07:02:54","slug":"politique-relative-aux-cookies","status":"publish","type":"page","link":"https:\/\/xn--urduaherrieskola-9tb.eus\/fr\/politique-relative-aux-cookies\/","title":{"rendered":"Politique relative aux cookies"},"content":{"rendered":"\t\t<div data-elementor-type=\"wp-page\" data-elementor-id=\"32837\" class=\"elementor elementor-32837 elementor-29911\">\n\t\t\t\t\t\t<section class=\"elementor-section elementor-top-section elementor-element elementor-element-1e567d3 elementor-section-boxed elementor-section-height-default elementor-section-height-default\" data-id=\"1e567d3\" data-element_type=\"section\">\n\t\t\t\t\t\t<div class=\"elementor-container elementor-column-gap-default\">\n\t\t\t\t\t<div class=\"elementor-column elementor-col-100 elementor-top-column elementor-element elementor-element-afd8346\" data-id=\"afd8346\" data-element_type=\"column\">\n\t\t\t<div class=\"elementor-widget-wrap elementor-element-populated\">\n\t\t\t\t\t\t<div class=\"elementor-element elementor-element-984b160 elementor-widget elementor-widget-text-editor\" data-id=\"984b160\" data-element_type=\"widget\" data-widget_type=\"text-editor.default\">\n\t\t\t\t<div class=\"elementor-widget-container\">\n\t\t\t\t\t\t\t\t\t<div id=\"tab-2\" class=\"tab-content clearfix\"><h3>Politique relative aux cookies<\/h3><div class=\"tab-container row border-0\" style=\"padding: 0px;\"><div id=\"tabs-5\" class=\"tab-content clearfix\"><p>Un cookie est un fichier texte stock\u00e9 sur un ordinateur ou un appareil mobile par un serveur web. Seul ce serveur peut r\u00e9cup\u00e9rer ou lire son contenu. Il permet au site web de m\u00e9moriser vos pr\u00e9f\u00e9rences de navigation et de naviguer plus efficacement. Les cookies simplifient et acc\u00e9l\u00e8rent l&rsquo;interaction entre l&rsquo;utilisateur et le site web. <\/p><p class=\"pdt15\"><b>Informations g\u00e9n\u00e9rales<\/b><\/p><p class=\"pdt15\">Ce site web utilise des cookies. Les cookies sont de petits fichiers texte cr\u00e9\u00e9s par les pages web que vous consultez et contenant des donn\u00e9es de session utilisables ult\u00e9rieurement. Ainsi, le site web m\u00e9morise des informations sur votre visite, ce qui peut faciliter votre prochaine visite et rendre le site plus utile.  <\/p><p class=\"pdt15\"><b>Comment fonctionnent les cookies ?<\/b><\/p><p class=\"pdt15\">Les cookies ne peuvent stocker que du texte, g\u00e9n\u00e9ralement anonyme et chiffr\u00e9. Aucune information personnelle n&rsquo;est stock\u00e9e dans un cookie et celui-ci ne peut \u00eatre li\u00e9 \u00e0 une personne identifi\u00e9e ou identifiable. <\/p><p class=\"pdt15\">Ces donn\u00e9es permettent \u00e0 ce site web de stocker des informations entre les pages et d&rsquo;analyser vos interactions avec le site. Les cookies sont s\u00e9curis\u00e9s car ils ne peuvent stocker que les informations que le navigateur a saisies \u00e0 leur place, c&rsquo;est-\u00e0-dire celles que l&rsquo;utilisateur a saisies dans son navigateur ou dans la page demand\u00e9e. Ils ne peuvent pas ex\u00e9cuter de code et ne peuvent pas \u00eatre utilis\u00e9s pour acc\u00e9der \u00e0 votre ordinateur. Si un site web contient des informations chiffr\u00e9es, seul le site web peut les lire.   <\/p><p class=\"pdt15\"><b><b>Quels types de cookies sont utilis\u00e9s ?<\/b><\/b><\/p><p class=\"pdt15\">Les cookies utilis\u00e9s par ce site Web peuvent \u00eatre class\u00e9s selon les crit\u00e8res suivants :<\/p><p><b>1. Types de cookies, selon l&rsquo;organisation qui les g\u00e8re.<\/b><\/p><p style=\"padding-left: 40px;\">Nous pouvons les diff\u00e9rencier en fonction de l&rsquo;organisation qui g\u00e8re l&rsquo;\u00e9quipement ou le domaine utilis\u00e9 pour envoyer les cookies et des donn\u00e9es obtenues.<\/p><p style=\"padding-left: 40px;\"><b>Cookies propres :<\/b> Ce sont ceux qui sont envoy\u00e9s au terminal de l&rsquo;utilisateur \u00e0 partir d&rsquo;un ordinateur ou d&rsquo;un domaine g\u00e9r\u00e9 par l&rsquo;\u00e9diteur, \u00e0 partir duquel le service demand\u00e9 par l&rsquo;utilisateur est fourni.<\/p><p style=\"padding-left: 40px;\"><b>Cookies tiers.<\/b> Ce sont ceux qui sont envoy\u00e9s au terminal de l&rsquo;utilisateur depuis un ordinateur ou un domaine non g\u00e9r\u00e9 par l&rsquo;\u00e9diteur.<\/p><p style=\"padding-left: 40px;\">Si des cookies sont install\u00e9s \u00e0 partir d&rsquo;un ordinateur ou d&rsquo;un domaine g\u00e9r\u00e9 par l&rsquo;\u00e9diteur, mais que les informations collect\u00e9es via eux sont g\u00e9r\u00e9es par un tiers, ils ne peuvent pas \u00eatre consid\u00e9r\u00e9s comme des cookies propri\u00e9taires.<\/p><p><b>2. Types de cookies, en fonction de leur dur\u00e9e d&rsquo;activit\u00e9<\/b><\/p><p style=\"padding-left: 40px;\">Cela d\u00e9pend de la dur\u00e9e pendant laquelle ils restent actifs sur l&rsquo;\u00e9quipement terminal.<\/p><p style=\"padding-left: 40px;\"><b>Cookies de session.<\/b> Ce type de cookie est con\u00e7u pour collecter et stocker des donn\u00e9es pendant que l&rsquo;utilisateur consulte un site web. Ils servent \u00e0 stocker les informations que l&rsquo;utilisateur souhaite uniquement conserver pour fournir le service demand\u00e9. <\/p><p style=\"padding-left: 40px;\"><b>Cookies persistants.<\/b>  Il s&rsquo;agit de types de cookies qui conservent des donn\u00e9es stock\u00e9es sur le terminal, et peuvent \u00eatre consult\u00e9es et trait\u00e9es pendant une dur\u00e9e d\u00e9termin\u00e9e par le responsable du cookie, de quelques minutes \u00e0 plusieurs ann\u00e9es.<\/p><p><b>3. Types de cookies, selon la finalit\u00e9<\/b><\/p><p style=\"padding-left: 40px;\">Compte tenu de la finalit\u00e9 pour laquelle les donn\u00e9es obtenues via les cookies sont trait\u00e9es, nous pouvons distinguer les suivantes :<\/p><p style=\"padding-left: 40px;\"><b>Cookies techniques :<\/b> Ce sont ceux qui permettent \u00e0 l&rsquo;Utilisateur de naviguer sur un site Web, une plateforme ou une application et d&rsquo;utiliser les options ou services qui y sont disponibles, tels que contr\u00f4ler le trafic et la communication de donn\u00e9es, identifier les sessions, acc\u00e9der aux zones restreintes, m\u00e9moriser les \u00e9l\u00e9ments qui compl\u00e8tent une commande, effectuer le processus d&rsquo;achat d&rsquo;une commande, s&rsquo;inscrire ou demander \u00e0 participer \u00e0 une commande, utiliser des \u00e9l\u00e9ments de s\u00e9curit\u00e9 pendant la navigation, stocker du contenu pour diffuser des vid\u00e9os ou du son, ou partager du contenu via les r\u00e9seaux sociaux.<\/p><p style=\"padding-left: 40px;\"><b>Les cookies de personnalisation<\/b> sont ceux qui permettent \u00e0 l&rsquo;Utilisateur d&rsquo;acc\u00e9der au service, avec des caract\u00e9ristiques g\u00e9n\u00e9rales pr\u00e9d\u00e9finies en fonction de certains crit\u00e8res pr\u00e9sents sur le terminal de l&rsquo;utilisateur, tels que la langue, le type de navigateur utilis\u00e9 pour acc\u00e9der au service, la configuration r\u00e9gionale utilis\u00e9e pour acc\u00e9der au service, etc.<\/p><p style=\"padding-left: 40px;\"><b>Cookies d&rsquo;analyse<\/b> permettant \u00e0 leur responsable de surveiller et d&rsquo;analyser le comportement des utilisateurs sur les sites web auxquels ils sont li\u00e9s. Les informations collect\u00e9es via ces cookies servent \u00e0 mesurer l&rsquo;activit\u00e9 des sites web, applications ou plateformes et \u00e0 \u00e9tablir des profils de navigation des utilisateurs de ces sites, applications et plateformes, afin d&rsquo;apporter des am\u00e9liorations bas\u00e9es sur l&rsquo;analyse des donn\u00e9es d&rsquo;utilisation du service.<\/p><p><b>Outil de gestion des cookies<\/b><\/p><p>Ce site utilise Google Analytics.<\/p><p>Google Analytics est un outil d&rsquo;analyse web gratuit de Google qui permet principalement aux propri\u00e9taires de sites web d&rsquo;analyser les interactions de leurs utilisateurs avec leur site. Il active \u00e9galement les cookies sur le domaine du site que vous visitez et utilise un ensemble de cookies appel\u00e9s \u00ab&nbsp;utma&nbsp;\u00bb et \u00ab&nbsp;utmz&nbsp;\u00bb pour collecter des informations de mani\u00e8re anonyme et g\u00e9n\u00e9rer des rapports sur les tendances du site web, sans identifier les utilisateurs.<\/p><p>Nous utilisons des cookies pour compiler des statistiques sur l&rsquo;utilisation de ce site web, comprendre le taux de visites r\u00e9p\u00e9t\u00e9es et les contenus les plus int\u00e9ressants de nos visiteurs. Ainsi, nous pouvons concentrer nos efforts sur l&rsquo;am\u00e9lioration des zones les plus visit\u00e9es et permettre aux utilisateurs de trouver plus facilement ce qu&rsquo;ils recherchent. Ce site web peut utiliser les informations relatives \u00e0 votre visite pour r\u00e9aliser des \u00e9valuations et des calculs statistiques bas\u00e9s sur des donn\u00e9es anonymes, ainsi que pour assurer la continuit\u00e9 du service ou apporter des am\u00e9liorations aux sites web.  <a><br><\/a><\/p><p><b>Comment g\u00e9rer les cookies dans votre groupe&nbsp;: d\u00e9sactiver et supprimer les cookies<\/b><\/p><p>Tous les navigateurs Internet offrent la possibilit\u00e9 de limiter le comportement des cookies ou de les d\u00e9sactiver dans leurs param\u00e8tres. La proc\u00e9dure \u00e0 suivre varie selon le navigateur&nbsp;; vous trouverez des instructions dans le menu d&rsquo;aide de votre navigateur. <\/p><p>Si vous n&rsquo;acceptez pas l&rsquo;utilisation de cookies, ce que vous pouvez refuser via les pr\u00e9f\u00e9rences ou les menus de param\u00e8tres de votre navigateur, ce site Web continuera \u00e0 fonctionner correctement sans eux.<\/p><p>Vous pouvez autoriser, bloquer ou supprimer les cookies install\u00e9s sur votre ordinateur en configurant les options du navigateur install\u00e9 sur votre ordinateur.<\/p><p>Si vous souhaitez plus d&rsquo;informations sur Chrome, cliquez <a href=\"https:\/\/support.google.com\/chrome\/answer\/95647?HL=es\" target=\"blank\">ici<\/a> .<br> Pour plus d&rsquo;informations sur Safari, cliquez <a href=\"https:\/\/support.apple.com\/es-es\/guide\/safari\/sfri11471\/mac\" target=\"blank\">ici<\/a> .<br> Si vous souhaitez plus d&rsquo;informations sur Firefox, cliquez <a href=\"https:\/\/support.mozilla.org\/es\/kb\/habilitar-y-deshabilitar-cookies-sitios-web-rastrear-preferencias?%20Redirectslug%20=%20habilitar-y-deshabilitar-cookies-que-los-sitios-we%20&amp;%20redirectlocale%20=%20es\" target=\"blank\">ici<\/a> .<\/p><p>Gr\u00e2ce \u00e0 votre navigateur, vous pouvez \u00e9galement consulter les cookies pr\u00e9sents sur votre ordinateur et les supprimer \u00e0 tout moment. Les cookies sont des fichiers texte que vous pouvez modifier et lire. Les donn\u00e9es qu&rsquo;ils contiennent sont presque toujours chiffr\u00e9es \u00e0 l&rsquo;aide d&rsquo;une cl\u00e9 num\u00e9rique, correspondant \u00e0 une session Internet, et n&rsquo;ont donc souvent aucune signification au-del\u00e0 du site web qui les a enregistr\u00e9es.  <\/p><p><b>Consentement \u00e9clair\u00e9<\/b><\/p><p class=\"pdt15\">Veuillez noter qu&rsquo;en utilisant ce site Web, vous nous donnez votre consentement expr\u00e8s et sans \u00e9quivoque \u00e0 l&rsquo;utilisation de cookies, dans les conditions d\u00e9finies dans la pr\u00e9sente politique de cookies, sans pr\u00e9judice des mesures que vous pouvez prendre pour d\u00e9sactiver et supprimer les cookies, comme mentionn\u00e9 dans la section pr\u00e9c\u00e9dente.<\/p><\/div><\/div><\/div>\t\t\t\t\t\t\t\t<\/div>\n\t\t\t\t<\/div>\n\t\t\t\t\t<\/div>\n\t\t<\/div>\n\t\t\t\t\t<\/div>\n\t\t<\/section>\n\t\t\t\t<\/div>\n\t\t","protected":false},"excerpt":{"rendered":"<p>Politique relative aux cookies Un cookie est un fichier texte stock\u00e9 sur un ordinateur ou un appareil mobile par un serveur web. Seul ce serveur peut r\u00e9cup\u00e9rer ou lire son contenu. Il permet au site web de m\u00e9moriser vos pr\u00e9f\u00e9rences de navigation et de naviguer plus efficacement. Les cookies simplifient et acc\u00e9l\u00e8rent l&rsquo;interaction entre l&rsquo;utilisateur [&hellip;]<\/p>\n","protected":false},"author":1,"featured_media":0,"parent":0,"menu_order":0,"comment_status":"closed","ping_status":"closed","template":"","meta":{"footnotes":""},"class_list":["post-32837","page","type-page","status-publish","hentry"],"yoast_head":"<!-- This site is optimized with the Yoast SEO plugin v26.4 - https:\/\/yoast.com\/wordpress\/plugins\/seo\/ -->\n<title>Politique relative aux cookies - Urdu\u00f1a Herri Eskola<\/title>\n<meta name=\"robots\" content=\"index, follow, max-snippet:-1, max-image-preview:large, max-video-preview:-1\" \/>\n<link rel=\"canonical\" href=\"https:\/\/xn--urduaherrieskola-9tb.eus\/fr\/politique-relative-aux-cookies\/\" \/>\n<meta property=\"og:locale\" content=\"fr_FR\" \/>\n<meta property=\"og:type\" content=\"article\" \/>\n<meta property=\"og:title\" content=\"Politique relative aux cookies - Urdu\u00f1a Herri Eskola\" \/>\n<meta property=\"og:description\" content=\"Politique relative aux cookies Un cookie est un fichier texte stock\u00e9 sur un ordinateur ou un appareil mobile par un serveur web. Seul ce serveur peut r\u00e9cup\u00e9rer ou lire son contenu. Il permet au site web de m\u00e9moriser vos pr\u00e9f\u00e9rences de navigation et de naviguer plus efficacement. Les cookies simplifient et acc\u00e9l\u00e8rent l&rsquo;interaction entre l&rsquo;utilisateur [&hellip;]\" \/>\n<meta property=\"og:url\" content=\"https:\/\/xn--urduaherrieskola-9tb.eus\/fr\/politique-relative-aux-cookies\/\" \/>\n<meta property=\"og:site_name\" content=\"Urdu\u00f1a Herri Eskola\" \/>\n<meta property=\"article:modified_time\" content=\"2025-10-08T07:02:54+00:00\" \/>\n<meta property=\"og:image\" content=\"https:\/\/xn--urduaherrieskola-9tb.eus\/wp-content\/uploads\/2019\/09\/UHE_Logotipoa_HORIZONTAL.png\" \/>\n\t<meta property=\"og:image:width\" content=\"1608\" \/>\n\t<meta property=\"og:image:height\" content=\"927\" \/>\n\t<meta property=\"og:image:type\" content=\"image\/png\" \/>\n<meta name=\"twitter:card\" content=\"summary_large_image\" \/>\n<meta name=\"twitter:label1\" content=\"Dur\u00e9e de lecture estim\u00e9e\" \/>\n\t<meta name=\"twitter:data1\" content=\"6 minutes\" \/>\n<script type=\"application\/ld+json\" class=\"yoast-schema-graph\">{\"@context\":\"https:\/\/schema.org\",\"@graph\":[{\"@type\":\"WebPage\",\"@id\":\"https:\/\/xn--urduaherrieskola-9tb.eus\/fr\/politique-relative-aux-cookies\/\",\"url\":\"https:\/\/xn--urduaherrieskola-9tb.eus\/fr\/politique-relative-aux-cookies\/\",\"name\":\"Politique relative aux cookies - Urdu\u00f1a Herri Eskola\",\"isPartOf\":{\"@id\":\"https:\/\/xn--urduaherrieskola-9tb.eus\/fr\/#website\"},\"datePublished\":\"2025-05-22T12:57:06+00:00\",\"dateModified\":\"2025-10-08T07:02:54+00:00\",\"breadcrumb\":{\"@id\":\"https:\/\/xn--urduaherrieskola-9tb.eus\/fr\/politique-relative-aux-cookies\/#breadcrumb\"},\"inLanguage\":\"fr-FR\",\"potentialAction\":[{\"@type\":\"ReadAction\",\"target\":[\"https:\/\/xn--urduaherrieskola-9tb.eus\/fr\/politique-relative-aux-cookies\/\"]}]},{\"@type\":\"BreadcrumbList\",\"@id\":\"https:\/\/xn--urduaherrieskola-9tb.eus\/fr\/politique-relative-aux-cookies\/#breadcrumb\",\"itemListElement\":[{\"@type\":\"ListItem\",\"position\":1,\"name\":\"Home\",\"item\":\"https:\/\/xn--urduaherrieskola-9tb.eus\/fr\/maison\/\"},{\"@type\":\"ListItem\",\"position\":2,\"name\":\"Politique relative aux cookies\"}]},{\"@type\":\"WebSite\",\"@id\":\"https:\/\/xn--urduaherrieskola-9tb.eus\/fr\/#website\",\"url\":\"https:\/\/xn--urduaherrieskola-9tb.eus\/fr\/\",\"name\":\"Urdu\u00f1a Herri Eskola\",\"description\":\"\",\"publisher\":{\"@id\":\"https:\/\/xn--urduaherrieskola-9tb.eus\/fr\/#organization\"},\"potentialAction\":[{\"@type\":\"SearchAction\",\"target\":{\"@type\":\"EntryPoint\",\"urlTemplate\":\"https:\/\/xn--urduaherrieskola-9tb.eus\/fr\/?s={search_term_string}\"},\"query-input\":{\"@type\":\"PropertyValueSpecification\",\"valueRequired\":true,\"valueName\":\"search_term_string\"}}],\"inLanguage\":\"fr-FR\"},{\"@type\":\"Organization\",\"@id\":\"https:\/\/xn--urduaherrieskola-9tb.eus\/fr\/#organization\",\"name\":\"Urdu\u00f1a Herri Eskola\",\"url\":\"https:\/\/xn--urduaherrieskola-9tb.eus\/fr\/\",\"logo\":{\"@type\":\"ImageObject\",\"inLanguage\":\"fr-FR\",\"@id\":\"https:\/\/xn--urduaherrieskola-9tb.eus\/fr\/#\/schema\/logo\/image\/\",\"url\":\"https:\/\/xn--urduaherrieskola-9tb.eus\/wp-content\/uploads\/2019\/09\/UHE_Logotipoa_HORIZONTAL.png\",\"contentUrl\":\"https:\/\/xn--urduaherrieskola-9tb.eus\/wp-content\/uploads\/2019\/09\/UHE_Logotipoa_HORIZONTAL.png\",\"width\":1608,\"height\":927,\"caption\":\"Urdu\u00f1a Herri Eskola\"},\"image\":{\"@id\":\"https:\/\/xn--urduaherrieskola-9tb.eus\/fr\/#\/schema\/logo\/image\/\"}}]}<\/script>\n<!-- \/ Yoast SEO plugin. -->","yoast_head_json":{"title":"Politique relative aux cookies - Urdu\u00f1a Herri Eskola","robots":{"index":"index","follow":"follow","max-snippet":"max-snippet:-1","max-image-preview":"max-image-preview:large","max-video-preview":"max-video-preview:-1"},"canonical":"https:\/\/xn--urduaherrieskola-9tb.eus\/fr\/politique-relative-aux-cookies\/","og_locale":"fr_FR","og_type":"article","og_title":"Politique relative aux cookies - Urdu\u00f1a Herri Eskola","og_description":"Politique relative aux cookies Un cookie est un fichier texte stock\u00e9 sur un ordinateur ou un appareil mobile par un serveur web. Seul ce serveur peut r\u00e9cup\u00e9rer ou lire son contenu. Il permet au site web de m\u00e9moriser vos pr\u00e9f\u00e9rences de navigation et de naviguer plus efficacement. Les cookies simplifient et acc\u00e9l\u00e8rent l&rsquo;interaction entre l&rsquo;utilisateur [&hellip;]","og_url":"https:\/\/xn--urduaherrieskola-9tb.eus\/fr\/politique-relative-aux-cookies\/","og_site_name":"Urdu\u00f1a Herri Eskola","article_modified_time":"2025-10-08T07:02:54+00:00","og_image":[{"width":1608,"height":927,"url":"https:\/\/xn--urduaherrieskola-9tb.eus\/wp-content\/uploads\/2019\/09\/UHE_Logotipoa_HORIZONTAL.png","type":"image\/png"}],"twitter_card":"summary_large_image","twitter_misc":{"Dur\u00e9e de lecture estim\u00e9e":"6 minutes"},"schema":{"@context":"https:\/\/schema.org","@graph":[{"@type":"WebPage","@id":"https:\/\/xn--urduaherrieskola-9tb.eus\/fr\/politique-relative-aux-cookies\/","url":"https:\/\/xn--urduaherrieskola-9tb.eus\/fr\/politique-relative-aux-cookies\/","name":"Politique relative aux cookies - Urdu\u00f1a Herri Eskola","isPartOf":{"@id":"https:\/\/xn--urduaherrieskola-9tb.eus\/fr\/#website"},"datePublished":"2025-05-22T12:57:06+00:00","dateModified":"2025-10-08T07:02:54+00:00","breadcrumb":{"@id":"https:\/\/xn--urduaherrieskola-9tb.eus\/fr\/politique-relative-aux-cookies\/#breadcrumb"},"inLanguage":"fr-FR","potentialAction":[{"@type":"ReadAction","target":["https:\/\/xn--urduaherrieskola-9tb.eus\/fr\/politique-relative-aux-cookies\/"]}]},{"@type":"BreadcrumbList","@id":"https:\/\/xn--urduaherrieskola-9tb.eus\/fr\/politique-relative-aux-cookies\/#breadcrumb","itemListElement":[{"@type":"ListItem","position":1,"name":"Home","item":"https:\/\/xn--urduaherrieskola-9tb.eus\/fr\/maison\/"},{"@type":"ListItem","position":2,"name":"Politique relative aux cookies"}]},{"@type":"WebSite","@id":"https:\/\/xn--urduaherrieskola-9tb.eus\/fr\/#website","url":"https:\/\/xn--urduaherrieskola-9tb.eus\/fr\/","name":"Urdu\u00f1a Herri Eskola","description":"","publisher":{"@id":"https:\/\/xn--urduaherrieskola-9tb.eus\/fr\/#organization"},"potentialAction":[{"@type":"SearchAction","target":{"@type":"EntryPoint","urlTemplate":"https:\/\/xn--urduaherrieskola-9tb.eus\/fr\/?s={search_term_string}"},"query-input":{"@type":"PropertyValueSpecification","valueRequired":true,"valueName":"search_term_string"}}],"inLanguage":"fr-FR"},{"@type":"Organization","@id":"https:\/\/xn--urduaherrieskola-9tb.eus\/fr\/#organization","name":"Urdu\u00f1a Herri Eskola","url":"https:\/\/xn--urduaherrieskola-9tb.eus\/fr\/","logo":{"@type":"ImageObject","inLanguage":"fr-FR","@id":"https:\/\/xn--urduaherrieskola-9tb.eus\/fr\/#\/schema\/logo\/image\/","url":"https:\/\/xn--urduaherrieskola-9tb.eus\/wp-content\/uploads\/2019\/09\/UHE_Logotipoa_HORIZONTAL.png","contentUrl":"https:\/\/xn--urduaherrieskola-9tb.eus\/wp-content\/uploads\/2019\/09\/UHE_Logotipoa_HORIZONTAL.png","width":1608,"height":927,"caption":"Urdu\u00f1a Herri Eskola"},"image":{"@id":"https:\/\/xn--urduaherrieskola-9tb.eus\/fr\/#\/schema\/logo\/image\/"}}]}},"_links":{"self":[{"href":"https:\/\/xn--urduaherrieskola-9tb.eus\/fr\/wp-json\/wp\/v2\/pages\/32837","targetHints":{"allow":["GET"]}}],"collection":[{"href":"https:\/\/xn--urduaherrieskola-9tb.eus\/fr\/wp-json\/wp\/v2\/pages"}],"about":[{"href":"https:\/\/xn--urduaherrieskola-9tb.eus\/fr\/wp-json\/wp\/v2\/types\/page"}],"author":[{"embeddable":true,"href":"https:\/\/xn--urduaherrieskola-9tb.eus\/fr\/wp-json\/wp\/v2\/users\/1"}],"replies":[{"embeddable":true,"href":"https:\/\/xn--urduaherrieskola-9tb.eus\/fr\/wp-json\/wp\/v2\/comments?post=32837"}],"version-history":[{"count":1,"href":"https:\/\/xn--urduaherrieskola-9tb.eus\/fr\/wp-json\/wp\/v2\/pages\/32837\/revisions"}],"predecessor-version":[{"id":32838,"href":"https:\/\/xn--urduaherrieskola-9tb.eus\/fr\/wp-json\/wp\/v2\/pages\/32837\/revisions\/32838"}],"wp:attachment":[{"href":"https:\/\/xn--urduaherrieskola-9tb.eus\/fr\/wp-json\/wp\/v2\/media?parent=32837"}],"curies":[{"name":"wp","href":"https:\/\/api.w.org\/{rel}","templated":true}]}}