{"id":32824,"date":"2025-05-22T15:31:08","date_gmt":"2025-05-22T13:31:08","guid":{"rendered":"https:\/\/xn--urduaherrieskola-9tb.eus\/politique-de-confidentialite\/"},"modified":"2025-10-08T09:02:30","modified_gmt":"2025-10-08T07:02:30","slug":"politique-de-confidentialite","status":"publish","type":"page","link":"https:\/\/xn--urduaherrieskola-9tb.eus\/fr\/politique-de-confidentialite\/","title":{"rendered":"politique de confidentialit\u00e9"},"content":{"rendered":"\t\t<div data-elementor-type=\"wp-page\" data-elementor-id=\"32824\" class=\"elementor elementor-32824 elementor-29939\">\n\t\t\t\t\t\t<section class=\"elementor-section elementor-top-section elementor-element elementor-element-cbebac4 elementor-section-boxed elementor-section-height-default elementor-section-height-default\" data-id=\"cbebac4\" data-element_type=\"section\">\n\t\t\t\t\t\t<div class=\"elementor-container elementor-column-gap-default\">\n\t\t\t\t\t<div class=\"elementor-column elementor-col-100 elementor-top-column elementor-element elementor-element-6ef4073\" data-id=\"6ef4073\" data-element_type=\"column\">\n\t\t\t<div class=\"elementor-widget-wrap elementor-element-populated\">\n\t\t\t\t\t\t<div class=\"elementor-element elementor-element-aa9d1bd elementor-widget elementor-widget-text-editor\" data-id=\"aa9d1bd\" data-element_type=\"widget\" data-widget_type=\"text-editor.default\">\n\t\t\t\t<div class=\"elementor-widget-container\">\n\t\t\t\t\t\t\t\t\t<p data-start=\"81\" data-end=\"489\"><strong data-start=\"81\" data-end=\"222\">Chez Urdu\u00f1a Herri Eskola, nous traitons les donn\u00e9es personnelles de mani\u00e8re responsable et respectons strictement la r\u00e9glementation en vigueur en mati\u00e8re de protection des donn\u00e9es<\/strong> , notamment le r\u00e8glement 2016\/679 du Parlement europ\u00e9en et du Conseil du 27 avril 2016 (r\u00e8glement g\u00e9n\u00e9ral sur la protection des donn\u00e9es ou RGPD) et la loi organique 3\/2018 du 5 d\u00e9cembre, sur la protection des donn\u00e9es personnelles et la garantie des droits num\u00e9riques.<\/p><hr data-start=\"491\" data-end=\"494\"><p data-start=\"496\" data-end=\"535\"><strong>1. Responsable du traitement des donn\u00e9es<\/strong><\/p><p data-start=\"537\" data-end=\"755\"><strong data-start=\"537\" data-end=\"550\">Organisation<\/strong> : \u00c9cole publique d&rsquo;Ordu\u00f1a<br data-start=\"601\" data-end=\"604\"> <strong data-start=\"604\" data-end=\"616\">Adresse<\/strong> : San Francisco 3, 48460 Ordu\u00f1a, Bizkaia<br data-start=\"665\" data-end=\"668\"> <strong data-start=\"668\" data-end=\"681\">T\u00e9l\u00e9phone<\/strong> : 945 383 504<br data-start=\"700\" data-end=\"703\"> <strong data-start=\"703\" data-end=\"725\">Courriel<\/strong> : 014379aa@hezkuntza.net<\/p><hr data-start=\"757\" data-end=\"760\"><p data-start=\"762\" data-end=\"803\"><strong>2. Principes du traitement des donn\u00e9es<\/strong><\/p><p data-start=\"805\" data-end=\"885\">Nous respectons les principes suivants \u00e9tablis par le RGPD lors du traitement des donn\u00e9es personnelles :<\/p><ul data-start=\"887\" data-end=\"1755\"><li data-start=\"887\" data-end=\"1128\"><p data-start=\"889\" data-end=\"1128\"><strong data-start=\"889\" data-end=\"935\">Lic\u00e9it\u00e9, loyaut\u00e9 et transparence<\/strong> : Les donn\u00e9es sont trait\u00e9es de mani\u00e8re licite, loyale et transparente, avec le consentement de la personne concern\u00e9e ou pour se conformer \u00e0 des obligations l\u00e9gales, ex\u00e9cuter un contrat ou prot\u00e9ger un int\u00e9r\u00eat juridique l\u00e9gitime.<\/p><\/li><li data-start=\"1130\" data-end=\"1230\"><p data-start=\"1132\" data-end=\"1230\"><strong data-start=\"1132\" data-end=\"1154\">Limitation des finalit\u00e9s<\/strong> : Les donn\u00e9es ne seront utilis\u00e9es qu\u2019aux fins \u00e9nonc\u00e9es dans la pr\u00e9sente politique.<\/p><\/li><li data-start=\"1232\" data-end=\"1382\"><p data-start=\"1234\" data-end=\"1382\"><strong data-start=\"1234\" data-end=\"1257\">Minimisation des donn\u00e9es<\/strong> : Seules les donn\u00e9es demand\u00e9es sont collect\u00e9es, strictement n\u00e9cessaires \u00e0 la gestion et \u00e0 la communication des activit\u00e9s de l&rsquo;\u00e9cole.<\/p><\/li><li data-start=\"1384\" data-end=\"1524\"><p data-start=\"1386\" data-end=\"1524\"><strong data-start=\"1386\" data-end=\"1401\">Exactitude<\/strong>&nbsp;: Les donn\u00e9es sont tenues \u00e0 jour et exactes. Les utilisateurs ou les parties int\u00e9ress\u00e9es doivent signaler toute modification des donn\u00e9es. <\/p><\/li><li data-start=\"1526\" data-end=\"1635\"><p data-start=\"1528\" data-end=\"1635\"><strong data-start=\"1528\" data-end=\"1561\">Limitation de la dur\u00e9e de conservation<\/strong> : Les donn\u00e9es ne seront conserv\u00e9es que pendant la dur\u00e9e n\u00e9cessaire, apr\u00e8s quoi elles seront supprim\u00e9es.<\/p><\/li><li data-start=\"1637\" data-end=\"1755\"><p data-start=\"1639\" data-end=\"1755\"><strong data-start=\"1639\" data-end=\"1676\">Int\u00e9grit\u00e9 et confidentialit\u00e9<\/strong> : Des mesures techniques et organisationnelles appropri\u00e9es sont prises pour prot\u00e9ger les donn\u00e9es.<\/p><\/li><\/ul><hr data-start=\"1757\" data-end=\"1760\"><p data-start=\"1762\" data-end=\"1808\"><strong>3. Cat\u00e9gories de donn\u00e9es personnelles trait\u00e9es<\/strong><\/p><p data-start=\"1810\" data-end=\"1867\">Les donn\u00e9es trait\u00e9es sont les suivantes, fournies par les utilisateurs :<\/p><ul data-start=\"1869\" data-end=\"2135\"><li data-start=\"1869\" data-end=\"1988\"><p data-start=\"1871\" data-end=\"1988\"><strong data-start=\"1871\" data-end=\"1927\">Donn\u00e9es collect\u00e9es via le formulaire de contact<\/strong> : Nom, adresse email, num\u00e9ro de t\u00e9l\u00e9phone et contenu du message.<\/p><\/li><li data-start=\"1989\" data-end=\"2135\"><p data-start=\"1991\" data-end=\"2135\"><strong data-start=\"1991\" data-end=\"2044\">Donn\u00e9es relatives aux inscriptions ou aux proc\u00e9dures scolaires<\/strong> : Donn\u00e9es de l&rsquo;\u00e9l\u00e8ve et du tuteur familial, inscriptions, permis et autres documents.<\/p><\/li><\/ul><p data-start=\"2137\" data-end=\"2318\">Les donn\u00e9es particuli\u00e8res (relatives \u00e0 la sant\u00e9, \u00e0 l&rsquo;affiliation syndicale ou au casier judiciaire) ne sont pas trait\u00e9es, sauf si cela est n\u00e9cessaire et si le consentement explicite correspondant est obtenu.<\/p><hr data-start=\"2320\" data-end=\"2323\"><p data-start=\"2325\" data-end=\"2347\"><strong>4. Origine des donn\u00e9es<\/strong><\/p><p data-start=\"2349\" data-end=\"2486\">Les donn\u00e9es personnelles sont fournies directement par les int\u00e9ress\u00e9s ou leurs repr\u00e9sentants, via des formulaires num\u00e9riques, par t\u00e9l\u00e9phone ou par courrier \u00e9lectronique.<\/p><hr data-start=\"2488\" data-end=\"2491\"><p data-start=\"2493\" data-end=\"2530\"><strong>5. Finalit\u00e9 du traitement des donn\u00e9es<\/strong><\/p><p data-start=\"2532\" data-end=\"2587\">Les donn\u00e9es personnelles sont trait\u00e9es pour les finalit\u00e9s suivantes :<\/p><ul data-start=\"2589\" data-end=\"2846\"><li data-start=\"2589\" data-end=\"2676\"><p data-start=\"2591\" data-end=\"2676\">Formulaire de contact : Pour g\u00e9rer les demandes de renseignements, requ\u00eates ou demandes d&rsquo;informations.<\/p><\/li><li data-start=\"2677\" data-end=\"2776\"><p data-start=\"2679\" data-end=\"2776\">Proc\u00e9dures li\u00e9es aux activit\u00e9s scolaires : G\u00e9rer les inscriptions, les permis et la communication familiale.<\/p><\/li><li data-start=\"2777\" data-end=\"2846\"><p data-start=\"2779\" data-end=\"2846\">Recevoir et r\u00e9pondre aux suggestions, plaintes ou \u00e9valuations.<\/p><\/li><\/ul><p data-start=\"2848\" data-end=\"2902\">Aucun traitement automatis\u00e9 des profils n&rsquo;est effectu\u00e9.<\/p><hr data-start=\"2904\" data-end=\"2907\"><p data-start=\"2909\" data-end=\"2948\"><strong>6. Base juridique du traitement<\/strong><\/p><p data-start=\"2950\" data-end=\"2984\">Le traitement des donn\u00e9es est bas\u00e9 sur :<\/p><ul data-start=\"2986\" data-end=\"3200\"><li data-start=\"2986\" data-end=\"3077\"><p data-start=\"2988\" data-end=\"3077\"><strong data-start=\"3003\" data-end=\"3016\">Avec le consentement<\/strong> de l&rsquo;int\u00e9ress\u00e9, pour recevoir des demandes de renseignements ou des messages via le formulaire de contact.<\/p><\/li><li data-start=\"3078\" data-end=\"3200\"><p data-start=\"3080\" data-end=\"3200\">Lorsque <strong data-start=\"3080\" data-end=\"3113\">la gestion des activit\u00e9s \u00e9ducatives<\/strong> est n\u00e9cessaire pour respecter des obligations l\u00e9gales ou pour prot\u00e9ger un int\u00e9r\u00eat l\u00e9gitime.<\/p><\/li><\/ul><hr data-start=\"3202\" data-end=\"3205\"><p data-start=\"3207\" data-end=\"3232\"><strong>7. Destinataires des donn\u00e9es<\/strong><\/p><p data-start=\"3234\" data-end=\"3466\">Les donn\u00e9es ne sont pas c\u00e9d\u00e9es \u00e0 des tiers, sauf lorsque cela est n\u00e9cessaire pour respecter une obligation l\u00e9gale ou pour fournir des services scolaires (comme les administrations \u00e9ducatives, les compagnies d&rsquo;assurance, les soci\u00e9t\u00e9s qui g\u00e8rent la caf\u00e9t\u00e9ria ou les transports, etc.).<\/p><hr data-start=\"3468\" data-end=\"3471\"><p data-start=\"3473\" data-end=\"3497\"><strong>8. P\u00e9riode de conservation<\/strong><\/p><p data-start=\"3499\" data-end=\"3614\">Les donn\u00e9es seront conserv\u00e9es aussi longtemps que n\u00e9cessaire, puis pendant les dur\u00e9es requises pour respecter les d\u00e9lais l\u00e9gaux applicables.<\/p><p data-start=\"3621\" data-end=\"3653\"><strong>9. Droits des utilisateurs<\/strong><\/p><p data-start=\"3655\" data-end=\"3700\">Les utilisateurs disposent des droits suivants :<\/p><ul data-start=\"3702\" data-end=\"4180\"><li data-start=\"3702\" data-end=\"3764\"><p data-start=\"3704\" data-end=\"3764\"><strong data-start=\"3704\" data-end=\"3727\">Droit d\u2019acc\u00e8s<\/strong> : Savoir quelles donn\u00e9es sont trait\u00e9es.<\/p><\/li><li data-start=\"3765\" data-end=\"3832\"><p data-start=\"3767\" data-end=\"3832\"><strong data-start=\"3767\" data-end=\"3791\">Droit de rectification<\/strong> : Modifier des donn\u00e9es erron\u00e9es ou incompl\u00e8tes.<\/p><\/li><li data-start=\"3833\" data-end=\"3926\"><p data-start=\"3835\" data-end=\"3926\"><strong data-start=\"3835\" data-end=\"3880\">Droit \u00e0 l\u2019effacement (droit \u00e0 l\u2019oubli)<\/strong> : Supprimer des donn\u00e9es lorsqu\u2019elles ne sont plus n\u00e9cessaires.<\/p><\/li><li data-start=\"3927\" data-end=\"4004\"><p data-start=\"3929\" data-end=\"4004\"><strong data-start=\"3929\" data-end=\"3964\">Droit \u00e0 la limitation du traitement<\/strong> : De limiter le traitement dans certains cas.<\/p><\/li><li data-start=\"4005\" data-end=\"4101\"><p data-start=\"4007\" data-end=\"4101\"><strong data-start=\"4007\" data-end=\"4025\">Portabilit\u00e9<\/strong> : Collecte de donn\u00e9es dans une structure sp\u00e9cifique et leur transmission \u00e0 un autre responsable de traitement.<\/p><\/li><li data-start=\"4102\" data-end=\"4180\"><p data-start=\"4104\" data-end=\"4180\"><strong data-start=\"4104\" data-end=\"4130\">Droit d\u2019opposition<\/strong> : S\u2019opposer au traitement des donn\u00e9es dans certains cas.<\/p><\/li><\/ul><hr data-start=\"4182\" data-end=\"4185\"><p data-start=\"4187\" data-end=\"4218\"><strong>10. Comment exercer vos droits<\/strong><\/p><p data-start=\"4220\" data-end=\"4354\">Pour exercer ces droits, les int\u00e9ress\u00e9s doivent adresser une demande par courrier ordinaire ou par courrier \u00e9lectronique \u00e0 l&rsquo;adresse suivante :<\/p><p data-start=\"4356\" data-end=\"4450\"><strong data-start=\"4356\" data-end=\"4368\">Adresse<\/strong> : Rue Foru 20, 48460 Ordu\u00f1a (Bizkaia)<br data-start=\"4407\" data-end=\"4410\"> <strong data-start=\"4410\" data-end=\"4420\">Courriel<\/strong> : [saisir l&rsquo;adresse courriel]<\/p><p data-start=\"4452\" data-end=\"4525\">L&rsquo;\u00e9cole r\u00e9pondra dans les d\u00e9lais \u00e9tablis par la r\u00e9glementation en vigueur.<\/p><hr data-start=\"4527\" data-end=\"4530\"><p data-start=\"4532\" data-end=\"4592\"><strong>11. Plaintes aupr\u00e8s de l&rsquo;Agence espagnole de protection des donn\u00e9es<\/strong><\/p><p data-start=\"4594\" data-end=\"4685\">Si vous estimez que le traitement de vos donn\u00e9es n&rsquo;a pas \u00e9t\u00e9 effectu\u00e9 correctement, vous pouvez d\u00e9poser une plainte :<\/p><ul data-start=\"4687\" data-end=\"4790\"><li data-start=\"4687\" data-end=\"4739\"><p data-start=\"4689\" data-end=\"4739\"><strong data-start=\"4689\" data-end=\"4701\">Site Web<\/strong> : <a class=\"\" href=\"https:\/\/www.aepd.es\" target=\"_new\" rel=\"noopener\" data-start=\"4703\" data-end=\"4737\">www.aepd.es<\/a><\/p><\/li><li data-start=\"4740\" data-end=\"4790\"><p data-start=\"4742\" data-end=\"4790\"><strong data-start=\"4742\" data-end=\"4754\">Adresse<\/strong> : Rue Jorge Juan, 6 \u2013 28001 Madrid<\/p><\/li><\/ul><hr data-start=\"4792\" data-end=\"4795\"><p data-start=\"4797\" data-end=\"4816\"><strong>12. S\u00e9curit\u00e9<\/strong><\/p><p data-start=\"4818\" data-end=\"4938\">L&rsquo;\u00e9cole a mis en \u0153uvre des mesures techniques et organisationnelles appropri\u00e9es pour prot\u00e9ger les donn\u00e9es personnelles conform\u00e9ment \u00e0 l&rsquo;article 32 du RGPD. <\/p><hr data-start=\"4940\" data-end=\"4943\"><p data-start=\"4945\" data-end=\"4978\"><strong>13. Obligation de confidentialit\u00e9<\/strong><\/p><p data-start=\"4980\" data-end=\"5132\">Tous les employ\u00e9s et collaborateurs de l\u2019\u00e9cole qui ont acc\u00e8s aux donn\u00e9es personnelles sont tenus de maintenir la confidentialit\u00e9, m\u00eame apr\u00e8s la fin de la relation de travail.<\/p><hr data-start=\"5134\" data-end=\"5137\"><p data-start=\"5139\" data-end=\"5177\"><strong>14. Utilisation du site Web par des mineurs<\/strong><\/p><p data-start=\"5179\" data-end=\"5277\">Des informations d\u00e9taill\u00e9es sur l&rsquo;utilisation du site par les mineurs peuvent \u00eatre consult\u00e9es <strong data-start=\"5241\" data-end=\"5258\">dans les Mentions L\u00e9gales<\/strong> .<\/p><hr data-start=\"5279\" data-end=\"5282\"><p data-start=\"5284\" data-end=\"5301\"><strong>15. Cookies<\/strong><\/p><p data-start=\"5303\" data-end=\"5471\">Les cookies sont utilis\u00e9s pour faciliter la navigation et m\u00e9moriser les pr\u00e9f\u00e9rences des utilisateurs. Pour plus d&rsquo;informations, veuillez consulter <strong data-start=\"5439\" data-end=\"5470\">la politique de cookies du site web<\/strong> . <\/p><p data-start=\"5473\" data-end=\"5521\"><strong data-start=\"5473\" data-end=\"5521\">Texte mis \u00e0 jour : 10 f\u00e9vrier 2025.<\/strong><\/p>\t\t\t\t\t\t\t\t<\/div>\n\t\t\t\t<\/div>\n\t\t\t\t\t<\/div>\n\t\t<\/div>\n\t\t\t\t\t<\/div>\n\t\t<\/section>\n\t\t\t\t<\/div>\n\t\t","protected":false},"excerpt":{"rendered":"<p>Chez Urdu\u00f1a Herri Eskola, nous traitons les donn\u00e9es personnelles de mani\u00e8re responsable et respectons strictement la r\u00e9glementation en vigueur en mati\u00e8re de protection des donn\u00e9es , notamment le r\u00e8glement 2016\/679 du Parlement europ\u00e9en et du Conseil du 27 avril 2016 (r\u00e8glement g\u00e9n\u00e9ral sur la protection des donn\u00e9es ou RGPD) et la loi organique 3\/2018 du [&hellip;]<\/p>\n","protected":false},"author":1,"featured_media":0,"parent":0,"menu_order":0,"comment_status":"closed","ping_status":"closed","template":"","meta":{"footnotes":""},"class_list":["post-32824","page","type-page","status-publish","hentry"],"yoast_head":"<!-- This site is optimized with the Yoast SEO plugin v26.4 - https:\/\/yoast.com\/wordpress\/plugins\/seo\/ -->\n<title>politique de confidentialit\u00e9 - Urdu\u00f1a Herri Eskola<\/title>\n<meta name=\"robots\" content=\"index, follow, max-snippet:-1, max-image-preview:large, max-video-preview:-1\" \/>\n<link rel=\"canonical\" href=\"https:\/\/xn--urduaherrieskola-9tb.eus\/fr\/politique-de-confidentialite\/\" \/>\n<meta property=\"og:locale\" content=\"fr_FR\" \/>\n<meta property=\"og:type\" content=\"article\" \/>\n<meta property=\"og:title\" content=\"politique de confidentialit\u00e9 - Urdu\u00f1a Herri Eskola\" \/>\n<meta property=\"og:description\" content=\"Chez Urdu\u00f1a Herri Eskola, nous traitons les donn\u00e9es personnelles de mani\u00e8re responsable et respectons strictement la r\u00e9glementation en vigueur en mati\u00e8re de protection des donn\u00e9es , notamment le r\u00e8glement 2016\/679 du Parlement europ\u00e9en et du Conseil du 27 avril 2016 (r\u00e8glement g\u00e9n\u00e9ral sur la protection des donn\u00e9es ou RGPD) et la loi organique 3\/2018 du [&hellip;]\" \/>\n<meta property=\"og:url\" content=\"https:\/\/xn--urduaherrieskola-9tb.eus\/fr\/politique-de-confidentialite\/\" \/>\n<meta property=\"og:site_name\" content=\"Urdu\u00f1a Herri Eskola\" \/>\n<meta property=\"article:modified_time\" content=\"2025-10-08T07:02:30+00:00\" \/>\n<meta property=\"og:image\" content=\"https:\/\/xn--urduaherrieskola-9tb.eus\/wp-content\/uploads\/2019\/09\/UHE_Logotipoa_HORIZONTAL.png\" \/>\n\t<meta property=\"og:image:width\" content=\"1608\" \/>\n\t<meta property=\"og:image:height\" content=\"927\" \/>\n\t<meta property=\"og:image:type\" content=\"image\/png\" \/>\n<meta name=\"twitter:card\" content=\"summary_large_image\" \/>\n<meta name=\"twitter:label1\" content=\"Dur\u00e9e de lecture estim\u00e9e\" \/>\n\t<meta name=\"twitter:data1\" content=\"5 minutes\" \/>\n<script type=\"application\/ld+json\" class=\"yoast-schema-graph\">{\"@context\":\"https:\/\/schema.org\",\"@graph\":[{\"@type\":\"WebPage\",\"@id\":\"https:\/\/xn--urduaherrieskola-9tb.eus\/fr\/politique-de-confidentialite\/\",\"url\":\"https:\/\/xn--urduaherrieskola-9tb.eus\/fr\/politique-de-confidentialite\/\",\"name\":\"politique de confidentialit\u00e9 - Urdu\u00f1a Herri Eskola\",\"isPartOf\":{\"@id\":\"https:\/\/xn--urduaherrieskola-9tb.eus\/fr\/#website\"},\"datePublished\":\"2025-05-22T13:31:08+00:00\",\"dateModified\":\"2025-10-08T07:02:30+00:00\",\"breadcrumb\":{\"@id\":\"https:\/\/xn--urduaherrieskola-9tb.eus\/fr\/politique-de-confidentialite\/#breadcrumb\"},\"inLanguage\":\"fr-FR\",\"potentialAction\":[{\"@type\":\"ReadAction\",\"target\":[\"https:\/\/xn--urduaherrieskola-9tb.eus\/fr\/politique-de-confidentialite\/\"]}]},{\"@type\":\"BreadcrumbList\",\"@id\":\"https:\/\/xn--urduaherrieskola-9tb.eus\/fr\/politique-de-confidentialite\/#breadcrumb\",\"itemListElement\":[{\"@type\":\"ListItem\",\"position\":1,\"name\":\"Home\",\"item\":\"https:\/\/xn--urduaherrieskola-9tb.eus\/fr\/maison\/\"},{\"@type\":\"ListItem\",\"position\":2,\"name\":\"politique de confidentialit\u00e9\"}]},{\"@type\":\"WebSite\",\"@id\":\"https:\/\/xn--urduaherrieskola-9tb.eus\/fr\/#website\",\"url\":\"https:\/\/xn--urduaherrieskola-9tb.eus\/fr\/\",\"name\":\"Urdu\u00f1a Herri Eskola\",\"description\":\"\",\"publisher\":{\"@id\":\"https:\/\/xn--urduaherrieskola-9tb.eus\/fr\/#organization\"},\"potentialAction\":[{\"@type\":\"SearchAction\",\"target\":{\"@type\":\"EntryPoint\",\"urlTemplate\":\"https:\/\/xn--urduaherrieskola-9tb.eus\/fr\/?s={search_term_string}\"},\"query-input\":{\"@type\":\"PropertyValueSpecification\",\"valueRequired\":true,\"valueName\":\"search_term_string\"}}],\"inLanguage\":\"fr-FR\"},{\"@type\":\"Organization\",\"@id\":\"https:\/\/xn--urduaherrieskola-9tb.eus\/fr\/#organization\",\"name\":\"Urdu\u00f1a Herri Eskola\",\"url\":\"https:\/\/xn--urduaherrieskola-9tb.eus\/fr\/\",\"logo\":{\"@type\":\"ImageObject\",\"inLanguage\":\"fr-FR\",\"@id\":\"https:\/\/xn--urduaherrieskola-9tb.eus\/fr\/#\/schema\/logo\/image\/\",\"url\":\"https:\/\/xn--urduaherrieskola-9tb.eus\/wp-content\/uploads\/2019\/09\/UHE_Logotipoa_HORIZONTAL.png\",\"contentUrl\":\"https:\/\/xn--urduaherrieskola-9tb.eus\/wp-content\/uploads\/2019\/09\/UHE_Logotipoa_HORIZONTAL.png\",\"width\":1608,\"height\":927,\"caption\":\"Urdu\u00f1a Herri Eskola\"},\"image\":{\"@id\":\"https:\/\/xn--urduaherrieskola-9tb.eus\/fr\/#\/schema\/logo\/image\/\"}}]}<\/script>\n<!-- \/ Yoast SEO plugin. -->","yoast_head_json":{"title":"politique de confidentialit\u00e9 - Urdu\u00f1a Herri Eskola","robots":{"index":"index","follow":"follow","max-snippet":"max-snippet:-1","max-image-preview":"max-image-preview:large","max-video-preview":"max-video-preview:-1"},"canonical":"https:\/\/xn--urduaherrieskola-9tb.eus\/fr\/politique-de-confidentialite\/","og_locale":"fr_FR","og_type":"article","og_title":"politique de confidentialit\u00e9 - Urdu\u00f1a Herri Eskola","og_description":"Chez Urdu\u00f1a Herri Eskola, nous traitons les donn\u00e9es personnelles de mani\u00e8re responsable et respectons strictement la r\u00e9glementation en vigueur en mati\u00e8re de protection des donn\u00e9es , notamment le r\u00e8glement 2016\/679 du Parlement europ\u00e9en et du Conseil du 27 avril 2016 (r\u00e8glement g\u00e9n\u00e9ral sur la protection des donn\u00e9es ou RGPD) et la loi organique 3\/2018 du [&hellip;]","og_url":"https:\/\/xn--urduaherrieskola-9tb.eus\/fr\/politique-de-confidentialite\/","og_site_name":"Urdu\u00f1a Herri Eskola","article_modified_time":"2025-10-08T07:02:30+00:00","og_image":[{"width":1608,"height":927,"url":"https:\/\/xn--urduaherrieskola-9tb.eus\/wp-content\/uploads\/2019\/09\/UHE_Logotipoa_HORIZONTAL.png","type":"image\/png"}],"twitter_card":"summary_large_image","twitter_misc":{"Dur\u00e9e de lecture estim\u00e9e":"5 minutes"},"schema":{"@context":"https:\/\/schema.org","@graph":[{"@type":"WebPage","@id":"https:\/\/xn--urduaherrieskola-9tb.eus\/fr\/politique-de-confidentialite\/","url":"https:\/\/xn--urduaherrieskola-9tb.eus\/fr\/politique-de-confidentialite\/","name":"politique de confidentialit\u00e9 - Urdu\u00f1a Herri Eskola","isPartOf":{"@id":"https:\/\/xn--urduaherrieskola-9tb.eus\/fr\/#website"},"datePublished":"2025-05-22T13:31:08+00:00","dateModified":"2025-10-08T07:02:30+00:00","breadcrumb":{"@id":"https:\/\/xn--urduaherrieskola-9tb.eus\/fr\/politique-de-confidentialite\/#breadcrumb"},"inLanguage":"fr-FR","potentialAction":[{"@type":"ReadAction","target":["https:\/\/xn--urduaherrieskola-9tb.eus\/fr\/politique-de-confidentialite\/"]}]},{"@type":"BreadcrumbList","@id":"https:\/\/xn--urduaherrieskola-9tb.eus\/fr\/politique-de-confidentialite\/#breadcrumb","itemListElement":[{"@type":"ListItem","position":1,"name":"Home","item":"https:\/\/xn--urduaherrieskola-9tb.eus\/fr\/maison\/"},{"@type":"ListItem","position":2,"name":"politique de confidentialit\u00e9"}]},{"@type":"WebSite","@id":"https:\/\/xn--urduaherrieskola-9tb.eus\/fr\/#website","url":"https:\/\/xn--urduaherrieskola-9tb.eus\/fr\/","name":"Urdu\u00f1a Herri Eskola","description":"","publisher":{"@id":"https:\/\/xn--urduaherrieskola-9tb.eus\/fr\/#organization"},"potentialAction":[{"@type":"SearchAction","target":{"@type":"EntryPoint","urlTemplate":"https:\/\/xn--urduaherrieskola-9tb.eus\/fr\/?s={search_term_string}"},"query-input":{"@type":"PropertyValueSpecification","valueRequired":true,"valueName":"search_term_string"}}],"inLanguage":"fr-FR"},{"@type":"Organization","@id":"https:\/\/xn--urduaherrieskola-9tb.eus\/fr\/#organization","name":"Urdu\u00f1a Herri Eskola","url":"https:\/\/xn--urduaherrieskola-9tb.eus\/fr\/","logo":{"@type":"ImageObject","inLanguage":"fr-FR","@id":"https:\/\/xn--urduaherrieskola-9tb.eus\/fr\/#\/schema\/logo\/image\/","url":"https:\/\/xn--urduaherrieskola-9tb.eus\/wp-content\/uploads\/2019\/09\/UHE_Logotipoa_HORIZONTAL.png","contentUrl":"https:\/\/xn--urduaherrieskola-9tb.eus\/wp-content\/uploads\/2019\/09\/UHE_Logotipoa_HORIZONTAL.png","width":1608,"height":927,"caption":"Urdu\u00f1a Herri Eskola"},"image":{"@id":"https:\/\/xn--urduaherrieskola-9tb.eus\/fr\/#\/schema\/logo\/image\/"}}]}},"_links":{"self":[{"href":"https:\/\/xn--urduaherrieskola-9tb.eus\/fr\/wp-json\/wp\/v2\/pages\/32824","targetHints":{"allow":["GET"]}}],"collection":[{"href":"https:\/\/xn--urduaherrieskola-9tb.eus\/fr\/wp-json\/wp\/v2\/pages"}],"about":[{"href":"https:\/\/xn--urduaherrieskola-9tb.eus\/fr\/wp-json\/wp\/v2\/types\/page"}],"author":[{"embeddable":true,"href":"https:\/\/xn--urduaherrieskola-9tb.eus\/fr\/wp-json\/wp\/v2\/users\/1"}],"replies":[{"embeddable":true,"href":"https:\/\/xn--urduaherrieskola-9tb.eus\/fr\/wp-json\/wp\/v2\/comments?post=32824"}],"version-history":[{"count":1,"href":"https:\/\/xn--urduaherrieskola-9tb.eus\/fr\/wp-json\/wp\/v2\/pages\/32824\/revisions"}],"predecessor-version":[{"id":32825,"href":"https:\/\/xn--urduaherrieskola-9tb.eus\/fr\/wp-json\/wp\/v2\/pages\/32824\/revisions\/32825"}],"wp:attachment":[{"href":"https:\/\/xn--urduaherrieskola-9tb.eus\/fr\/wp-json\/wp\/v2\/media?parent=32824"}],"curies":[{"name":"wp","href":"https:\/\/api.w.org\/{rel}","templated":true}]}}