{"id":32800,"date":"2025-04-28T09:40:35","date_gmt":"2025-04-28T07:40:35","guid":{"rendered":"https:\/\/xn--urduaherrieskola-9tb.eus\/lignes-pedagogiques\/"},"modified":"2025-10-08T09:02:04","modified_gmt":"2025-10-08T07:02:04","slug":"lignes-pedagogiques","status":"publish","type":"page","link":"https:\/\/xn--urduaherrieskola-9tb.eus\/fr\/lignes-pedagogiques\/","title":{"rendered":"Lignes p\u00e9dagogiques"},"content":{"rendered":"\t\t<div data-elementor-type=\"wp-page\" data-elementor-id=\"32800\" class=\"elementor elementor-32800 elementor-26382\">\n\t\t\t\t\t\t<section class=\"elementor-section elementor-top-section elementor-element elementor-element-b9909aa elementor-section-stretched elementor-section-boxed elementor-section-height-default elementor-section-height-default\" data-id=\"b9909aa\" data-element_type=\"section\" data-settings=\"{&quot;stretch_section&quot;:&quot;section-stretched&quot;}\">\n\t\t\t\t\t\t<div class=\"elementor-container elementor-column-gap-default\">\n\t\t\t\t\t<div class=\"elementor-column elementor-col-100 elementor-top-column elementor-element elementor-element-f92a624\" data-id=\"f92a624\" data-element_type=\"column\">\n\t\t\t<div class=\"elementor-widget-wrap elementor-element-populated\">\n\t\t\t\t\t\t<div class=\"elementor-element elementor-element-792f684 elementor-widget elementor-widget-heading\" data-id=\"792f684\" data-element_type=\"widget\" data-widget_type=\"heading.default\">\n\t\t\t\t<div class=\"elementor-widget-container\">\n\t\t\t\t\t<h3 class=\"elementor-heading-title elementor-size-default\">M\u00c9THODOLOGIE<\/h3>\t\t\t\t<\/div>\n\t\t\t\t<\/div>\n\t\t\t\t\t<\/div>\n\t\t<\/div>\n\t\t\t\t\t<\/div>\n\t\t<\/section>\n\t\t\t\t<section class=\"elementor-section elementor-top-section elementor-element elementor-element-9ee368c elementor-section-stretched elementor-section-boxed elementor-section-height-default elementor-section-height-default\" data-id=\"9ee368c\" data-element_type=\"section\" data-settings=\"{&quot;stretch_section&quot;:&quot;section-stretched&quot;,&quot;background_background&quot;:&quot;classic&quot;}\">\n\t\t\t\t\t\t<div class=\"elementor-container elementor-column-gap-default\">\n\t\t\t\t\t<div class=\"elementor-column elementor-col-50 elementor-top-column elementor-element elementor-element-3fc39af\" data-id=\"3fc39af\" data-element_type=\"column\">\n\t\t\t<div class=\"elementor-widget-wrap elementor-element-populated\">\n\t\t\t\t\t\t<section class=\"elementor-section elementor-inner-section elementor-element elementor-element-7e18c65 elementor-section-boxed elementor-section-height-default elementor-section-height-default\" data-id=\"7e18c65\" data-element_type=\"section\">\n\t\t\t\t\t\t<div class=\"elementor-container elementor-column-gap-default\">\n\t\t\t\t\t<div class=\"elementor-column elementor-col-100 elementor-inner-column elementor-element elementor-element-acdf26a metodologia-wrapper\" data-id=\"acdf26a\" data-element_type=\"column\">\n\t\t\t<div class=\"elementor-widget-wrap elementor-element-populated\">\n\t\t\t\t\t\t<div class=\"elementor-element elementor-element-b848876 elementor-widget elementor-widget-image\" data-id=\"b848876\" data-element_type=\"widget\" data-widget_type=\"image.default\">\n\t\t\t\t<div class=\"elementor-widget-container\">\n\t\t\t\t\t\t\t\t\t\t\t\t<figure class=\"wp-caption\">\n\t\t\t\t\t\t\t\t\t\t<img fetchpriority=\"high\" decoding=\"async\" width=\"1752\" height=\"1168\" src=\"https:\/\/xn--urduaherrieskola-9tb.eus\/wp-content\/uploads\/2025\/05\/DSC06595.jpg\" class=\"attachment-full size-full wp-image-32203\" alt=\"Ikasle bat marrazten\" srcset=\"https:\/\/xn--urduaherrieskola-9tb.eus\/wp-content\/uploads\/2025\/05\/DSC06595.jpg 1752w, https:\/\/xn--urduaherrieskola-9tb.eus\/wp-content\/uploads\/2025\/05\/DSC06595-300x200.jpg 300w, https:\/\/xn--urduaherrieskola-9tb.eus\/wp-content\/uploads\/2025\/05\/DSC06595-1024x683.jpg 1024w, https:\/\/xn--urduaherrieskola-9tb.eus\/wp-content\/uploads\/2025\/05\/DSC06595-768x512.jpg 768w, https:\/\/xn--urduaherrieskola-9tb.eus\/wp-content\/uploads\/2025\/05\/DSC06595-1536x1024.jpg 1536w, https:\/\/xn--urduaherrieskola-9tb.eus\/wp-content\/uploads\/2025\/05\/DSC06595-600x400.jpg 600w, https:\/\/xn--urduaherrieskola-9tb.eus\/wp-content\/uploads\/2025\/05\/DSC06595-750x500.jpg 750w, https:\/\/xn--urduaherrieskola-9tb.eus\/wp-content\/uploads\/2025\/05\/DSC06595-540x360.jpg 540w\" sizes=\"(max-width: 1752px) 100vw, 1752px\" \/>\t\t\t\t\t\t\t\t\t\t\t<figcaption class=\"widget-image-caption wp-caption-text\"><\/figcaption>\n\t\t\t\t\t\t\t\t\t\t<\/figure>\n\t\t\t\t\t\t\t\t\t<\/div>\n\t\t\t\t<\/div>\n\t\t\t\t<div class=\"elementor-element elementor-element-61e763d elementor-absolute metodologia-header elementor-widget elementor-widget-heading\" data-id=\"61e763d\" data-element_type=\"widget\" data-settings=\"{&quot;_position&quot;:&quot;absolute&quot;}\" data-widget_type=\"heading.default\">\n\t\t\t\t<div class=\"elementor-widget-container\">\n\t\t\t\t\t<h3 class=\"elementor-heading-title elementor-size-default\">Enfant<br> \u00c9ducation<\/h3>\t\t\t\t<\/div>\n\t\t\t\t<\/div>\n\t\t\t\t\t<\/div>\n\t\t<\/div>\n\t\t\t\t\t<\/div>\n\t\t<\/section>\n\t\t\t\t<div class=\"elementor-element elementor-element-30c4286 metodologia-content elementor-widget elementor-widget-text-editor\" data-id=\"30c4286\" data-element_type=\"widget\" data-widget_type=\"text-editor.default\">\n\t\t\t\t<div class=\"elementor-widget-container\">\n\t\t\t\t\t\t\t\t\t<p>Les t\u00e2ches qui seront utilis\u00e9es <b>dans l\u2019\u00e9ducation de la petite enfance<\/b> seront bas\u00e9es sur <b>le mouvement autonome<\/b> .  <\/p><p>M\u00eame dans ses premiers stades, les enfants se d\u00e9placent librement dans des \u00e9cosyst\u00e8mes : des espaces et des mat\u00e9riaux sp\u00e9cialement con\u00e7us leur sont offerts pour s&rsquo;engager dans les sciences et les math\u00e9matiques, les langues et les arts.<\/p>\t\t\t\t\t\t\t\t<\/div>\n\t\t\t\t<\/div>\n\t\t\t\t\t<\/div>\n\t\t<\/div>\n\t\t\t\t<div class=\"elementor-column elementor-col-50 elementor-top-column elementor-element elementor-element-ede1649\" data-id=\"ede1649\" data-element_type=\"column\">\n\t\t\t<div class=\"elementor-widget-wrap elementor-element-populated\">\n\t\t\t\t\t\t<section class=\"elementor-section elementor-inner-section elementor-element elementor-element-653e79d elementor-section-boxed elementor-section-height-default elementor-section-height-default\" data-id=\"653e79d\" data-element_type=\"section\">\n\t\t\t\t\t\t<div class=\"elementor-container elementor-column-gap-default\">\n\t\t\t\t\t<div class=\"elementor-column elementor-col-100 elementor-inner-column elementor-element elementor-element-541efe8 metodologia-wrapper\" data-id=\"541efe8\" data-element_type=\"column\">\n\t\t\t<div class=\"elementor-widget-wrap elementor-element-populated\">\n\t\t\t\t\t\t<div class=\"elementor-element elementor-element-be79156 elementor-widget elementor-widget-image\" data-id=\"be79156\" data-element_type=\"widget\" data-widget_type=\"image.default\">\n\t\t\t\t<div class=\"elementor-widget-container\">\n\t\t\t\t\t\t\t\t\t\t\t\t\t\t\t<img decoding=\"async\" src=\"https:\/\/xn--urduaherrieskola-9tb.eus\/wp-content\/uploads\/2025\/05\/LH_Zirkulazio-Librea.jpg\" title=\"\" alt=\"\" loading=\"lazy\" \/>\t\t\t\t\t\t\t\t\t\t\t\t\t\t\t<\/div>\n\t\t\t\t<\/div>\n\t\t\t\t<div class=\"elementor-element elementor-element-448aedc elementor-absolute metodologia-header elementor-widget elementor-widget-heading\" data-id=\"448aedc\" data-element_type=\"widget\" data-settings=\"{&quot;_position&quot;:&quot;absolute&quot;}\" data-widget_type=\"heading.default\">\n\t\t\t\t<div class=\"elementor-widget-container\">\n\t\t\t\t\t<h3 class=\"elementor-heading-title elementor-size-default\">D'abord<br> \u00c9ducation<\/h3>\t\t\t\t<\/div>\n\t\t\t\t<\/div>\n\t\t\t\t\t<\/div>\n\t\t<\/div>\n\t\t\t\t\t<\/div>\n\t\t<\/section>\n\t\t\t\t<div class=\"elementor-element elementor-element-e106f13 metodologia-content elementor-widget elementor-widget-text-editor\" data-id=\"e106f13\" data-element_type=\"widget\" data-widget_type=\"text-editor.default\">\n\t\t\t\t<div class=\"elementor-widget-container\">\n\t\t\t\t\t\t\t\t\t<p><b>Dans l&rsquo;enseignement primaire<\/b> , afin d&rsquo;assurer la transition entre les \u00e9tapes, nous privil\u00e9gierons <b>la libre circulation<\/b> . L&rsquo;\u00e9l\u00e8ve est acteur de son propre apprentissage. Ce mod\u00e8le encourage l&rsquo;autonomie et la collaboration des \u00e9l\u00e8ves. Nous garantirons syst\u00e9matiquement l&rsquo;\u00e9valuation p\u00e9dagogique.   <\/p>\t\t\t\t\t\t\t\t<\/div>\n\t\t\t\t<\/div>\n\t\t\t\t\t<\/div>\n\t\t<\/div>\n\t\t\t\t\t<\/div>\n\t\t<\/section>\n\t\t\t\t<section class=\"elementor-section elementor-top-section elementor-element elementor-element-0e02842 elementor-section-stretched elementor-section-boxed elementor-section-height-default elementor-section-height-default\" data-id=\"0e02842\" data-element_type=\"section\" data-settings=\"{&quot;stretch_section&quot;:&quot;section-stretched&quot;,&quot;background_background&quot;:&quot;classic&quot;}\">\n\t\t\t\t\t\t<div class=\"elementor-container elementor-column-gap-default\">\n\t\t\t\t\t<div class=\"elementor-column elementor-col-100 elementor-top-column elementor-element elementor-element-f491d07\" data-id=\"f491d07\" data-element_type=\"column\">\n\t\t\t<div class=\"elementor-widget-wrap elementor-element-populated\">\n\t\t\t\t\t\t<div class=\"elementor-element elementor-element-f1b6364 elementor-widget elementor-widget-text-editor\" data-id=\"f1b6364\" data-element_type=\"widget\" data-widget_type=\"text-editor.default\">\n\t\t\t\t<div class=\"elementor-widget-container\">\n\t\t\t\t\t\t\t\t\t<p><b>Tout au long du parcours scolaire,<\/b> la t\u00e2che principale de l&rsquo;adulte est d&rsquo;accompagner les processus de d\u00e9veloppement et d&rsquo;apprentissage de l&rsquo;enfant\/\u00e9l\u00e8ve, en lui posant de nouveaux d\u00e9fis d\u00e8s le d\u00e9part et en lui fournissant les ressources n\u00e9cessaires.  <\/p><p>Cette mani\u00e8re unifi\u00e9e d&rsquo;agir en tant qu&rsquo;adulte nous conduit \u00e0 une \u00e9coute active et empathique consciente. Nous adh\u00e9rons \u00e0 la communication non violente de Marshall Rosenberg. Nous suivons le m\u00eame mod\u00e8le que Nere Mendizabal, qui est local et familial.  <\/p><p>Croyant au pouvoir transformateur de <b>l\u2019\u00e9ducation<\/b> , nous collaborons avec les familles pour parvenir au d\u00e9veloppement int\u00e9gral de l\u2019enfant.<\/p>\t\t\t\t\t\t\t\t<\/div>\n\t\t\t\t<\/div>\n\t\t\t\t\t<\/div>\n\t\t<\/div>\n\t\t\t\t\t<\/div>\n\t\t<\/section>\n\t\t\t\t<\/div>\n\t\t","protected":false},"excerpt":{"rendered":"<p>M\u00c9THODOLOGIE Enfant \u00c9ducation Les t\u00e2ches qui seront utilis\u00e9es dans l\u2019\u00e9ducation de la petite enfance seront bas\u00e9es sur le mouvement autonome . M\u00eame dans ses premiers stades, les enfants se d\u00e9placent librement dans des \u00e9cosyst\u00e8mes : des espaces et des mat\u00e9riaux sp\u00e9cialement con\u00e7us leur sont offerts pour s&rsquo;engager dans les sciences et les math\u00e9matiques, les langues [&hellip;]<\/p>\n","protected":false},"author":1,"featured_media":0,"parent":0,"menu_order":0,"comment_status":"closed","ping_status":"closed","template":"elementor_theme","meta":{"footnotes":""},"class_list":["post-32800","page","type-page","status-publish","hentry"],"yoast_head":"<!-- This site is optimized with the Yoast SEO plugin v26.4 - https:\/\/yoast.com\/wordpress\/plugins\/seo\/ -->\n<title>Directives p\u00e9dagogiques \u2013 La vision \u00e9ducative de l&#039;\u00e9cole publique d&#039;Urdu\u00f1a<\/title>\n<meta name=\"description\" content=\"Visant un d\u00e9veloppement global, \u00e0 Urdu\u00f1a Herri Eskola, nos fondements p\u00e9dagogiques sont l&#039;\u00e9coute active, l&#039;empathie et la collaboration famille-communaut\u00e9.\" \/>\n<meta name=\"robots\" content=\"index, follow, max-snippet:-1, max-image-preview:large, max-video-preview:-1\" \/>\n<link rel=\"canonical\" href=\"https:\/\/xn--urduaherrieskola-9tb.eus\/fr\/lignes-pedagogiques\/\" \/>\n<meta property=\"og:locale\" content=\"fr_FR\" \/>\n<meta property=\"og:type\" content=\"article\" \/>\n<meta property=\"og:title\" content=\"Directives p\u00e9dagogiques \u2013 La vision \u00e9ducative de l&#039;\u00e9cole publique d&#039;Urdu\u00f1a\" \/>\n<meta property=\"og:description\" content=\"Visant un d\u00e9veloppement global, \u00e0 Urdu\u00f1a Herri Eskola, nos fondements p\u00e9dagogiques sont l&#039;\u00e9coute active, l&#039;empathie et la collaboration famille-communaut\u00e9.\" \/>\n<meta property=\"og:url\" content=\"https:\/\/xn--urduaherrieskola-9tb.eus\/fr\/lignes-pedagogiques\/\" \/>\n<meta property=\"og:site_name\" content=\"Urdu\u00f1a Herri Eskola\" \/>\n<meta property=\"article:modified_time\" content=\"2025-10-08T07:02:04+00:00\" \/>\n<meta property=\"og:image\" content=\"https:\/\/xn--urduaherrieskola-9tb.eus\/wp-content\/uploads\/2025\/05\/DSC06595.jpg\" \/>\n\t<meta property=\"og:image:width\" content=\"1752\" \/>\n\t<meta property=\"og:image:height\" content=\"1168\" \/>\n\t<meta property=\"og:image:type\" content=\"image\/jpeg\" \/>\n<meta name=\"twitter:card\" content=\"summary_large_image\" \/>\n<meta name=\"twitter:label1\" content=\"Dur\u00e9e de lecture estim\u00e9e\" \/>\n\t<meta name=\"twitter:data1\" content=\"1 minute\" \/>\n<script type=\"application\/ld+json\" class=\"yoast-schema-graph\">{\"@context\":\"https:\/\/schema.org\",\"@graph\":[{\"@type\":\"WebPage\",\"@id\":\"https:\/\/xn--urduaherrieskola-9tb.eus\/fr\/lignes-pedagogiques\/\",\"url\":\"https:\/\/xn--urduaherrieskola-9tb.eus\/fr\/lignes-pedagogiques\/\",\"name\":\"Directives p\u00e9dagogiques \u2013 La vision \u00e9ducative de l'\u00e9cole publique d'Urdu\u00f1a\",\"isPartOf\":{\"@id\":\"https:\/\/xn--urduaherrieskola-9tb.eus\/fr\/#website\"},\"primaryImageOfPage\":{\"@id\":\"https:\/\/xn--urduaherrieskola-9tb.eus\/fr\/lignes-pedagogiques\/#primaryimage\"},\"image\":{\"@id\":\"https:\/\/xn--urduaherrieskola-9tb.eus\/fr\/lignes-pedagogiques\/#primaryimage\"},\"thumbnailUrl\":\"https:\/\/xn--urduaherrieskola-9tb.eus\/wp-content\/uploads\/2025\/05\/DSC06595.jpg\",\"datePublished\":\"2025-04-28T07:40:35+00:00\",\"dateModified\":\"2025-10-08T07:02:04+00:00\",\"description\":\"Visant un d\u00e9veloppement global, \u00e0 Urdu\u00f1a Herri Eskola, nos fondements p\u00e9dagogiques sont l'\u00e9coute active, l'empathie et la collaboration famille-communaut\u00e9.\",\"breadcrumb\":{\"@id\":\"https:\/\/xn--urduaherrieskola-9tb.eus\/fr\/lignes-pedagogiques\/#breadcrumb\"},\"inLanguage\":\"fr-FR\",\"potentialAction\":[{\"@type\":\"ReadAction\",\"target\":[\"https:\/\/xn--urduaherrieskola-9tb.eus\/fr\/lignes-pedagogiques\/\"]}]},{\"@type\":\"ImageObject\",\"inLanguage\":\"fr-FR\",\"@id\":\"https:\/\/xn--urduaherrieskola-9tb.eus\/fr\/lignes-pedagogiques\/#primaryimage\",\"url\":\"https:\/\/xn--urduaherrieskola-9tb.eus\/wp-content\/uploads\/2025\/05\/DSC06595.jpg\",\"contentUrl\":\"https:\/\/xn--urduaherrieskola-9tb.eus\/wp-content\/uploads\/2025\/05\/DSC06595.jpg\"},{\"@type\":\"BreadcrumbList\",\"@id\":\"https:\/\/xn--urduaherrieskola-9tb.eus\/fr\/lignes-pedagogiques\/#breadcrumb\",\"itemListElement\":[{\"@type\":\"ListItem\",\"position\":1,\"name\":\"Home\",\"item\":\"https:\/\/xn--urduaherrieskola-9tb.eus\/fr\/maison\/\"},{\"@type\":\"ListItem\",\"position\":2,\"name\":\"Lignes p\u00e9dagogiques\"}]},{\"@type\":\"WebSite\",\"@id\":\"https:\/\/xn--urduaherrieskola-9tb.eus\/fr\/#website\",\"url\":\"https:\/\/xn--urduaherrieskola-9tb.eus\/fr\/\",\"name\":\"Urdu\u00f1a Herri Eskola\",\"description\":\"\",\"publisher\":{\"@id\":\"https:\/\/xn--urduaherrieskola-9tb.eus\/fr\/#organization\"},\"potentialAction\":[{\"@type\":\"SearchAction\",\"target\":{\"@type\":\"EntryPoint\",\"urlTemplate\":\"https:\/\/xn--urduaherrieskola-9tb.eus\/fr\/?s={search_term_string}\"},\"query-input\":{\"@type\":\"PropertyValueSpecification\",\"valueRequired\":true,\"valueName\":\"search_term_string\"}}],\"inLanguage\":\"fr-FR\"},{\"@type\":\"Organization\",\"@id\":\"https:\/\/xn--urduaherrieskola-9tb.eus\/fr\/#organization\",\"name\":\"Urdu\u00f1a Herri Eskola\",\"url\":\"https:\/\/xn--urduaherrieskola-9tb.eus\/fr\/\",\"logo\":{\"@type\":\"ImageObject\",\"inLanguage\":\"fr-FR\",\"@id\":\"https:\/\/xn--urduaherrieskola-9tb.eus\/fr\/#\/schema\/logo\/image\/\",\"url\":\"https:\/\/xn--urduaherrieskola-9tb.eus\/wp-content\/uploads\/2019\/09\/UHE_Logotipoa_HORIZONTAL.png\",\"contentUrl\":\"https:\/\/xn--urduaherrieskola-9tb.eus\/wp-content\/uploads\/2019\/09\/UHE_Logotipoa_HORIZONTAL.png\",\"width\":1608,\"height\":927,\"caption\":\"Urdu\u00f1a Herri Eskola\"},\"image\":{\"@id\":\"https:\/\/xn--urduaherrieskola-9tb.eus\/fr\/#\/schema\/logo\/image\/\"}}]}<\/script>\n<!-- \/ Yoast SEO plugin. -->","yoast_head_json":{"title":"Directives p\u00e9dagogiques \u2013 La vision \u00e9ducative de l'\u00e9cole publique d'Urdu\u00f1a","description":"Visant un d\u00e9veloppement global, \u00e0 Urdu\u00f1a Herri Eskola, nos fondements p\u00e9dagogiques sont l'\u00e9coute active, l'empathie et la collaboration famille-communaut\u00e9.","robots":{"index":"index","follow":"follow","max-snippet":"max-snippet:-1","max-image-preview":"max-image-preview:large","max-video-preview":"max-video-preview:-1"},"canonical":"https:\/\/xn--urduaherrieskola-9tb.eus\/fr\/lignes-pedagogiques\/","og_locale":"fr_FR","og_type":"article","og_title":"Directives p\u00e9dagogiques \u2013 La vision \u00e9ducative de l'\u00e9cole publique d'Urdu\u00f1a","og_description":"Visant un d\u00e9veloppement global, \u00e0 Urdu\u00f1a Herri Eskola, nos fondements p\u00e9dagogiques sont l'\u00e9coute active, l'empathie et la collaboration famille-communaut\u00e9.","og_url":"https:\/\/xn--urduaherrieskola-9tb.eus\/fr\/lignes-pedagogiques\/","og_site_name":"Urdu\u00f1a Herri Eskola","article_modified_time":"2025-10-08T07:02:04+00:00","og_image":[{"width":1752,"height":1168,"url":"https:\/\/xn--urduaherrieskola-9tb.eus\/wp-content\/uploads\/2025\/05\/DSC06595.jpg","type":"image\/jpeg"}],"twitter_card":"summary_large_image","twitter_misc":{"Dur\u00e9e de lecture estim\u00e9e":"1 minute"},"schema":{"@context":"https:\/\/schema.org","@graph":[{"@type":"WebPage","@id":"https:\/\/xn--urduaherrieskola-9tb.eus\/fr\/lignes-pedagogiques\/","url":"https:\/\/xn--urduaherrieskola-9tb.eus\/fr\/lignes-pedagogiques\/","name":"Directives p\u00e9dagogiques \u2013 La vision \u00e9ducative de l'\u00e9cole publique d'Urdu\u00f1a","isPartOf":{"@id":"https:\/\/xn--urduaherrieskola-9tb.eus\/fr\/#website"},"primaryImageOfPage":{"@id":"https:\/\/xn--urduaherrieskola-9tb.eus\/fr\/lignes-pedagogiques\/#primaryimage"},"image":{"@id":"https:\/\/xn--urduaherrieskola-9tb.eus\/fr\/lignes-pedagogiques\/#primaryimage"},"thumbnailUrl":"https:\/\/xn--urduaherrieskola-9tb.eus\/wp-content\/uploads\/2025\/05\/DSC06595.jpg","datePublished":"2025-04-28T07:40:35+00:00","dateModified":"2025-10-08T07:02:04+00:00","description":"Visant un d\u00e9veloppement global, \u00e0 Urdu\u00f1a Herri Eskola, nos fondements p\u00e9dagogiques sont l'\u00e9coute active, l'empathie et la collaboration famille-communaut\u00e9.","breadcrumb":{"@id":"https:\/\/xn--urduaherrieskola-9tb.eus\/fr\/lignes-pedagogiques\/#breadcrumb"},"inLanguage":"fr-FR","potentialAction":[{"@type":"ReadAction","target":["https:\/\/xn--urduaherrieskola-9tb.eus\/fr\/lignes-pedagogiques\/"]}]},{"@type":"ImageObject","inLanguage":"fr-FR","@id":"https:\/\/xn--urduaherrieskola-9tb.eus\/fr\/lignes-pedagogiques\/#primaryimage","url":"https:\/\/xn--urduaherrieskola-9tb.eus\/wp-content\/uploads\/2025\/05\/DSC06595.jpg","contentUrl":"https:\/\/xn--urduaherrieskola-9tb.eus\/wp-content\/uploads\/2025\/05\/DSC06595.jpg"},{"@type":"BreadcrumbList","@id":"https:\/\/xn--urduaherrieskola-9tb.eus\/fr\/lignes-pedagogiques\/#breadcrumb","itemListElement":[{"@type":"ListItem","position":1,"name":"Home","item":"https:\/\/xn--urduaherrieskola-9tb.eus\/fr\/maison\/"},{"@type":"ListItem","position":2,"name":"Lignes p\u00e9dagogiques"}]},{"@type":"WebSite","@id":"https:\/\/xn--urduaherrieskola-9tb.eus\/fr\/#website","url":"https:\/\/xn--urduaherrieskola-9tb.eus\/fr\/","name":"Urdu\u00f1a Herri Eskola","description":"","publisher":{"@id":"https:\/\/xn--urduaherrieskola-9tb.eus\/fr\/#organization"},"potentialAction":[{"@type":"SearchAction","target":{"@type":"EntryPoint","urlTemplate":"https:\/\/xn--urduaherrieskola-9tb.eus\/fr\/?s={search_term_string}"},"query-input":{"@type":"PropertyValueSpecification","valueRequired":true,"valueName":"search_term_string"}}],"inLanguage":"fr-FR"},{"@type":"Organization","@id":"https:\/\/xn--urduaherrieskola-9tb.eus\/fr\/#organization","name":"Urdu\u00f1a Herri Eskola","url":"https:\/\/xn--urduaherrieskola-9tb.eus\/fr\/","logo":{"@type":"ImageObject","inLanguage":"fr-FR","@id":"https:\/\/xn--urduaherrieskola-9tb.eus\/fr\/#\/schema\/logo\/image\/","url":"https:\/\/xn--urduaherrieskola-9tb.eus\/wp-content\/uploads\/2019\/09\/UHE_Logotipoa_HORIZONTAL.png","contentUrl":"https:\/\/xn--urduaherrieskola-9tb.eus\/wp-content\/uploads\/2019\/09\/UHE_Logotipoa_HORIZONTAL.png","width":1608,"height":927,"caption":"Urdu\u00f1a Herri Eskola"},"image":{"@id":"https:\/\/xn--urduaherrieskola-9tb.eus\/fr\/#\/schema\/logo\/image\/"}}]}},"_links":{"self":[{"href":"https:\/\/xn--urduaherrieskola-9tb.eus\/fr\/wp-json\/wp\/v2\/pages\/32800","targetHints":{"allow":["GET"]}}],"collection":[{"href":"https:\/\/xn--urduaherrieskola-9tb.eus\/fr\/wp-json\/wp\/v2\/pages"}],"about":[{"href":"https:\/\/xn--urduaherrieskola-9tb.eus\/fr\/wp-json\/wp\/v2\/types\/page"}],"author":[{"embeddable":true,"href":"https:\/\/xn--urduaherrieskola-9tb.eus\/fr\/wp-json\/wp\/v2\/users\/1"}],"replies":[{"embeddable":true,"href":"https:\/\/xn--urduaherrieskola-9tb.eus\/fr\/wp-json\/wp\/v2\/comments?post=32800"}],"version-history":[{"count":1,"href":"https:\/\/xn--urduaherrieskola-9tb.eus\/fr\/wp-json\/wp\/v2\/pages\/32800\/revisions"}],"predecessor-version":[{"id":32801,"href":"https:\/\/xn--urduaherrieskola-9tb.eus\/fr\/wp-json\/wp\/v2\/pages\/32800\/revisions\/32801"}],"wp:attachment":[{"href":"https:\/\/xn--urduaherrieskola-9tb.eus\/fr\/wp-json\/wp\/v2\/media?parent=32800"}],"curies":[{"name":"wp","href":"https:\/\/api.w.org\/{rel}","templated":true}]}}