{"id":32793,"date":"2025-04-29T11:52:15","date_gmt":"2025-04-29T09:52:15","guid":{"rendered":"https:\/\/xn--urduaherrieskola-9tb.eus\/services\/"},"modified":"2025-10-08T09:01:53","modified_gmt":"2025-10-08T07:01:53","slug":"services","status":"publish","type":"page","link":"https:\/\/xn--urduaherrieskola-9tb.eus\/fr\/services\/","title":{"rendered":"Services"},"content":{"rendered":"\t\t<div data-elementor-type=\"wp-page\" data-elementor-id=\"32793\" class=\"elementor elementor-32793 elementor-26581\">\n\t\t\t\t\t\t<section class=\"elementor-section elementor-top-section elementor-element elementor-element-3016c7d elementor-section-boxed elementor-section-height-default elementor-section-height-default\" data-id=\"3016c7d\" data-element_type=\"section\">\n\t\t\t\t\t\t<div class=\"elementor-container elementor-column-gap-default\">\n\t\t\t\t\t<div class=\"elementor-column elementor-col-100 elementor-top-column elementor-element elementor-element-8f01f1d\" data-id=\"8f01f1d\" data-element_type=\"column\">\n\t\t\t<div class=\"elementor-widget-wrap elementor-element-populated\">\n\t\t\t\t\t\t<div class=\"elementor-element elementor-element-242f4cc elementor-widget elementor-widget-heading\" data-id=\"242f4cc\" data-element_type=\"widget\" data-widget_type=\"heading.default\">\n\t\t\t\t<div class=\"elementor-widget-container\">\n\t\t\t\t\t<h2 class=\"elementor-heading-title elementor-size-default\">Services scolaires<\/h2>\t\t\t\t<\/div>\n\t\t\t\t<\/div>\n\t\t\t\t\t<\/div>\n\t\t<\/div>\n\t\t\t\t\t<\/div>\n\t\t<\/section>\n\t\t\t\t<section class=\"elementor-section elementor-top-section elementor-element elementor-element-6c2563b zerbitzuak elementor-section-boxed elementor-section-height-default elementor-section-height-default\" data-id=\"6c2563b\" data-element_type=\"section\">\n\t\t\t\t\t\t<div class=\"elementor-container elementor-column-gap-default\">\n\t\t\t\t\t<div class=\"elementor-column elementor-col-100 elementor-top-column elementor-element elementor-element-45cfd08 icons-center\" data-id=\"45cfd08\" data-element_type=\"column\">\n\t\t\t<div class=\"elementor-widget-wrap elementor-element-populated\">\n\t\t\t\t\t\t<div class=\"elementor-element elementor-element-4feaab2 elementor-position-left elementor-vertical-align-top elementor-widget elementor-widget-image-box\" data-id=\"4feaab2\" data-element_type=\"widget\" data-widget_type=\"image-box.default\">\n\t\t\t\t<div class=\"elementor-widget-container\">\n\t\t\t\t\t<div class=\"elementor-image-box-wrapper\"><figure class=\"elementor-image-box-img\"><img fetchpriority=\"high\" decoding=\"async\" width=\"599\" height=\"567\" src=\"https:\/\/xn--urduaherrieskola-9tb.eus\/wp-content\/uploads\/2025\/05\/Harrera.png\" class=\"attachment-full size-full wp-image-27058\" alt=\"\" srcset=\"https:\/\/xn--urduaherrieskola-9tb.eus\/wp-content\/uploads\/2025\/05\/Harrera.png 599w, https:\/\/xn--urduaherrieskola-9tb.eus\/wp-content\/uploads\/2025\/05\/Harrera-300x284.png 300w, https:\/\/xn--urduaherrieskola-9tb.eus\/wp-content\/uploads\/2025\/05\/Harrera-540x511.png 540w\" sizes=\"(max-width: 599px) 100vw, 599px\" \/><\/figure><div class=\"elementor-image-box-content\"><h3 class=\"elementor-image-box-title\">Service d'accueil\/secr\u00e9tariat<\/h3><p class=\"elementor-image-box-description\">Il est offert le matin entre 9h15 et 11h15. Possibilit\u00e9 d'aider aux inscriptions, aux bourses et autres formalit\u00e9s administratives.   <\/p><\/div><\/div>\t\t\t\t<\/div>\n\t\t\t\t<\/div>\n\t\t\t\t<div class=\"elementor-element elementor-element-572e9d6 elementor-position-left elementor-vertical-align-top elementor-widget elementor-widget-image-box\" data-id=\"572e9d6\" data-element_type=\"widget\" data-widget_type=\"image-box.default\">\n\t\t\t\t<div class=\"elementor-widget-container\">\n\t\t\t\t\t<div class=\"elementor-image-box-wrapper\"><figure class=\"elementor-image-box-img\"><img decoding=\"async\" width=\"662\" height=\"567\" src=\"https:\/\/xn--urduaherrieskola-9tb.eus\/wp-content\/uploads\/2025\/05\/Aholkularitza.png\" class=\"attachment-full size-full wp-image-27061\" alt=\"\" srcset=\"https:\/\/xn--urduaherrieskola-9tb.eus\/wp-content\/uploads\/2025\/05\/Aholkularitza.png 662w, https:\/\/xn--urduaherrieskola-9tb.eus\/wp-content\/uploads\/2025\/05\/Aholkularitza-300x257.png 300w, https:\/\/xn--urduaherrieskola-9tb.eus\/wp-content\/uploads\/2025\/05\/Aholkularitza-540x463.png 540w\" sizes=\"(max-width: 662px) 100vw, 662px\" \/><\/figure><div class=\"elementor-image-box-content\"><h3 class=\"elementor-image-box-title\">Service de consultation<\/h3><p class=\"elementor-image-box-description\">L'\u00e9quipe de soutien est compos\u00e9e de physioth\u00e9rapeutes, d'\u00e9ducateurs et de consultants. Elle a pour mission de d\u00e9tecter pr\u00e9cocement les besoins \u00e9ducatifs, d'organiser un soutien sp\u00e9cifique et de garantir une intervention adapt\u00e9e \u00e0 l'\u00e9cole. De plus, un accompagnement personnalis\u00e9 est propos\u00e9 aux familles.  \n<\/p><\/div><\/div>\t\t\t\t<\/div>\n\t\t\t\t<\/div>\n\t\t\t\t<div class=\"elementor-element elementor-element-88fbd99 elementor-position-left elementor-vertical-align-top elementor-widget elementor-widget-image-box\" data-id=\"88fbd99\" data-element_type=\"widget\" data-widget_type=\"image-box.default\">\n\t\t\t\t<div class=\"elementor-widget-container\">\n\t\t\t\t\t<div class=\"elementor-image-box-wrapper\"><figure class=\"elementor-image-box-img\"><img decoding=\"async\" width=\"599\" height=\"567\" src=\"https:\/\/xn--urduaherrieskola-9tb.eus\/wp-content\/uploads\/2025\/05\/Liburutegia.png\" class=\"attachment-full size-full wp-image-27060\" alt=\"\" srcset=\"https:\/\/xn--urduaherrieskola-9tb.eus\/wp-content\/uploads\/2025\/05\/Liburutegia.png 599w, https:\/\/xn--urduaherrieskola-9tb.eus\/wp-content\/uploads\/2025\/05\/Liburutegia-300x284.png 300w, https:\/\/xn--urduaherrieskola-9tb.eus\/wp-content\/uploads\/2025\/05\/Liburutegia-540x511.png 540w\" sizes=\"(max-width: 599px) 100vw, 599px\" \/><\/figure><div class=\"elementor-image-box-content\"><h3 class=\"elementor-image-box-title\">Service de biblioth\u00e8que<\/h3><p class=\"elementor-image-box-description\">Nous avons le programme Acex. Gr\u00e2ce \u00e0 lui, nous avons un responsable de biblioth\u00e8que et la biblioth\u00e8que scolaire b\u00e9n\u00e9ficie d'horaires prolong\u00e9s au-del\u00e0 des heures de cours, jusqu'\u00e0 18h30.   <\/p><\/div><\/div>\t\t\t\t<\/div>\n\t\t\t\t<\/div>\n\t\t\t\t<div class=\"elementor-element elementor-element-2030952 elementor-position-left elementor-vertical-align-top elementor-widget elementor-widget-image-box\" data-id=\"2030952\" data-element_type=\"widget\" data-widget_type=\"image-box.default\">\n\t\t\t\t<div class=\"elementor-widget-container\">\n\t\t\t\t\t<div class=\"elementor-image-box-wrapper\"><figure class=\"elementor-image-box-img\"><img loading=\"lazy\" decoding=\"async\" width=\"599\" height=\"567\" src=\"https:\/\/xn--urduaherrieskola-9tb.eus\/wp-content\/uploads\/2025\/05\/Bidelaguna.png\" class=\"attachment-full size-full wp-image-27062\" alt=\"\" srcset=\"https:\/\/xn--urduaherrieskola-9tb.eus\/wp-content\/uploads\/2025\/05\/Bidelaguna.png 599w, https:\/\/xn--urduaherrieskola-9tb.eus\/wp-content\/uploads\/2025\/05\/Bidelaguna-300x284.png 300w, https:\/\/xn--urduaherrieskola-9tb.eus\/wp-content\/uploads\/2025\/05\/Bidelaguna-540x511.png 540w\" sizes=\"(max-width: 599px) 100vw, 599px\" \/><\/figure><div class=\"elementor-image-box-content\"><h3 class=\"elementor-image-box-title\">Compagnon<\/h3><p class=\"elementor-image-box-description\">Un service gratuit offert par le minist\u00e8re de l'\u00c9ducation pour fournir un soutien parascolaire \u00e0 l'\u00e9cole, pendant les heures apr\u00e8s l'\u00e9cole, aux \u00e9l\u00e8ves de 5e et 6e ann\u00e9e.  \n<\/p><\/div><\/div>\t\t\t\t<\/div>\n\t\t\t\t<\/div>\n\t\t\t\t<div class=\"elementor-element elementor-element-870a665 elementor-position-left elementor-vertical-align-top elementor-widget elementor-widget-image-box\" data-id=\"870a665\" data-element_type=\"widget\" data-widget_type=\"image-box.default\">\n\t\t\t\t<div class=\"elementor-widget-container\">\n\t\t\t\t\t<div class=\"elementor-image-box-wrapper\"><figure class=\"elementor-image-box-img\"><img decoding=\"async\" src=\"https:\/\/xn--urduaherrieskola-9tb.eus\/wp-content\/uploads\/2025\/05\/Garraioa.png\" title=\"\" alt=\"\" loading=\"lazy\" \/><\/figure><div class=\"elementor-image-box-content\"><h3 class=\"elementor-image-box-title\">Service de transport<\/h3><p class=\"elementor-image-box-description\">L'entr\u00e9e est gratuite pour les enfants d'Ordu\u00f1a qui habitent \u00e0 moins de 2 km de l'\u00e9cole, ainsi que pour ceux de Ruzabal et d'Arrastaria.  <\/p><\/div><\/div>\t\t\t\t<\/div>\n\t\t\t\t<\/div>\n\t\t\t\t<div class=\"elementor-element elementor-element-cea6d01 elementor-position-left elementor-vertical-align-top elementor-widget elementor-widget-image-box\" data-id=\"cea6d01\" data-element_type=\"widget\" data-widget_type=\"image-box.default\">\n\t\t\t\t<div class=\"elementor-widget-container\">\n\t\t\t\t\t<div class=\"elementor-image-box-wrapper\"><figure class=\"elementor-image-box-img\"><img loading=\"lazy\" decoding=\"async\" width=\"599\" height=\"567\" src=\"https:\/\/xn--urduaherrieskola-9tb.eus\/wp-content\/uploads\/2025\/05\/Jangela_1.png\" class=\"attachment-full size-full wp-image-30036\" alt=\"Tenedore bat brokoli batekin\" srcset=\"https:\/\/xn--urduaherrieskola-9tb.eus\/wp-content\/uploads\/2025\/05\/Jangela_1.png 599w, https:\/\/xn--urduaherrieskola-9tb.eus\/wp-content\/uploads\/2025\/05\/Jangela_1-300x284.png 300w, https:\/\/xn--urduaherrieskola-9tb.eus\/wp-content\/uploads\/2025\/05\/Jangela_1-540x511.png 540w\" sizes=\"(max-width: 599px) 100vw, 599px\" \/><\/figure><div class=\"elementor-image-box-content\"><h3 class=\"elementor-image-box-title\">Service de restauration<\/h3><p class=\"elementor-image-box-description\">Il s'agit d'un service g\u00e9r\u00e9 directement par l'IGE. Les repas sont pr\u00e9par\u00e9s dans la cuisine commune de la maison de retraite, avec des produits \u00e0 base de ...    \n<br><a href=\"https:\/\/urdu%C3%B1aherrieskola.eus\/category\/jangela\/\"><span style=\"color:#8CB494\">Actualit\u00e9s de la salle \u00e0 manger &gt;&gt;<\/span><\/a><\/p><\/div><\/div>\t\t\t\t<\/div>\n\t\t\t\t<\/div>\n\t\t\t\t<div class=\"elementor-element elementor-element-98d423d elementor-position-left elementor-vertical-align-top elementor-widget elementor-widget-image-box\" data-id=\"98d423d\" data-element_type=\"widget\" data-widget_type=\"image-box.default\">\n\t\t\t\t<div class=\"elementor-widget-container\">\n\t\t\t\t\t<div class=\"elementor-image-box-wrapper\"><figure class=\"elementor-image-box-img\"><img loading=\"lazy\" decoding=\"async\" width=\"599\" height=\"567\" src=\"https:\/\/xn--urduaherrieskola-9tb.eus\/wp-content\/uploads\/2025\/05\/Gela-goiztiarra_1.png\" class=\"attachment-full size-full wp-image-30035\" alt=\"Erloju iratzargailua\" srcset=\"https:\/\/xn--urduaherrieskola-9tb.eus\/wp-content\/uploads\/2025\/05\/Gela-goiztiarra_1.png 599w, https:\/\/xn--urduaherrieskola-9tb.eus\/wp-content\/uploads\/2025\/05\/Gela-goiztiarra_1-300x284.png 300w, https:\/\/xn--urduaherrieskola-9tb.eus\/wp-content\/uploads\/2025\/05\/Gela-goiztiarra_1-540x511.png 540w\" sizes=\"(max-width: 599px) 100vw, 599px\" \/><\/figure><div class=\"elementor-image-box-content\"><h3 class=\"elementor-image-box-title\">Salle du matin<\/h3><p class=\"elementor-image-box-description\">Organis\u00e9 par l'IGE pour faciliter la conciliation travail-famille.<\/p><\/div><\/div>\t\t\t\t<\/div>\n\t\t\t\t<\/div>\n\t\t\t\t<div class=\"elementor-element elementor-element-37e7255 elementor-position-left elementor-vertical-align-top elementor-widget elementor-widget-image-box\" data-id=\"37e7255\" data-element_type=\"widget\" data-widget_type=\"image-box.default\">\n\t\t\t\t<div class=\"elementor-widget-container\">\n\t\t\t\t\t<div class=\"elementor-image-box-wrapper\"><figure class=\"elementor-image-box-img\"><img loading=\"lazy\" decoding=\"async\" width=\"599\" height=\"567\" src=\"https:\/\/xn--urduaherrieskola-9tb.eus\/wp-content\/uploads\/2025\/05\/Eskolaz-kanpokoak_1.png\" class=\"attachment-full size-full wp-image-30034\" alt=\"Boleibol baloia\" srcset=\"https:\/\/xn--urduaherrieskola-9tb.eus\/wp-content\/uploads\/2025\/05\/Eskolaz-kanpokoak_1.png 599w, https:\/\/xn--urduaherrieskola-9tb.eus\/wp-content\/uploads\/2025\/05\/Eskolaz-kanpokoak_1-300x284.png 300w, https:\/\/xn--urduaherrieskola-9tb.eus\/wp-content\/uploads\/2025\/05\/Eskolaz-kanpokoak_1-540x511.png 540w\" sizes=\"(max-width: 599px) 100vw, 599px\" \/><\/figure><div class=\"elementor-image-box-content\"><h3 class=\"elementor-image-box-title\">Activit\u00e9s parascolaires<\/h3><p class=\"elementor-image-box-description\">Chaque ann\u00e9e, l'IGE propose des activit\u00e9s en basque qui s'inscrivent dans le cadre des principes de l'\u00e9ducation scolaire.\n<br><a href=\"https:\/\/urdu%C3%B1aherrieskola.eus\/category\/ige\/\"><span style=\"color:#EAAE7D\">Voir les activit\u00e9s &gt;&gt;<\/span><\/a><\/p><\/div><\/div>\t\t\t\t<\/div>\n\t\t\t\t<\/div>\n\t\t\t\t\t<\/div>\n\t\t<\/div>\n\t\t\t\t\t<\/div>\n\t\t<\/section>\n\t\t\t\t<\/div>\n\t\t","protected":false},"excerpt":{"rendered":"<p>Services scolaires Service d&rsquo;accueil\/secr\u00e9tariat Il est offert le matin entre 9h15 et 11h15. Possibilit\u00e9 d&rsquo;aider aux inscriptions, aux bourses et autres formalit\u00e9s administratives. Service de consultation L&rsquo;\u00e9quipe de soutien est compos\u00e9e de physioth\u00e9rapeutes, d&rsquo;\u00e9ducateurs et de consultants. Elle a pour mission de d\u00e9tecter pr\u00e9cocement les besoins \u00e9ducatifs, d&rsquo;organiser un soutien sp\u00e9cifique et de garantir une [&hellip;]<\/p>\n","protected":false},"author":1,"featured_media":0,"parent":0,"menu_order":0,"comment_status":"closed","ping_status":"closed","template":"elementor_theme","meta":{"footnotes":""},"class_list":["post-32793","page","type-page","status-publish","hentry"],"yoast_head":"<!-- This site is optimized with the Yoast SEO plugin v26.4 - https:\/\/yoast.com\/wordpress\/plugins\/seo\/ -->\n<title>Services \u2013 \u00c9ducation et soutien familial de l&#039;\u00e9cole publique d&#039;Ordu\u00f1a<\/title>\n<meta name=\"description\" content=\"L&#039;\u00e9cole publique d&#039;Urdu\u00f1a offre une large gamme de services : restauration, transport, biblioth\u00e8que, conseil, petit-d\u00e9jeuner et activit\u00e9s suppl\u00e9mentaires, toujours sous surveillance.\" \/>\n<meta name=\"robots\" content=\"index, follow, max-snippet:-1, max-image-preview:large, max-video-preview:-1\" \/>\n<link rel=\"canonical\" href=\"https:\/\/xn--urduaherrieskola-9tb.eus\/fr\/services\/\" \/>\n<meta property=\"og:locale\" content=\"fr_FR\" \/>\n<meta property=\"og:type\" content=\"article\" \/>\n<meta property=\"og:title\" content=\"Services \u2013 \u00c9ducation et soutien familial de l&#039;\u00e9cole publique d&#039;Ordu\u00f1a\" \/>\n<meta property=\"og:description\" content=\"L&#039;\u00e9cole publique d&#039;Urdu\u00f1a offre une large gamme de services : restauration, transport, biblioth\u00e8que, conseil, petit-d\u00e9jeuner et activit\u00e9s suppl\u00e9mentaires, toujours sous surveillance.\" \/>\n<meta property=\"og:url\" content=\"https:\/\/xn--urduaherrieskola-9tb.eus\/fr\/services\/\" \/>\n<meta property=\"og:site_name\" content=\"Urdu\u00f1a Herri Eskola\" \/>\n<meta property=\"article:modified_time\" content=\"2025-10-08T07:01:53+00:00\" \/>\n<meta property=\"og:image\" content=\"https:\/\/xn--urduaherrieskola-9tb.eus\/wp-content\/uploads\/2025\/05\/Harrera.png\" \/>\n\t<meta property=\"og:image:width\" content=\"599\" \/>\n\t<meta property=\"og:image:height\" content=\"567\" \/>\n\t<meta property=\"og:image:type\" content=\"image\/png\" \/>\n<meta name=\"twitter:card\" content=\"summary_large_image\" \/>\n<meta name=\"twitter:label1\" content=\"Dur\u00e9e de lecture estim\u00e9e\" \/>\n\t<meta name=\"twitter:data1\" content=\"1 minute\" \/>\n<script type=\"application\/ld+json\" class=\"yoast-schema-graph\">{\"@context\":\"https:\/\/schema.org\",\"@graph\":[{\"@type\":\"WebPage\",\"@id\":\"https:\/\/xn--urduaherrieskola-9tb.eus\/fr\/services\/\",\"url\":\"https:\/\/xn--urduaherrieskola-9tb.eus\/fr\/services\/\",\"name\":\"Services \u2013 \u00c9ducation et soutien familial de l'\u00e9cole publique d'Ordu\u00f1a\",\"isPartOf\":{\"@id\":\"https:\/\/xn--urduaherrieskola-9tb.eus\/fr\/#website\"},\"primaryImageOfPage\":{\"@id\":\"https:\/\/xn--urduaherrieskola-9tb.eus\/fr\/services\/#primaryimage\"},\"image\":{\"@id\":\"https:\/\/xn--urduaherrieskola-9tb.eus\/fr\/services\/#primaryimage\"},\"thumbnailUrl\":\"https:\/\/xn--urduaherrieskola-9tb.eus\/wp-content\/uploads\/2025\/05\/Harrera.png\",\"datePublished\":\"2025-04-29T09:52:15+00:00\",\"dateModified\":\"2025-10-08T07:01:53+00:00\",\"description\":\"L'\u00e9cole publique d'Urdu\u00f1a offre une large gamme de services : restauration, transport, biblioth\u00e8que, conseil, petit-d\u00e9jeuner et activit\u00e9s suppl\u00e9mentaires, toujours sous surveillance.\",\"breadcrumb\":{\"@id\":\"https:\/\/xn--urduaherrieskola-9tb.eus\/fr\/services\/#breadcrumb\"},\"inLanguage\":\"fr-FR\",\"potentialAction\":[{\"@type\":\"ReadAction\",\"target\":[\"https:\/\/xn--urduaherrieskola-9tb.eus\/fr\/services\/\"]}]},{\"@type\":\"ImageObject\",\"inLanguage\":\"fr-FR\",\"@id\":\"https:\/\/xn--urduaherrieskola-9tb.eus\/fr\/services\/#primaryimage\",\"url\":\"https:\/\/xn--urduaherrieskola-9tb.eus\/wp-content\/uploads\/2025\/05\/Harrera.png\",\"contentUrl\":\"https:\/\/xn--urduaherrieskola-9tb.eus\/wp-content\/uploads\/2025\/05\/Harrera.png\"},{\"@type\":\"BreadcrumbList\",\"@id\":\"https:\/\/xn--urduaherrieskola-9tb.eus\/fr\/services\/#breadcrumb\",\"itemListElement\":[{\"@type\":\"ListItem\",\"position\":1,\"name\":\"Home\",\"item\":\"https:\/\/xn--urduaherrieskola-9tb.eus\/fr\/maison\/\"},{\"@type\":\"ListItem\",\"position\":2,\"name\":\"Services\"}]},{\"@type\":\"WebSite\",\"@id\":\"https:\/\/xn--urduaherrieskola-9tb.eus\/fr\/#website\",\"url\":\"https:\/\/xn--urduaherrieskola-9tb.eus\/fr\/\",\"name\":\"Urdu\u00f1a Herri Eskola\",\"description\":\"\",\"publisher\":{\"@id\":\"https:\/\/xn--urduaherrieskola-9tb.eus\/fr\/#organization\"},\"potentialAction\":[{\"@type\":\"SearchAction\",\"target\":{\"@type\":\"EntryPoint\",\"urlTemplate\":\"https:\/\/xn--urduaherrieskola-9tb.eus\/fr\/?s={search_term_string}\"},\"query-input\":{\"@type\":\"PropertyValueSpecification\",\"valueRequired\":true,\"valueName\":\"search_term_string\"}}],\"inLanguage\":\"fr-FR\"},{\"@type\":\"Organization\",\"@id\":\"https:\/\/xn--urduaherrieskola-9tb.eus\/fr\/#organization\",\"name\":\"Urdu\u00f1a Herri Eskola\",\"url\":\"https:\/\/xn--urduaherrieskola-9tb.eus\/fr\/\",\"logo\":{\"@type\":\"ImageObject\",\"inLanguage\":\"fr-FR\",\"@id\":\"https:\/\/xn--urduaherrieskola-9tb.eus\/fr\/#\/schema\/logo\/image\/\",\"url\":\"https:\/\/xn--urduaherrieskola-9tb.eus\/wp-content\/uploads\/2019\/09\/UHE_Logotipoa_HORIZONTAL.png\",\"contentUrl\":\"https:\/\/xn--urduaherrieskola-9tb.eus\/wp-content\/uploads\/2019\/09\/UHE_Logotipoa_HORIZONTAL.png\",\"width\":1608,\"height\":927,\"caption\":\"Urdu\u00f1a Herri Eskola\"},\"image\":{\"@id\":\"https:\/\/xn--urduaherrieskola-9tb.eus\/fr\/#\/schema\/logo\/image\/\"}}]}<\/script>\n<!-- \/ Yoast SEO plugin. -->","yoast_head_json":{"title":"Services \u2013 \u00c9ducation et soutien familial de l'\u00e9cole publique d'Ordu\u00f1a","description":"L'\u00e9cole publique d'Urdu\u00f1a offre une large gamme de services : restauration, transport, biblioth\u00e8que, conseil, petit-d\u00e9jeuner et activit\u00e9s suppl\u00e9mentaires, toujours sous surveillance.","robots":{"index":"index","follow":"follow","max-snippet":"max-snippet:-1","max-image-preview":"max-image-preview:large","max-video-preview":"max-video-preview:-1"},"canonical":"https:\/\/xn--urduaherrieskola-9tb.eus\/fr\/services\/","og_locale":"fr_FR","og_type":"article","og_title":"Services \u2013 \u00c9ducation et soutien familial de l'\u00e9cole publique d'Ordu\u00f1a","og_description":"L'\u00e9cole publique d'Urdu\u00f1a offre une large gamme de services : restauration, transport, biblioth\u00e8que, conseil, petit-d\u00e9jeuner et activit\u00e9s suppl\u00e9mentaires, toujours sous surveillance.","og_url":"https:\/\/xn--urduaherrieskola-9tb.eus\/fr\/services\/","og_site_name":"Urdu\u00f1a Herri Eskola","article_modified_time":"2025-10-08T07:01:53+00:00","og_image":[{"width":599,"height":567,"url":"https:\/\/xn--urduaherrieskola-9tb.eus\/wp-content\/uploads\/2025\/05\/Harrera.png","type":"image\/png"}],"twitter_card":"summary_large_image","twitter_misc":{"Dur\u00e9e de lecture estim\u00e9e":"1 minute"},"schema":{"@context":"https:\/\/schema.org","@graph":[{"@type":"WebPage","@id":"https:\/\/xn--urduaherrieskola-9tb.eus\/fr\/services\/","url":"https:\/\/xn--urduaherrieskola-9tb.eus\/fr\/services\/","name":"Services \u2013 \u00c9ducation et soutien familial de l'\u00e9cole publique d'Ordu\u00f1a","isPartOf":{"@id":"https:\/\/xn--urduaherrieskola-9tb.eus\/fr\/#website"},"primaryImageOfPage":{"@id":"https:\/\/xn--urduaherrieskola-9tb.eus\/fr\/services\/#primaryimage"},"image":{"@id":"https:\/\/xn--urduaherrieskola-9tb.eus\/fr\/services\/#primaryimage"},"thumbnailUrl":"https:\/\/xn--urduaherrieskola-9tb.eus\/wp-content\/uploads\/2025\/05\/Harrera.png","datePublished":"2025-04-29T09:52:15+00:00","dateModified":"2025-10-08T07:01:53+00:00","description":"L'\u00e9cole publique d'Urdu\u00f1a offre une large gamme de services : restauration, transport, biblioth\u00e8que, conseil, petit-d\u00e9jeuner et activit\u00e9s suppl\u00e9mentaires, toujours sous surveillance.","breadcrumb":{"@id":"https:\/\/xn--urduaherrieskola-9tb.eus\/fr\/services\/#breadcrumb"},"inLanguage":"fr-FR","potentialAction":[{"@type":"ReadAction","target":["https:\/\/xn--urduaherrieskola-9tb.eus\/fr\/services\/"]}]},{"@type":"ImageObject","inLanguage":"fr-FR","@id":"https:\/\/xn--urduaherrieskola-9tb.eus\/fr\/services\/#primaryimage","url":"https:\/\/xn--urduaherrieskola-9tb.eus\/wp-content\/uploads\/2025\/05\/Harrera.png","contentUrl":"https:\/\/xn--urduaherrieskola-9tb.eus\/wp-content\/uploads\/2025\/05\/Harrera.png"},{"@type":"BreadcrumbList","@id":"https:\/\/xn--urduaherrieskola-9tb.eus\/fr\/services\/#breadcrumb","itemListElement":[{"@type":"ListItem","position":1,"name":"Home","item":"https:\/\/xn--urduaherrieskola-9tb.eus\/fr\/maison\/"},{"@type":"ListItem","position":2,"name":"Services"}]},{"@type":"WebSite","@id":"https:\/\/xn--urduaherrieskola-9tb.eus\/fr\/#website","url":"https:\/\/xn--urduaherrieskola-9tb.eus\/fr\/","name":"Urdu\u00f1a Herri Eskola","description":"","publisher":{"@id":"https:\/\/xn--urduaherrieskola-9tb.eus\/fr\/#organization"},"potentialAction":[{"@type":"SearchAction","target":{"@type":"EntryPoint","urlTemplate":"https:\/\/xn--urduaherrieskola-9tb.eus\/fr\/?s={search_term_string}"},"query-input":{"@type":"PropertyValueSpecification","valueRequired":true,"valueName":"search_term_string"}}],"inLanguage":"fr-FR"},{"@type":"Organization","@id":"https:\/\/xn--urduaherrieskola-9tb.eus\/fr\/#organization","name":"Urdu\u00f1a Herri Eskola","url":"https:\/\/xn--urduaherrieskola-9tb.eus\/fr\/","logo":{"@type":"ImageObject","inLanguage":"fr-FR","@id":"https:\/\/xn--urduaherrieskola-9tb.eus\/fr\/#\/schema\/logo\/image\/","url":"https:\/\/xn--urduaherrieskola-9tb.eus\/wp-content\/uploads\/2019\/09\/UHE_Logotipoa_HORIZONTAL.png","contentUrl":"https:\/\/xn--urduaherrieskola-9tb.eus\/wp-content\/uploads\/2019\/09\/UHE_Logotipoa_HORIZONTAL.png","width":1608,"height":927,"caption":"Urdu\u00f1a Herri Eskola"},"image":{"@id":"https:\/\/xn--urduaherrieskola-9tb.eus\/fr\/#\/schema\/logo\/image\/"}}]}},"_links":{"self":[{"href":"https:\/\/xn--urduaherrieskola-9tb.eus\/fr\/wp-json\/wp\/v2\/pages\/32793","targetHints":{"allow":["GET"]}}],"collection":[{"href":"https:\/\/xn--urduaherrieskola-9tb.eus\/fr\/wp-json\/wp\/v2\/pages"}],"about":[{"href":"https:\/\/xn--urduaherrieskola-9tb.eus\/fr\/wp-json\/wp\/v2\/types\/page"}],"author":[{"embeddable":true,"href":"https:\/\/xn--urduaherrieskola-9tb.eus\/fr\/wp-json\/wp\/v2\/users\/1"}],"replies":[{"embeddable":true,"href":"https:\/\/xn--urduaherrieskola-9tb.eus\/fr\/wp-json\/wp\/v2\/comments?post=32793"}],"version-history":[{"count":1,"href":"https:\/\/xn--urduaherrieskola-9tb.eus\/fr\/wp-json\/wp\/v2\/pages\/32793\/revisions"}],"predecessor-version":[{"id":32795,"href":"https:\/\/xn--urduaherrieskola-9tb.eus\/fr\/wp-json\/wp\/v2\/pages\/32793\/revisions\/32795"}],"wp:attachment":[{"href":"https:\/\/xn--urduaherrieskola-9tb.eus\/fr\/wp-json\/wp\/v2\/media?parent=32793"}],"curies":[{"name":"wp","href":"https:\/\/api.w.org\/{rel}","templated":true}]}}