{"id":32844,"date":"2025-04-25T13:19:07","date_gmt":"2025-04-25T11:19:07","guid":{"rendered":"https:\/\/xn--urduaherrieskola-9tb.eus\/ruta-y-ciudad\/"},"modified":"2025-10-08T09:02:57","modified_gmt":"2025-10-08T07:02:57","slug":"ruta-y-ciudad","status":"publish","type":"page","link":"https:\/\/xn--urduaherrieskola-9tb.eus\/es\/ruta-y-ciudad\/","title":{"rendered":"Ruta y Ciudad"},"content":{"rendered":"\t\t<div data-elementor-type=\"wp-page\" data-elementor-id=\"32844\" class=\"elementor elementor-32844 elementor-26328\">\n\t\t\t\t\t\t<section class=\"elementor-section elementor-top-section elementor-element elementor-element-547501c elementor-section-stretched elementor-section-boxed elementor-section-height-default elementor-section-height-default\" data-id=\"547501c\" data-element_type=\"section\" data-settings=\"{&quot;stretch_section&quot;:&quot;section-stretched&quot;,&quot;background_background&quot;:&quot;classic&quot;}\">\n\t\t\t\t\t\t\t<div class=\"elementor-background-overlay\"><\/div>\n\t\t\t\t\t\t\t<div class=\"elementor-container elementor-column-gap-default\">\n\t\t\t\t\t<div class=\"elementor-column elementor-col-100 elementor-top-column elementor-element elementor-element-c72f3ad\" data-id=\"c72f3ad\" data-element_type=\"column\">\n\t\t\t<div class=\"elementor-widget-wrap elementor-element-populated\">\n\t\t\t\t\t\t<section class=\"elementor-section elementor-inner-section elementor-element elementor-element-b0fd65c elementor-section-boxed elementor-section-height-default elementor-section-height-default\" data-id=\"b0fd65c\" data-element_type=\"section\">\n\t\t\t\t\t\t<div class=\"elementor-container elementor-column-gap-default\">\n\t\t\t\t\t<div class=\"elementor-column elementor-col-50 elementor-inner-column elementor-element elementor-element-4c0ca13 cont-img-ibil\" data-id=\"4c0ca13\" data-element_type=\"column\" data-settings=\"{&quot;background_background&quot;:&quot;classic&quot;}\">\n\t\t\t<div class=\"elementor-widget-wrap elementor-element-populated\">\n\t\t\t\t\t<div class=\"elementor-background-overlay\"><\/div>\n\t\t\t\t\t\t<div class=\"elementor-element elementor-element-cdb40c4 elementor-widget__width-initial elementor-widget-mobile__width-inherit img-ibilbidea elementor-widget elementor-widget-image\" data-id=\"cdb40c4\" data-element_type=\"widget\" data-widget_type=\"image.default\">\n\t\t\t\t<div class=\"elementor-widget-container\">\n\t\t\t\t\t\t\t\t\t\t\t\t\t\t\t<img fetchpriority=\"high\" decoding=\"async\" width=\"1597\" height=\"667\" src=\"https:\/\/xn--urduaherrieskola-9tb.eus\/wp-content\/uploads\/2025\/05\/img1-viderrotu.png\" class=\"attachment-full size-full wp-image-32196\" alt=\"\" srcset=\"https:\/\/xn--urduaherrieskola-9tb.eus\/wp-content\/uploads\/2025\/05\/img1-viderrotu.png 1597w, https:\/\/xn--urduaherrieskola-9tb.eus\/wp-content\/uploads\/2025\/05\/img1-viderrotu-300x125.png 300w, https:\/\/xn--urduaherrieskola-9tb.eus\/wp-content\/uploads\/2025\/05\/img1-viderrotu-1024x428.png 1024w, https:\/\/xn--urduaherrieskola-9tb.eus\/wp-content\/uploads\/2025\/05\/img1-viderrotu-768x321.png 768w, https:\/\/xn--urduaherrieskola-9tb.eus\/wp-content\/uploads\/2025\/05\/img1-viderrotu-1536x642.png 1536w, https:\/\/xn--urduaherrieskola-9tb.eus\/wp-content\/uploads\/2025\/05\/img1-viderrotu-750x313.png 750w, https:\/\/xn--urduaherrieskola-9tb.eus\/wp-content\/uploads\/2025\/05\/img1-viderrotu-540x226.png 540w\" sizes=\"(max-width: 1597px) 100vw, 1597px\" \/>\t\t\t\t\t\t\t\t\t\t\t\t\t\t\t<\/div>\n\t\t\t\t<\/div>\n\t\t\t\t\t<\/div>\n\t\t<\/div>\n\t\t\t\t<div class=\"elementor-column elementor-col-50 elementor-inner-column elementor-element elementor-element-bac75d9\" data-id=\"bac75d9\" data-element_type=\"column\">\n\t\t\t<div class=\"elementor-widget-wrap elementor-element-populated\">\n\t\t\t\t\t\t<div class=\"elementor-element elementor-element-7b9caae elementor-widget elementor-widget-heading\" data-id=\"7b9caae\" data-element_type=\"widget\" data-widget_type=\"heading.default\">\n\t\t\t\t<div class=\"elementor-widget-container\">\n\t\t\t\t\t<h3 class=\"elementor-heading-title elementor-size-default\">Ruta<\/h3>\t\t\t\t<\/div>\n\t\t\t\t<\/div>\n\t\t\t\t<div class=\"elementor-element elementor-element-512c0f3 elementor-widget elementor-widget-text-editor\" data-id=\"512c0f3\" data-element_type=\"widget\" data-widget_type=\"text-editor.default\">\n\t\t\t\t<div class=\"elementor-widget-container\">\n\t\t\t\t\t\t\t\t\t<p>Urdu\u00f1a Herri Eskola se define por su lucha hist\u00f3rica, su pedagog\u00eda enraizada en la cultura vasca y su apuesta por un modelo educativo participativo e innovador, siempre desde la defensa de lo p\u00fablico.<\/p><p>La Urdu\u00f1a Herri Eskola es fruto de la lucha incansable por la educaci\u00f3n p\u00fablica, laica y vasca en Urdu\u00f1a, fundada en 1995. Su historia comienza en los a\u00f1os 80, cuando familias, profesorado y vecinos se unieron para rechazar el Modelo D (inmersi\u00f3n vasca) y oponerse al sistema educativo que priorizaba la escuela privada. <\/p><p>En 1990, cuando las instituciones religiosas y las escuelas se negaron a desalojar el espacio, la comunidad rehabilit\u00f3 la antigua Aduana, un edificio abandonado que se hab\u00eda convertido en un s\u00edmbolo de resistencia. All\u00ed, entre paredes h\u00famedas y recursos limitados, se impart\u00edan clases de educaci\u00f3n preescolar y de primera infancia, con sillas donadas por familias y docentes que trabajaban en condiciones precarias. <\/p><p>Hoy, Urdu\u00f1a Herri Eskola es un s\u00edmbolo de resistencia, participaci\u00f3n y calidad educativa, con varios hitos, como la creaci\u00f3n del primer comedor escolar gestionado por voluntarios y la puesta en marcha de una cocina autogestionada.<\/p>\t\t\t\t\t\t\t\t<\/div>\n\t\t\t\t<\/div>\n\t\t\t\t\t<\/div>\n\t\t<\/div>\n\t\t\t\t\t<\/div>\n\t\t<\/section>\n\t\t\t\t\t<\/div>\n\t\t<\/div>\n\t\t\t\t\t<\/div>\n\t\t<\/section>\n\t\t\t\t<section class=\"elementor-section elementor-top-section elementor-element elementor-element-e1e53d4 elementor-section-stretched elementor-section-full_width elementor-section-height-default elementor-section-height-default\" data-id=\"e1e53d4\" data-element_type=\"section\" data-settings=\"{&quot;stretch_section&quot;:&quot;section-stretched&quot;,&quot;background_background&quot;:&quot;classic&quot;}\">\n\t\t\t\t\t\t<div class=\"elementor-container elementor-column-gap-default\">\n\t\t\t\t\t<div class=\"elementor-column elementor-col-100 elementor-top-column elementor-element elementor-element-46324c6\" data-id=\"46324c6\" data-element_type=\"column\">\n\t\t\t<div class=\"elementor-widget-wrap elementor-element-populated\">\n\t\t\t\t\t\t<section class=\"elementor-section elementor-inner-section elementor-element elementor-element-b1ca854 elementor-section-full_width elementor-section-height-default elementor-section-height-default\" data-id=\"b1ca854\" data-element_type=\"section\">\n\t\t\t\t\t\t<div class=\"elementor-container elementor-column-gap-default\">\n\t\t\t\t\t<div class=\"elementor-column elementor-col-50 elementor-inner-column elementor-element elementor-element-a7404a8\" data-id=\"a7404a8\" data-element_type=\"column\">\n\t\t\t<div class=\"elementor-widget-wrap elementor-element-populated\">\n\t\t\t\t\t\t<div class=\"elementor-element elementor-element-53e769e elementor-widget elementor-widget-heading\" data-id=\"53e769e\" data-element_type=\"widget\" data-widget_type=\"heading.default\">\n\t\t\t\t<div class=\"elementor-widget-container\">\n\t\t\t\t\t<h3 class=\"elementor-heading-title elementor-size-default\">Ciudad<\/h3>\t\t\t\t<\/div>\n\t\t\t\t<\/div>\n\t\t\t\t<div class=\"elementor-element elementor-element-b0009b4 elementor-widget elementor-widget-text-editor\" data-id=\"b0009b4\" data-element_type=\"widget\" data-widget_type=\"text-editor.default\">\n\t\t\t\t<div class=\"elementor-widget-container\">\n\t\t\t\t\t\t\t\t\t<p>Ordu\u00f1a, un enclave de Bizkaia, rodeado de peque\u00f1os territorios, es una ciudad hist\u00f3rica protegida por un espectacular entorno natural. Se encuentra en la sierra de Gorobel y destaca por su paisaje monta\u00f1oso: el espectacular salto del Nervi\u00f3n y el Txarlazo son s\u00edmbolos del paisaje. El casco antiguo, declarado Conjunto Hist\u00f3rico-Art\u00edstico, alberga edificios medievales, como la iglesia de Santa Mar\u00eda y el ayuntamiento, testigos del pasado de la Ciudad Exenta (1229), privilegio que le otorg\u00f3 autonom\u00eda durante siglos.  <\/p><p>Hoy en d\u00eda, tradici\u00f3n y modernidad se combinan en Ordu\u00f1a: las calles vibran con fiestas como el Otxomaio y otras tradiciones ancestrales, mientras que el euskera y el castellano conviven en un ambiente multicultural.<\/p><p>Peque\u00f1o en tama\u00f1o, pero grande en personalidad, es un lugar donde la comunidad valora su patrimonio natural y cultural, reflejado en proyectos como Urdu\u00f1a Herri Eskola, una escuela p\u00fablica que nace del esfuerzo colectivo por preservar la educaci\u00f3n en euskera.<\/p><p>Urdu\u00f1a Herri Eskola es un reflejo de su tierra: conectada con la ciudad, solidaria y vasca. No naci\u00f3 en una oficina, sino en las plazas y calles donde familias, docentes y ciudadanos se unieron en apoyo a una educaci\u00f3n p\u00fablica, digna y en euskera. <\/p>\t\t\t\t\t\t\t\t<\/div>\n\t\t\t\t<\/div>\n\t\t\t\t\t<\/div>\n\t\t<\/div>\n\t\t\t\t<div class=\"elementor-column elementor-col-50 elementor-inner-column elementor-element elementor-element-8bbfd33 image-height-100\" data-id=\"8bbfd33\" data-element_type=\"column\">\n\t\t\t<div class=\"elementor-widget-wrap elementor-element-populated\">\n\t\t\t\t\t\t<div class=\"elementor-element elementor-element-b18bdb1 elementor-widget elementor-widget-image\" data-id=\"b18bdb1\" data-element_type=\"widget\" data-widget_type=\"image.default\">\n\t\t\t\t<div class=\"elementor-widget-container\">\n\t\t\t\t\t\t\t\t\t\t\t\t\t\t\t<img decoding=\"async\" width=\"2133\" height=\"1200\" src=\"https:\/\/xn--urduaherrieskola-9tb.eus\/wp-content\/uploads\/2025\/05\/plaza-1.png\" class=\"attachment-full size-full wp-image-32664\" alt=\"Herri plazaren ardazki bat goiko partetik aterata\" srcset=\"https:\/\/xn--urduaherrieskola-9tb.eus\/wp-content\/uploads\/2025\/05\/plaza-1.png 2133w, https:\/\/xn--urduaherrieskola-9tb.eus\/wp-content\/uploads\/2025\/05\/plaza-1-300x169.png 300w, https:\/\/xn--urduaherrieskola-9tb.eus\/wp-content\/uploads\/2025\/05\/plaza-1-1024x576.png 1024w, https:\/\/xn--urduaherrieskola-9tb.eus\/wp-content\/uploads\/2025\/05\/plaza-1-768x432.png 768w, https:\/\/xn--urduaherrieskola-9tb.eus\/wp-content\/uploads\/2025\/05\/plaza-1-1536x864.png 1536w, https:\/\/xn--urduaherrieskola-9tb.eus\/wp-content\/uploads\/2025\/05\/plaza-1-2048x1152.png 2048w, https:\/\/xn--urduaherrieskola-9tb.eus\/wp-content\/uploads\/2025\/05\/plaza-1-750x422.png 750w, https:\/\/xn--urduaherrieskola-9tb.eus\/wp-content\/uploads\/2025\/05\/plaza-1-540x304.png 540w\" sizes=\"(max-width: 2133px) 100vw, 2133px\" \/>\t\t\t\t\t\t\t\t\t\t\t\t\t\t\t<\/div>\n\t\t\t\t<\/div>\n\t\t\t\t\t<\/div>\n\t\t<\/div>\n\t\t\t\t\t<\/div>\n\t\t<\/section>\n\t\t\t\t\t<\/div>\n\t\t<\/div>\n\t\t\t\t\t<\/div>\n\t\t<\/section>\n\t\t\t\t<\/div>\n\t\t","protected":false},"excerpt":{"rendered":"<p>Ruta Urdu\u00f1a Herri Eskola se define por su lucha hist\u00f3rica, su pedagog\u00eda enraizada en la cultura vasca y su apuesta por un modelo educativo participativo e innovador, siempre desde la defensa de lo p\u00fablico. La Urdu\u00f1a Herri Eskola es fruto de la lucha incansable por la educaci\u00f3n p\u00fablica, laica y vasca en Urdu\u00f1a, fundada en [&hellip;]<\/p>\n","protected":false},"author":1,"featured_media":0,"parent":0,"menu_order":4,"comment_status":"closed","ping_status":"closed","template":"elementor_theme","meta":{"footnotes":""},"class_list":["post-32844","page","type-page","status-publish","hentry"],"yoast_head":"<!-- This site is optimized with the Yoast SEO plugin v26.4 - https:\/\/yoast.com\/wordpress\/plugins\/seo\/ -->\n<title>Ruta y Ciudad \u2013 Colegio P\u00fablico Urdu\u00f1a, Historia y Ra\u00edces<\/title>\n<meta name=\"description\" content=\"Urdu\u00f1a Herri Eskola: nacida del pueblo y crecida en la resistencia, un recorrido hist\u00f3rico a favor de una educaci\u00f3n p\u00fablica, vascoparlante y participativa.\" \/>\n<meta name=\"robots\" content=\"index, follow, max-snippet:-1, max-image-preview:large, max-video-preview:-1\" \/>\n<link rel=\"canonical\" href=\"https:\/\/xn--urduaherrieskola-9tb.eus\/es\/ruta-y-ciudad\/\" \/>\n<meta property=\"og:locale\" content=\"es_ES\" \/>\n<meta property=\"og:type\" content=\"article\" \/>\n<meta property=\"og:title\" content=\"Ruta y Ciudad \u2013 Colegio P\u00fablico Urdu\u00f1a, Historia y Ra\u00edces\" \/>\n<meta property=\"og:description\" content=\"Urdu\u00f1a Herri Eskola: nacida del pueblo y crecida en la resistencia, un recorrido hist\u00f3rico a favor de una educaci\u00f3n p\u00fablica, vascoparlante y participativa.\" \/>\n<meta property=\"og:url\" content=\"https:\/\/xn--urduaherrieskola-9tb.eus\/es\/ruta-y-ciudad\/\" \/>\n<meta property=\"og:site_name\" content=\"Urdu\u00f1a Herri Eskola\" \/>\n<meta property=\"article:modified_time\" content=\"2025-10-08T07:02:57+00:00\" \/>\n<meta property=\"og:image\" content=\"https:\/\/xn--urduaherrieskola-9tb.eus\/wp-content\/uploads\/2025\/05\/img1-viderrotu.png\" \/>\n\t<meta property=\"og:image:width\" content=\"1597\" \/>\n\t<meta property=\"og:image:height\" content=\"667\" \/>\n\t<meta property=\"og:image:type\" content=\"image\/png\" \/>\n<meta name=\"twitter:card\" content=\"summary_large_image\" \/>\n<meta name=\"twitter:label1\" content=\"Tiempo de lectura\" \/>\n\t<meta name=\"twitter:data1\" content=\"2 minutos\" \/>\n<script type=\"application\/ld+json\" class=\"yoast-schema-graph\">{\"@context\":\"https:\/\/schema.org\",\"@graph\":[{\"@type\":\"WebPage\",\"@id\":\"https:\/\/xn--urduaherrieskola-9tb.eus\/es\/ruta-y-ciudad\/\",\"url\":\"https:\/\/xn--urduaherrieskola-9tb.eus\/es\/ruta-y-ciudad\/\",\"name\":\"Ruta y Ciudad \u2013 Colegio P\u00fablico Urdu\u00f1a, Historia y Ra\u00edces\",\"isPartOf\":{\"@id\":\"https:\/\/xn--urduaherrieskola-9tb.eus\/es\/#website\"},\"primaryImageOfPage\":{\"@id\":\"https:\/\/xn--urduaherrieskola-9tb.eus\/es\/ruta-y-ciudad\/#primaryimage\"},\"image\":{\"@id\":\"https:\/\/xn--urduaherrieskola-9tb.eus\/es\/ruta-y-ciudad\/#primaryimage\"},\"thumbnailUrl\":\"https:\/\/xn--urduaherrieskola-9tb.eus\/wp-content\/uploads\/2025\/05\/img1-viderrotu.png\",\"datePublished\":\"2025-04-25T11:19:07+00:00\",\"dateModified\":\"2025-10-08T07:02:57+00:00\",\"description\":\"Urdu\u00f1a Herri Eskola: nacida del pueblo y crecida en la resistencia, un recorrido hist\u00f3rico a favor de una educaci\u00f3n p\u00fablica, vascoparlante y participativa.\",\"breadcrumb\":{\"@id\":\"https:\/\/xn--urduaherrieskola-9tb.eus\/es\/ruta-y-ciudad\/#breadcrumb\"},\"inLanguage\":\"es\",\"potentialAction\":[{\"@type\":\"ReadAction\",\"target\":[\"https:\/\/xn--urduaherrieskola-9tb.eus\/es\/ruta-y-ciudad\/\"]}]},{\"@type\":\"ImageObject\",\"inLanguage\":\"es\",\"@id\":\"https:\/\/xn--urduaherrieskola-9tb.eus\/es\/ruta-y-ciudad\/#primaryimage\",\"url\":\"https:\/\/xn--urduaherrieskola-9tb.eus\/wp-content\/uploads\/2025\/05\/img1-viderrotu.png\",\"contentUrl\":\"https:\/\/xn--urduaherrieskola-9tb.eus\/wp-content\/uploads\/2025\/05\/img1-viderrotu.png\"},{\"@type\":\"BreadcrumbList\",\"@id\":\"https:\/\/xn--urduaherrieskola-9tb.eus\/es\/ruta-y-ciudad\/#breadcrumb\",\"itemListElement\":[{\"@type\":\"ListItem\",\"position\":1,\"name\":\"Home\",\"item\":\"https:\/\/xn--urduaherrieskola-9tb.eus\/es\/hogar\/\"},{\"@type\":\"ListItem\",\"position\":2,\"name\":\"Ruta y Ciudad\"}]},{\"@type\":\"WebSite\",\"@id\":\"https:\/\/xn--urduaherrieskola-9tb.eus\/es\/#website\",\"url\":\"https:\/\/xn--urduaherrieskola-9tb.eus\/es\/\",\"name\":\"Urdu\u00f1a Herri Eskola\",\"description\":\"\",\"publisher\":{\"@id\":\"https:\/\/xn--urduaherrieskola-9tb.eus\/es\/#organization\"},\"potentialAction\":[{\"@type\":\"SearchAction\",\"target\":{\"@type\":\"EntryPoint\",\"urlTemplate\":\"https:\/\/xn--urduaherrieskola-9tb.eus\/es\/?s={search_term_string}\"},\"query-input\":{\"@type\":\"PropertyValueSpecification\",\"valueRequired\":true,\"valueName\":\"search_term_string\"}}],\"inLanguage\":\"es\"},{\"@type\":\"Organization\",\"@id\":\"https:\/\/xn--urduaherrieskola-9tb.eus\/es\/#organization\",\"name\":\"Urdu\u00f1a Herri Eskola\",\"url\":\"https:\/\/xn--urduaherrieskola-9tb.eus\/es\/\",\"logo\":{\"@type\":\"ImageObject\",\"inLanguage\":\"es\",\"@id\":\"https:\/\/xn--urduaherrieskola-9tb.eus\/es\/#\/schema\/logo\/image\/\",\"url\":\"https:\/\/xn--urduaherrieskola-9tb.eus\/wp-content\/uploads\/2019\/09\/UHE_Logotipoa_HORIZONTAL.png\",\"contentUrl\":\"https:\/\/xn--urduaherrieskola-9tb.eus\/wp-content\/uploads\/2019\/09\/UHE_Logotipoa_HORIZONTAL.png\",\"width\":1608,\"height\":927,\"caption\":\"Urdu\u00f1a Herri Eskola\"},\"image\":{\"@id\":\"https:\/\/xn--urduaherrieskola-9tb.eus\/es\/#\/schema\/logo\/image\/\"}}]}<\/script>\n<!-- \/ Yoast SEO plugin. -->","yoast_head_json":{"title":"Ruta y Ciudad \u2013 Colegio P\u00fablico Urdu\u00f1a, Historia y Ra\u00edces","description":"Urdu\u00f1a Herri Eskola: nacida del pueblo y crecida en la resistencia, un recorrido hist\u00f3rico a favor de una educaci\u00f3n p\u00fablica, vascoparlante y participativa.","robots":{"index":"index","follow":"follow","max-snippet":"max-snippet:-1","max-image-preview":"max-image-preview:large","max-video-preview":"max-video-preview:-1"},"canonical":"https:\/\/xn--urduaherrieskola-9tb.eus\/es\/ruta-y-ciudad\/","og_locale":"es_ES","og_type":"article","og_title":"Ruta y Ciudad \u2013 Colegio P\u00fablico Urdu\u00f1a, Historia y Ra\u00edces","og_description":"Urdu\u00f1a Herri Eskola: nacida del pueblo y crecida en la resistencia, un recorrido hist\u00f3rico a favor de una educaci\u00f3n p\u00fablica, vascoparlante y participativa.","og_url":"https:\/\/xn--urduaherrieskola-9tb.eus\/es\/ruta-y-ciudad\/","og_site_name":"Urdu\u00f1a Herri Eskola","article_modified_time":"2025-10-08T07:02:57+00:00","og_image":[{"width":1597,"height":667,"url":"https:\/\/xn--urduaherrieskola-9tb.eus\/wp-content\/uploads\/2025\/05\/img1-viderrotu.png","type":"image\/png"}],"twitter_card":"summary_large_image","twitter_misc":{"Tiempo de lectura":"2 minutos"},"schema":{"@context":"https:\/\/schema.org","@graph":[{"@type":"WebPage","@id":"https:\/\/xn--urduaherrieskola-9tb.eus\/es\/ruta-y-ciudad\/","url":"https:\/\/xn--urduaherrieskola-9tb.eus\/es\/ruta-y-ciudad\/","name":"Ruta y Ciudad \u2013 Colegio P\u00fablico Urdu\u00f1a, Historia y Ra\u00edces","isPartOf":{"@id":"https:\/\/xn--urduaherrieskola-9tb.eus\/es\/#website"},"primaryImageOfPage":{"@id":"https:\/\/xn--urduaherrieskola-9tb.eus\/es\/ruta-y-ciudad\/#primaryimage"},"image":{"@id":"https:\/\/xn--urduaherrieskola-9tb.eus\/es\/ruta-y-ciudad\/#primaryimage"},"thumbnailUrl":"https:\/\/xn--urduaherrieskola-9tb.eus\/wp-content\/uploads\/2025\/05\/img1-viderrotu.png","datePublished":"2025-04-25T11:19:07+00:00","dateModified":"2025-10-08T07:02:57+00:00","description":"Urdu\u00f1a Herri Eskola: nacida del pueblo y crecida en la resistencia, un recorrido hist\u00f3rico a favor de una educaci\u00f3n p\u00fablica, vascoparlante y participativa.","breadcrumb":{"@id":"https:\/\/xn--urduaherrieskola-9tb.eus\/es\/ruta-y-ciudad\/#breadcrumb"},"inLanguage":"es","potentialAction":[{"@type":"ReadAction","target":["https:\/\/xn--urduaherrieskola-9tb.eus\/es\/ruta-y-ciudad\/"]}]},{"@type":"ImageObject","inLanguage":"es","@id":"https:\/\/xn--urduaherrieskola-9tb.eus\/es\/ruta-y-ciudad\/#primaryimage","url":"https:\/\/xn--urduaherrieskola-9tb.eus\/wp-content\/uploads\/2025\/05\/img1-viderrotu.png","contentUrl":"https:\/\/xn--urduaherrieskola-9tb.eus\/wp-content\/uploads\/2025\/05\/img1-viderrotu.png"},{"@type":"BreadcrumbList","@id":"https:\/\/xn--urduaherrieskola-9tb.eus\/es\/ruta-y-ciudad\/#breadcrumb","itemListElement":[{"@type":"ListItem","position":1,"name":"Home","item":"https:\/\/xn--urduaherrieskola-9tb.eus\/es\/hogar\/"},{"@type":"ListItem","position":2,"name":"Ruta y Ciudad"}]},{"@type":"WebSite","@id":"https:\/\/xn--urduaherrieskola-9tb.eus\/es\/#website","url":"https:\/\/xn--urduaherrieskola-9tb.eus\/es\/","name":"Urdu\u00f1a Herri Eskola","description":"","publisher":{"@id":"https:\/\/xn--urduaherrieskola-9tb.eus\/es\/#organization"},"potentialAction":[{"@type":"SearchAction","target":{"@type":"EntryPoint","urlTemplate":"https:\/\/xn--urduaherrieskola-9tb.eus\/es\/?s={search_term_string}"},"query-input":{"@type":"PropertyValueSpecification","valueRequired":true,"valueName":"search_term_string"}}],"inLanguage":"es"},{"@type":"Organization","@id":"https:\/\/xn--urduaherrieskola-9tb.eus\/es\/#organization","name":"Urdu\u00f1a Herri Eskola","url":"https:\/\/xn--urduaherrieskola-9tb.eus\/es\/","logo":{"@type":"ImageObject","inLanguage":"es","@id":"https:\/\/xn--urduaherrieskola-9tb.eus\/es\/#\/schema\/logo\/image\/","url":"https:\/\/xn--urduaherrieskola-9tb.eus\/wp-content\/uploads\/2019\/09\/UHE_Logotipoa_HORIZONTAL.png","contentUrl":"https:\/\/xn--urduaherrieskola-9tb.eus\/wp-content\/uploads\/2019\/09\/UHE_Logotipoa_HORIZONTAL.png","width":1608,"height":927,"caption":"Urdu\u00f1a Herri Eskola"},"image":{"@id":"https:\/\/xn--urduaherrieskola-9tb.eus\/es\/#\/schema\/logo\/image\/"}}]}},"_links":{"self":[{"href":"https:\/\/xn--urduaherrieskola-9tb.eus\/es\/wp-json\/wp\/v2\/pages\/32844","targetHints":{"allow":["GET"]}}],"collection":[{"href":"https:\/\/xn--urduaherrieskola-9tb.eus\/es\/wp-json\/wp\/v2\/pages"}],"about":[{"href":"https:\/\/xn--urduaherrieskola-9tb.eus\/es\/wp-json\/wp\/v2\/types\/page"}],"author":[{"embeddable":true,"href":"https:\/\/xn--urduaherrieskola-9tb.eus\/es\/wp-json\/wp\/v2\/users\/1"}],"replies":[{"embeddable":true,"href":"https:\/\/xn--urduaherrieskola-9tb.eus\/es\/wp-json\/wp\/v2\/comments?post=32844"}],"version-history":[{"count":1,"href":"https:\/\/xn--urduaherrieskola-9tb.eus\/es\/wp-json\/wp\/v2\/pages\/32844\/revisions"}],"predecessor-version":[{"id":32845,"href":"https:\/\/xn--urduaherrieskola-9tb.eus\/es\/wp-json\/wp\/v2\/pages\/32844\/revisions\/32845"}],"wp:attachment":[{"href":"https:\/\/xn--urduaherrieskola-9tb.eus\/es\/wp-json\/wp\/v2\/media?parent=32844"}],"curies":[{"name":"wp","href":"https:\/\/api.w.org\/{rel}","templated":true}]}}