{"id":32822,"date":"2025-05-22T15:31:08","date_gmt":"2025-05-22T13:31:08","guid":{"rendered":"https:\/\/xn--urduaherrieskola-9tb.eus\/politica-de-privacidad\/"},"modified":"2025-10-08T09:02:30","modified_gmt":"2025-10-08T07:02:30","slug":"politica-de-privacidad","status":"publish","type":"page","link":"https:\/\/xn--urduaherrieskola-9tb.eus\/es\/politica-de-privacidad\/","title":{"rendered":"pol\u00edtica de privacidad"},"content":{"rendered":"\t\t<div data-elementor-type=\"wp-page\" data-elementor-id=\"32822\" class=\"elementor elementor-32822 elementor-29939\">\n\t\t\t\t\t\t<section class=\"elementor-section elementor-top-section elementor-element elementor-element-cbebac4 elementor-section-boxed elementor-section-height-default elementor-section-height-default\" data-id=\"cbebac4\" data-element_type=\"section\">\n\t\t\t\t\t\t<div class=\"elementor-container elementor-column-gap-default\">\n\t\t\t\t\t<div class=\"elementor-column elementor-col-100 elementor-top-column elementor-element elementor-element-6ef4073\" data-id=\"6ef4073\" data-element_type=\"column\">\n\t\t\t<div class=\"elementor-widget-wrap elementor-element-populated\">\n\t\t\t\t\t\t<div class=\"elementor-element elementor-element-aa9d1bd elementor-widget elementor-widget-text-editor\" data-id=\"aa9d1bd\" data-element_type=\"widget\" data-widget_type=\"text-editor.default\">\n\t\t\t\t<div class=\"elementor-widget-container\">\n\t\t\t\t\t\t\t\t\t<p data-start=\"81\" data-end=\"489\"><strong data-start=\"81\" data-end=\"222\">En Urdu\u00f1a Herri Eskola tratamos los datos personales de forma responsable y cumplimos estrictamente con la normativa vigente en materia de protecci\u00f3n de datos<\/strong> , incluido el Reglamento 2016\/679 del Parlamento Europeo y del Consejo, de 27 de abril de 2016 (Reglamento General de Protecci\u00f3n de Datos o RGPD) y la Ley Org\u00e1nica 3\/2018, de 5 de diciembre, de Protecci\u00f3n de Datos Personales y Garant\u00eda de los Derechos Digitales.<\/p><hr data-start=\"491\" data-end=\"494\"><p data-start=\"496\" data-end=\"535\"><strong>1. Responsable del tratamiento de datos<\/strong><\/p><p data-start=\"537\" data-end=\"755\"><strong data-start=\"537\" data-end=\"550\">Organizaci\u00f3n<\/strong> : Colegio P\u00fablico de Ordu\u00f1a<br data-start=\"601\" data-end=\"604\"> <strong data-start=\"604\" data-end=\"616\">Direcci\u00f3n<\/strong> : San Francisco 3, 48460 Ordu\u00f1a, Bizkaia<br data-start=\"665\" data-end=\"668\"> <strong data-start=\"668\" data-end=\"681\">Tel\u00e9fono<\/strong> : 945 383 504<br data-start=\"700\" data-end=\"703\"> <strong data-start=\"703\" data-end=\"725\">Correo electr\u00f3nico<\/strong> : 014379aa@hezkuntza.net<\/p><hr data-start=\"757\" data-end=\"760\"><p data-start=\"762\" data-end=\"803\"><strong>2. Principios del tratamiento de datos<\/strong><\/p><p data-start=\"805\" data-end=\"885\">Cumplimos con los siguientes principios establecidos por el RGPD al tratar datos personales:<\/p><ul data-start=\"887\" data-end=\"1755\"><li data-start=\"887\" data-end=\"1128\"><p data-start=\"889\" data-end=\"1128\"><strong data-start=\"889\" data-end=\"935\">Licitud, lealtad y transparencia<\/strong> : Los datos son tratados de manera l\u00edcita, leal y transparente, con el consentimiento del interesado o para cumplir con obligaciones legales, ejecutar un contrato o proteger un inter\u00e9s legal leg\u00edtimo.<\/p><\/li><li data-start=\"1130\" data-end=\"1230\"><p data-start=\"1132\" data-end=\"1230\"><strong data-start=\"1132\" data-end=\"1154\">Limitaci\u00f3n de la finalidad<\/strong> : Los datos s\u00f3lo se utilizar\u00e1n para las finalidades indicadas en esta pol\u00edtica.<\/p><\/li><li data-start=\"1232\" data-end=\"1382\"><p data-start=\"1234\" data-end=\"1382\"><strong data-start=\"1234\" data-end=\"1257\">Minimizaci\u00f3n de datos<\/strong> : S\u00f3lo se recogen los datos solicitados, que son estrictamente necesarios para la gesti\u00f3n y comunicaci\u00f3n de las actividades del colegio.<\/p><\/li><li data-start=\"1384\" data-end=\"1524\"><p data-start=\"1386\" data-end=\"1524\"><strong data-start=\"1386\" data-end=\"1401\">Exactitud<\/strong> : Los datos se mantienen actualizados y exactos. Los usuarios o interesados \u200b\u200bdeben notificar cualquier modificaci\u00f3n de los datos. <\/p><\/li><li data-start=\"1526\" data-end=\"1635\"><p data-start=\"1528\" data-end=\"1635\"><strong data-start=\"1528\" data-end=\"1561\">Limitaci\u00f3n del plazo de conservaci\u00f3n<\/strong> : Los datos solo se conservar\u00e1n durante el tiempo necesario, transcurrido el cual ser\u00e1n eliminados.<\/p><\/li><li data-start=\"1637\" data-end=\"1755\"><p data-start=\"1639\" data-end=\"1755\"><strong data-start=\"1639\" data-end=\"1676\">Integridad y confidencialidad<\/strong> : Se toman medidas t\u00e9cnicas y organizativas apropiadas para proteger los datos.<\/p><\/li><\/ul><hr data-start=\"1757\" data-end=\"1760\"><p data-start=\"1762\" data-end=\"1808\"><strong>3. Categor\u00edas de datos personales tratados<\/strong><\/p><p data-start=\"1810\" data-end=\"1867\">Los datos tratados son los siguientes, proporcionados por los usuarios:<\/p><ul data-start=\"1869\" data-end=\"2135\"><li data-start=\"1869\" data-end=\"1988\"><p data-start=\"1871\" data-end=\"1988\"><strong data-start=\"1871\" data-end=\"1927\">Datos recogidos a trav\u00e9s del formulario de contacto<\/strong> : Nombre, direcci\u00f3n de correo electr\u00f3nico, n\u00famero de tel\u00e9fono y contenido del mensaje.<\/p><\/li><li data-start=\"1989\" data-end=\"2135\"><p data-start=\"1991\" data-end=\"2135\"><strong data-start=\"1991\" data-end=\"2044\">Datos relacionados con inscripci\u00f3n o tr\u00e1mites escolares<\/strong> : Datos de alumnos y tutores familiares, matr\u00edculas, permisos y otros documentos.<\/p><\/li><\/ul><p data-start=\"2137\" data-end=\"2318\">Los datos especiales (relacionados con la salud, afiliaci\u00f3n sindical o antecedentes penales) no se tratan salvo que sea necesario y se obtenga el correspondiente consentimiento expl\u00edcito.<\/p><hr data-start=\"2320\" data-end=\"2323\"><p data-start=\"2325\" data-end=\"2347\"><strong>4. Origen de los datos<\/strong><\/p><p data-start=\"2349\" data-end=\"2486\">Los datos personales son facilitados directamente por los interesados \u200b\u200bo sus representantes, a trav\u00e9s de formularios digitales, v\u00eda tel\u00e9fono o correo electr\u00f3nico.<\/p><hr data-start=\"2488\" data-end=\"2491\"><p data-start=\"2493\" data-end=\"2530\"><strong>5. Finalidad del tratamiento de datos<\/strong><\/p><p data-start=\"2532\" data-end=\"2587\">Los datos personales se tratan para los siguientes fines:<\/p><ul data-start=\"2589\" data-end=\"2846\"><li data-start=\"2589\" data-end=\"2676\"><p data-start=\"2591\" data-end=\"2676\">Formulario de contacto: Para gestionar consultas, solicitudes o peticiones de informaci\u00f3n.<\/p><\/li><li data-start=\"2677\" data-end=\"2776\"><p data-start=\"2679\" data-end=\"2776\">Tr\u00e1mites relacionados con las actividades escolares: Gestionar inscripciones, permisos y comunicaci\u00f3n familiar.<\/p><\/li><li data-start=\"2777\" data-end=\"2846\"><p data-start=\"2779\" data-end=\"2846\">Recibir y dar respuesta a sugerencias, quejas o valoraciones.<\/p><\/li><\/ul><p data-start=\"2848\" data-end=\"2902\">No se realiza ning\u00fan tratamiento automatizado de perfiles.<\/p><hr data-start=\"2904\" data-end=\"2907\"><p data-start=\"2909\" data-end=\"2948\"><strong>6. Base jur\u00eddica del tratamiento<\/strong><\/p><p data-start=\"2950\" data-end=\"2984\">El tratamiento de datos se basa en:<\/p><ul data-start=\"2986\" data-end=\"3200\"><li data-start=\"2986\" data-end=\"3077\"><p data-start=\"2988\" data-end=\"3077\"><strong data-start=\"3003\" data-end=\"3016\">Con el consentimiento<\/strong> del interesado, para recibir consultas o mensajes a trav\u00e9s del formulario de contacto.<\/p><\/li><li data-start=\"3078\" data-end=\"3200\"><p data-start=\"3080\" data-end=\"3200\">Cuando <strong data-start=\"3080\" data-end=\"3113\">la gesti\u00f3n de actividades educativas<\/strong> sea necesaria para cumplir con obligaciones legales o para proteger un inter\u00e9s leg\u00edtimo.<\/p><\/li><\/ul><hr data-start=\"3202\" data-end=\"3205\"><p data-start=\"3207\" data-end=\"3232\"><strong>7. Destinatarios de los datos<\/strong><\/p><p data-start=\"3234\" data-end=\"3466\">Los datos no se ceden a terceros, salvo que sea necesario para cumplir con una obligaci\u00f3n legal o para la prestaci\u00f3n de servicios escolares (como administraciones educativas, compa\u00f1\u00edas de seguros, empresas que gestionan el comedor o el transporte, etc.).<\/p><hr data-start=\"3468\" data-end=\"3471\"><p data-start=\"3473\" data-end=\"3497\"><strong>8. Periodo de conservaci\u00f3n<\/strong><\/p><p data-start=\"3499\" data-end=\"3614\">Los datos se conservar\u00e1n durante el tiempo que sea necesario y posteriormente durante los plazos necesarios para cumplir con los plazos legales aplicables.<\/p><p data-start=\"3621\" data-end=\"3653\"><strong>9. Derechos del usuario<\/strong><\/p><p data-start=\"3655\" data-end=\"3700\">Los usuarios tienen los siguientes derechos:<\/p><ul data-start=\"3702\" data-end=\"4180\"><li data-start=\"3702\" data-end=\"3764\"><p data-start=\"3704\" data-end=\"3764\"><strong data-start=\"3704\" data-end=\"3727\">Derecho de acceso<\/strong> : Para saber qu\u00e9 datos est\u00e1n siendo tratados.<\/p><\/li><li data-start=\"3765\" data-end=\"3832\"><p data-start=\"3767\" data-end=\"3832\"><strong data-start=\"3767\" data-end=\"3791\">Derecho de rectificaci\u00f3n<\/strong> : Para modificar datos inexactos o incompletos.<\/p><\/li><li data-start=\"3833\" data-end=\"3926\"><p data-start=\"3835\" data-end=\"3926\"><strong data-start=\"3835\" data-end=\"3880\">Derecho de supresi\u00f3n (derecho al olvido)<\/strong> : Suprimir los datos cuando ya no sean necesarios.<\/p><\/li><li data-start=\"3927\" data-end=\"4004\"><p data-start=\"3929\" data-end=\"4004\"><strong data-start=\"3929\" data-end=\"3964\">Derecho a limitar el tratamiento<\/strong> : Limitar el tratamiento en determinados casos.<\/p><\/li><li data-start=\"4005\" data-end=\"4101\"><p data-start=\"4007\" data-end=\"4101\"><strong data-start=\"4007\" data-end=\"4025\">Portabilidad<\/strong> : Recopilar datos en una estructura espec\u00edfica y transmitirlos a otro controlador.<\/p><\/li><li data-start=\"4102\" data-end=\"4180\"><p data-start=\"4104\" data-end=\"4180\"><strong data-start=\"4104\" data-end=\"4130\">Derecho de oposici\u00f3n<\/strong> : Oponerse al tratamiento de datos en determinados casos.<\/p><\/li><\/ul><hr data-start=\"4182\" data-end=\"4185\"><p data-start=\"4187\" data-end=\"4218\"><strong>10. C\u00f3mo ejercer sus derechos<\/strong><\/p><p data-start=\"4220\" data-end=\"4354\">Para ejercitar estos derechos, los interesados \u200b\u200bdeber\u00e1n enviar una solicitud por correo postal o electr\u00f3nico a la siguiente direcci\u00f3n:<\/p><p data-start=\"4356\" data-end=\"4450\"><strong data-start=\"4356\" data-end=\"4368\">Direcci\u00f3n<\/strong> : Calle Foru 20, 48460 Ordu\u00f1a (Bizkaia)<br data-start=\"4407\" data-end=\"4410\"> <strong data-start=\"4410\" data-end=\"4420\">Correo electr\u00f3nico<\/strong> : [Ingrese su direcci\u00f3n de correo electr\u00f3nico]<\/p><p data-start=\"4452\" data-end=\"4525\">El colegio responder\u00e1 en los plazos establecidos por la normativa vigente.<\/p><hr data-start=\"4527\" data-end=\"4530\"><p data-start=\"4532\" data-end=\"4592\"><strong>11. Reclamaciones ante la Agencia Espa\u00f1ola de Protecci\u00f3n de Datos<\/strong><\/p><p data-start=\"4594\" data-end=\"4685\">Si considera que el tratamiento de sus datos no se ha realizado correctamente, puede presentar una reclamaci\u00f3n:<\/p><ul data-start=\"4687\" data-end=\"4790\"><li data-start=\"4687\" data-end=\"4739\"><p data-start=\"4689\" data-end=\"4739\"><strong data-start=\"4689\" data-end=\"4701\">Sitio web<\/strong> : <a class=\"\" href=\"https:\/\/www.aepd.es\" target=\"_new\" rel=\"noopener\" data-start=\"4703\" data-end=\"4737\">www.aepd.es<\/a><\/p><\/li><li data-start=\"4740\" data-end=\"4790\"><p data-start=\"4742\" data-end=\"4790\"><strong data-start=\"4742\" data-end=\"4754\">Direcci\u00f3n<\/strong> : Calle Jorge Juan, 6 \u2013 28001 Madrid<\/p><\/li><\/ul><hr data-start=\"4792\" data-end=\"4795\"><p data-start=\"4797\" data-end=\"4816\"><strong>12. Seguridad<\/strong><\/p><p data-start=\"4818\" data-end=\"4938\">La escuela ha implementado medidas t\u00e9cnicas y organizativas apropiadas para proteger los datos personales de acuerdo con el art\u00edculo 32 del RGPD. <\/p><hr data-start=\"4940\" data-end=\"4943\"><p data-start=\"4945\" data-end=\"4978\"><strong>13. Obligaci\u00f3n de confidencialidad<\/strong><\/p><p data-start=\"4980\" data-end=\"5132\">Todos los empleados y colaboradores del colegio que tengan acceso a datos personales est\u00e1n obligados a mantener la confidencialidad, incluso una vez finalizada la relaci\u00f3n laboral.<\/p><hr data-start=\"5134\" data-end=\"5137\"><p data-start=\"5139\" data-end=\"5177\"><strong>14. Uso del sitio web por menores de edad<\/strong><\/p><p data-start=\"5179\" data-end=\"5277\">La informaci\u00f3n detallada sobre el uso del sitio web por parte de menores de edad puede consultarse <strong data-start=\"5241\" data-end=\"5258\">en el Aviso Legal<\/strong> .<\/p><hr data-start=\"5279\" data-end=\"5282\"><p data-start=\"5284\" data-end=\"5301\"><strong>15. Galletas<\/strong><\/p><p data-start=\"5303\" data-end=\"5471\">Las cookies se utilizan para facilitar la navegaci\u00f3n y recordar las preferencias del usuario. Para m\u00e1s informaci\u00f3n, consulte <strong data-start=\"5439\" data-end=\"5470\">la pol\u00edtica de cookies del sitio web<\/strong> . <\/p><p data-start=\"5473\" data-end=\"5521\"><strong data-start=\"5473\" data-end=\"5521\">Texto actualizado: 10 de febrero de 2025.<\/strong><\/p>\t\t\t\t\t\t\t\t<\/div>\n\t\t\t\t<\/div>\n\t\t\t\t\t<\/div>\n\t\t<\/div>\n\t\t\t\t\t<\/div>\n\t\t<\/section>\n\t\t\t\t<\/div>\n\t\t","protected":false},"excerpt":{"rendered":"<p>En Urdu\u00f1a Herri Eskola tratamos los datos personales de forma responsable y cumplimos estrictamente con la normativa vigente en materia de protecci\u00f3n de datos , incluido el Reglamento 2016\/679 del Parlamento Europeo y del Consejo, de 27 de abril de 2016 (Reglamento General de Protecci\u00f3n de Datos o RGPD) y la Ley Org\u00e1nica 3\/2018, de [&hellip;]<\/p>\n","protected":false},"author":1,"featured_media":0,"parent":0,"menu_order":0,"comment_status":"closed","ping_status":"closed","template":"","meta":{"footnotes":""},"class_list":["post-32822","page","type-page","status-publish","hentry"],"yoast_head":"<!-- This site is optimized with the Yoast SEO plugin v26.4 - https:\/\/yoast.com\/wordpress\/plugins\/seo\/ -->\n<title>pol\u00edtica de privacidad - Urdu\u00f1a Herri Eskola<\/title>\n<meta name=\"robots\" content=\"index, follow, max-snippet:-1, max-image-preview:large, max-video-preview:-1\" \/>\n<link rel=\"canonical\" href=\"https:\/\/xn--urduaherrieskola-9tb.eus\/es\/politica-de-privacidad\/\" \/>\n<meta property=\"og:locale\" content=\"es_ES\" \/>\n<meta property=\"og:type\" content=\"article\" \/>\n<meta property=\"og:title\" content=\"pol\u00edtica de privacidad - Urdu\u00f1a Herri Eskola\" \/>\n<meta property=\"og:description\" content=\"En Urdu\u00f1a Herri Eskola tratamos los datos personales de forma responsable y cumplimos estrictamente con la normativa vigente en materia de protecci\u00f3n de datos , incluido el Reglamento 2016\/679 del Parlamento Europeo y del Consejo, de 27 de abril de 2016 (Reglamento General de Protecci\u00f3n de Datos o RGPD) y la Ley Org\u00e1nica 3\/2018, de [&hellip;]\" \/>\n<meta property=\"og:url\" content=\"https:\/\/xn--urduaherrieskola-9tb.eus\/es\/politica-de-privacidad\/\" \/>\n<meta property=\"og:site_name\" content=\"Urdu\u00f1a Herri Eskola\" \/>\n<meta property=\"article:modified_time\" content=\"2025-10-08T07:02:30+00:00\" \/>\n<meta property=\"og:image\" content=\"https:\/\/xn--urduaherrieskola-9tb.eus\/wp-content\/uploads\/2019\/09\/UHE_Logotipoa_HORIZONTAL.png\" \/>\n\t<meta property=\"og:image:width\" content=\"1608\" \/>\n\t<meta property=\"og:image:height\" content=\"927\" \/>\n\t<meta property=\"og:image:type\" content=\"image\/png\" \/>\n<meta name=\"twitter:card\" content=\"summary_large_image\" \/>\n<meta name=\"twitter:label1\" content=\"Tiempo de lectura\" \/>\n\t<meta name=\"twitter:data1\" content=\"4 minutos\" \/>\n<script type=\"application\/ld+json\" class=\"yoast-schema-graph\">{\"@context\":\"https:\/\/schema.org\",\"@graph\":[{\"@type\":\"WebPage\",\"@id\":\"https:\/\/xn--urduaherrieskola-9tb.eus\/es\/politica-de-privacidad\/\",\"url\":\"https:\/\/xn--urduaherrieskola-9tb.eus\/es\/politica-de-privacidad\/\",\"name\":\"pol\u00edtica de privacidad - Urdu\u00f1a Herri Eskola\",\"isPartOf\":{\"@id\":\"https:\/\/xn--urduaherrieskola-9tb.eus\/es\/#website\"},\"datePublished\":\"2025-05-22T13:31:08+00:00\",\"dateModified\":\"2025-10-08T07:02:30+00:00\",\"breadcrumb\":{\"@id\":\"https:\/\/xn--urduaherrieskola-9tb.eus\/es\/politica-de-privacidad\/#breadcrumb\"},\"inLanguage\":\"es\",\"potentialAction\":[{\"@type\":\"ReadAction\",\"target\":[\"https:\/\/xn--urduaherrieskola-9tb.eus\/es\/politica-de-privacidad\/\"]}]},{\"@type\":\"BreadcrumbList\",\"@id\":\"https:\/\/xn--urduaherrieskola-9tb.eus\/es\/politica-de-privacidad\/#breadcrumb\",\"itemListElement\":[{\"@type\":\"ListItem\",\"position\":1,\"name\":\"Home\",\"item\":\"https:\/\/xn--urduaherrieskola-9tb.eus\/es\/hogar\/\"},{\"@type\":\"ListItem\",\"position\":2,\"name\":\"pol\u00edtica de privacidad\"}]},{\"@type\":\"WebSite\",\"@id\":\"https:\/\/xn--urduaherrieskola-9tb.eus\/es\/#website\",\"url\":\"https:\/\/xn--urduaherrieskola-9tb.eus\/es\/\",\"name\":\"Urdu\u00f1a Herri Eskola\",\"description\":\"\",\"publisher\":{\"@id\":\"https:\/\/xn--urduaherrieskola-9tb.eus\/es\/#organization\"},\"potentialAction\":[{\"@type\":\"SearchAction\",\"target\":{\"@type\":\"EntryPoint\",\"urlTemplate\":\"https:\/\/xn--urduaherrieskola-9tb.eus\/es\/?s={search_term_string}\"},\"query-input\":{\"@type\":\"PropertyValueSpecification\",\"valueRequired\":true,\"valueName\":\"search_term_string\"}}],\"inLanguage\":\"es\"},{\"@type\":\"Organization\",\"@id\":\"https:\/\/xn--urduaherrieskola-9tb.eus\/es\/#organization\",\"name\":\"Urdu\u00f1a Herri Eskola\",\"url\":\"https:\/\/xn--urduaherrieskola-9tb.eus\/es\/\",\"logo\":{\"@type\":\"ImageObject\",\"inLanguage\":\"es\",\"@id\":\"https:\/\/xn--urduaherrieskola-9tb.eus\/es\/#\/schema\/logo\/image\/\",\"url\":\"https:\/\/xn--urduaherrieskola-9tb.eus\/wp-content\/uploads\/2019\/09\/UHE_Logotipoa_HORIZONTAL.png\",\"contentUrl\":\"https:\/\/xn--urduaherrieskola-9tb.eus\/wp-content\/uploads\/2019\/09\/UHE_Logotipoa_HORIZONTAL.png\",\"width\":1608,\"height\":927,\"caption\":\"Urdu\u00f1a Herri Eskola\"},\"image\":{\"@id\":\"https:\/\/xn--urduaherrieskola-9tb.eus\/es\/#\/schema\/logo\/image\/\"}}]}<\/script>\n<!-- \/ Yoast SEO plugin. -->","yoast_head_json":{"title":"pol\u00edtica de privacidad - Urdu\u00f1a Herri Eskola","robots":{"index":"index","follow":"follow","max-snippet":"max-snippet:-1","max-image-preview":"max-image-preview:large","max-video-preview":"max-video-preview:-1"},"canonical":"https:\/\/xn--urduaherrieskola-9tb.eus\/es\/politica-de-privacidad\/","og_locale":"es_ES","og_type":"article","og_title":"pol\u00edtica de privacidad - Urdu\u00f1a Herri Eskola","og_description":"En Urdu\u00f1a Herri Eskola tratamos los datos personales de forma responsable y cumplimos estrictamente con la normativa vigente en materia de protecci\u00f3n de datos , incluido el Reglamento 2016\/679 del Parlamento Europeo y del Consejo, de 27 de abril de 2016 (Reglamento General de Protecci\u00f3n de Datos o RGPD) y la Ley Org\u00e1nica 3\/2018, de [&hellip;]","og_url":"https:\/\/xn--urduaherrieskola-9tb.eus\/es\/politica-de-privacidad\/","og_site_name":"Urdu\u00f1a Herri Eskola","article_modified_time":"2025-10-08T07:02:30+00:00","og_image":[{"width":1608,"height":927,"url":"https:\/\/xn--urduaherrieskola-9tb.eus\/wp-content\/uploads\/2019\/09\/UHE_Logotipoa_HORIZONTAL.png","type":"image\/png"}],"twitter_card":"summary_large_image","twitter_misc":{"Tiempo de lectura":"4 minutos"},"schema":{"@context":"https:\/\/schema.org","@graph":[{"@type":"WebPage","@id":"https:\/\/xn--urduaherrieskola-9tb.eus\/es\/politica-de-privacidad\/","url":"https:\/\/xn--urduaherrieskola-9tb.eus\/es\/politica-de-privacidad\/","name":"pol\u00edtica de privacidad - Urdu\u00f1a Herri Eskola","isPartOf":{"@id":"https:\/\/xn--urduaherrieskola-9tb.eus\/es\/#website"},"datePublished":"2025-05-22T13:31:08+00:00","dateModified":"2025-10-08T07:02:30+00:00","breadcrumb":{"@id":"https:\/\/xn--urduaherrieskola-9tb.eus\/es\/politica-de-privacidad\/#breadcrumb"},"inLanguage":"es","potentialAction":[{"@type":"ReadAction","target":["https:\/\/xn--urduaherrieskola-9tb.eus\/es\/politica-de-privacidad\/"]}]},{"@type":"BreadcrumbList","@id":"https:\/\/xn--urduaherrieskola-9tb.eus\/es\/politica-de-privacidad\/#breadcrumb","itemListElement":[{"@type":"ListItem","position":1,"name":"Home","item":"https:\/\/xn--urduaherrieskola-9tb.eus\/es\/hogar\/"},{"@type":"ListItem","position":2,"name":"pol\u00edtica de privacidad"}]},{"@type":"WebSite","@id":"https:\/\/xn--urduaherrieskola-9tb.eus\/es\/#website","url":"https:\/\/xn--urduaherrieskola-9tb.eus\/es\/","name":"Urdu\u00f1a Herri Eskola","description":"","publisher":{"@id":"https:\/\/xn--urduaherrieskola-9tb.eus\/es\/#organization"},"potentialAction":[{"@type":"SearchAction","target":{"@type":"EntryPoint","urlTemplate":"https:\/\/xn--urduaherrieskola-9tb.eus\/es\/?s={search_term_string}"},"query-input":{"@type":"PropertyValueSpecification","valueRequired":true,"valueName":"search_term_string"}}],"inLanguage":"es"},{"@type":"Organization","@id":"https:\/\/xn--urduaherrieskola-9tb.eus\/es\/#organization","name":"Urdu\u00f1a Herri Eskola","url":"https:\/\/xn--urduaherrieskola-9tb.eus\/es\/","logo":{"@type":"ImageObject","inLanguage":"es","@id":"https:\/\/xn--urduaherrieskola-9tb.eus\/es\/#\/schema\/logo\/image\/","url":"https:\/\/xn--urduaherrieskola-9tb.eus\/wp-content\/uploads\/2019\/09\/UHE_Logotipoa_HORIZONTAL.png","contentUrl":"https:\/\/xn--urduaherrieskola-9tb.eus\/wp-content\/uploads\/2019\/09\/UHE_Logotipoa_HORIZONTAL.png","width":1608,"height":927,"caption":"Urdu\u00f1a Herri Eskola"},"image":{"@id":"https:\/\/xn--urduaherrieskola-9tb.eus\/es\/#\/schema\/logo\/image\/"}}]}},"_links":{"self":[{"href":"https:\/\/xn--urduaherrieskola-9tb.eus\/es\/wp-json\/wp\/v2\/pages\/32822","targetHints":{"allow":["GET"]}}],"collection":[{"href":"https:\/\/xn--urduaherrieskola-9tb.eus\/es\/wp-json\/wp\/v2\/pages"}],"about":[{"href":"https:\/\/xn--urduaherrieskola-9tb.eus\/es\/wp-json\/wp\/v2\/types\/page"}],"author":[{"embeddable":true,"href":"https:\/\/xn--urduaherrieskola-9tb.eus\/es\/wp-json\/wp\/v2\/users\/1"}],"replies":[{"embeddable":true,"href":"https:\/\/xn--urduaherrieskola-9tb.eus\/es\/wp-json\/wp\/v2\/comments?post=32822"}],"version-history":[{"count":1,"href":"https:\/\/xn--urduaherrieskola-9tb.eus\/es\/wp-json\/wp\/v2\/pages\/32822\/revisions"}],"predecessor-version":[{"id":32823,"href":"https:\/\/xn--urduaherrieskola-9tb.eus\/es\/wp-json\/wp\/v2\/pages\/32822\/revisions\/32823"}],"wp:attachment":[{"href":"https:\/\/xn--urduaherrieskola-9tb.eus\/es\/wp-json\/wp\/v2\/media?parent=32822"}],"curies":[{"name":"wp","href":"https:\/\/api.w.org\/{rel}","templated":true}]}}