{"id":32810,"date":"2025-04-28T09:40:35","date_gmt":"2025-04-28T07:40:35","guid":{"rendered":"https:\/\/xn--urduaherrieskola-9tb.eus\/lineas-pedagogicas\/"},"modified":"2025-10-08T09:02:16","modified_gmt":"2025-10-08T07:02:16","slug":"lineas-pedagogicas","status":"publish","type":"page","link":"https:\/\/xn--urduaherrieskola-9tb.eus\/es\/lineas-pedagogicas\/","title":{"rendered":"L\u00edneas Pedag\u00f3gicas"},"content":{"rendered":"\t\t<div data-elementor-type=\"wp-page\" data-elementor-id=\"32810\" class=\"elementor elementor-32810 elementor-26382\">\n\t\t\t\t\t\t<section class=\"elementor-section elementor-top-section elementor-element elementor-element-b9909aa elementor-section-stretched elementor-section-boxed elementor-section-height-default elementor-section-height-default\" data-id=\"b9909aa\" data-element_type=\"section\" data-settings=\"{&quot;stretch_section&quot;:&quot;section-stretched&quot;}\">\n\t\t\t\t\t\t<div class=\"elementor-container elementor-column-gap-default\">\n\t\t\t\t\t<div class=\"elementor-column elementor-col-100 elementor-top-column elementor-element elementor-element-f92a624\" data-id=\"f92a624\" data-element_type=\"column\">\n\t\t\t<div class=\"elementor-widget-wrap elementor-element-populated\">\n\t\t\t\t\t\t<div class=\"elementor-element elementor-element-792f684 elementor-widget elementor-widget-heading\" data-id=\"792f684\" data-element_type=\"widget\" data-widget_type=\"heading.default\">\n\t\t\t\t<div class=\"elementor-widget-container\">\n\t\t\t\t\t<h3 class=\"elementor-heading-title elementor-size-default\">METODOLOG\u00cdA<\/h3>\t\t\t\t<\/div>\n\t\t\t\t<\/div>\n\t\t\t\t\t<\/div>\n\t\t<\/div>\n\t\t\t\t\t<\/div>\n\t\t<\/section>\n\t\t\t\t<section class=\"elementor-section elementor-top-section elementor-element elementor-element-9ee368c elementor-section-stretched elementor-section-boxed elementor-section-height-default elementor-section-height-default\" data-id=\"9ee368c\" data-element_type=\"section\" data-settings=\"{&quot;stretch_section&quot;:&quot;section-stretched&quot;,&quot;background_background&quot;:&quot;classic&quot;}\">\n\t\t\t\t\t\t<div class=\"elementor-container elementor-column-gap-default\">\n\t\t\t\t\t<div class=\"elementor-column elementor-col-50 elementor-top-column elementor-element elementor-element-3fc39af\" data-id=\"3fc39af\" data-element_type=\"column\">\n\t\t\t<div class=\"elementor-widget-wrap elementor-element-populated\">\n\t\t\t\t\t\t<section class=\"elementor-section elementor-inner-section elementor-element elementor-element-7e18c65 elementor-section-boxed elementor-section-height-default elementor-section-height-default\" data-id=\"7e18c65\" data-element_type=\"section\">\n\t\t\t\t\t\t<div class=\"elementor-container elementor-column-gap-default\">\n\t\t\t\t\t<div class=\"elementor-column elementor-col-100 elementor-inner-column elementor-element elementor-element-acdf26a metodologia-wrapper\" data-id=\"acdf26a\" data-element_type=\"column\">\n\t\t\t<div class=\"elementor-widget-wrap elementor-element-populated\">\n\t\t\t\t\t\t<div class=\"elementor-element elementor-element-b848876 elementor-widget elementor-widget-image\" data-id=\"b848876\" data-element_type=\"widget\" data-widget_type=\"image.default\">\n\t\t\t\t<div class=\"elementor-widget-container\">\n\t\t\t\t\t\t\t\t\t\t\t\t<figure class=\"wp-caption\">\n\t\t\t\t\t\t\t\t\t\t<img fetchpriority=\"high\" decoding=\"async\" width=\"1752\" height=\"1168\" src=\"https:\/\/xn--urduaherrieskola-9tb.eus\/wp-content\/uploads\/2025\/05\/DSC06595.jpg\" class=\"attachment-full size-full wp-image-32204\" alt=\"Ikasle bat marrazten\" srcset=\"https:\/\/xn--urduaherrieskola-9tb.eus\/wp-content\/uploads\/2025\/05\/DSC06595.jpg 1752w, https:\/\/xn--urduaherrieskola-9tb.eus\/wp-content\/uploads\/2025\/05\/DSC06595-300x200.jpg 300w, https:\/\/xn--urduaherrieskola-9tb.eus\/wp-content\/uploads\/2025\/05\/DSC06595-1024x683.jpg 1024w, https:\/\/xn--urduaherrieskola-9tb.eus\/wp-content\/uploads\/2025\/05\/DSC06595-768x512.jpg 768w, https:\/\/xn--urduaherrieskola-9tb.eus\/wp-content\/uploads\/2025\/05\/DSC06595-1536x1024.jpg 1536w, https:\/\/xn--urduaherrieskola-9tb.eus\/wp-content\/uploads\/2025\/05\/DSC06595-600x400.jpg 600w, https:\/\/xn--urduaherrieskola-9tb.eus\/wp-content\/uploads\/2025\/05\/DSC06595-750x500.jpg 750w, https:\/\/xn--urduaherrieskola-9tb.eus\/wp-content\/uploads\/2025\/05\/DSC06595-540x360.jpg 540w\" sizes=\"(max-width: 1752px) 100vw, 1752px\" \/>\t\t\t\t\t\t\t\t\t\t\t<figcaption class=\"widget-image-caption wp-caption-text\"><\/figcaption>\n\t\t\t\t\t\t\t\t\t\t<\/figure>\n\t\t\t\t\t\t\t\t\t<\/div>\n\t\t\t\t<\/div>\n\t\t\t\t<div class=\"elementor-element elementor-element-61e763d elementor-absolute metodologia-header elementor-widget elementor-widget-heading\" data-id=\"61e763d\" data-element_type=\"widget\" data-settings=\"{&quot;_position&quot;:&quot;absolute&quot;}\" data-widget_type=\"heading.default\">\n\t\t\t\t<div class=\"elementor-widget-container\">\n\t\t\t\t\t<h3 class=\"elementor-heading-title elementor-size-default\">Ni\u00f1o<br> Educaci\u00f3n<\/h3>\t\t\t\t<\/div>\n\t\t\t\t<\/div>\n\t\t\t\t\t<\/div>\n\t\t<\/div>\n\t\t\t\t\t<\/div>\n\t\t<\/section>\n\t\t\t\t<div class=\"elementor-element elementor-element-30c4286 metodologia-content elementor-widget elementor-widget-text-editor\" data-id=\"30c4286\" data-element_type=\"widget\" data-widget_type=\"text-editor.default\">\n\t\t\t\t<div class=\"elementor-widget-container\">\n\t\t\t\t\t\t\t\t\t<p>Las tareas que se utilizar\u00e1n <b>en Educaci\u00f3n Infantil<\/b> estar\u00e1n basadas en <b>el Movimiento Aut\u00f3nomo<\/b> .  <\/p><p>Incluso en sus primeras etapas, los ni\u00f1os se mueven libremente en los ecosistemas: ofrecemos espacios y materiales especialmente dise\u00f1ados para participar en la ciencia y las matem\u00e1ticas, los idiomas y las artes.<\/p>\t\t\t\t\t\t\t\t<\/div>\n\t\t\t\t<\/div>\n\t\t\t\t\t<\/div>\n\t\t<\/div>\n\t\t\t\t<div class=\"elementor-column elementor-col-50 elementor-top-column elementor-element elementor-element-ede1649\" data-id=\"ede1649\" data-element_type=\"column\">\n\t\t\t<div class=\"elementor-widget-wrap elementor-element-populated\">\n\t\t\t\t\t\t<section class=\"elementor-section elementor-inner-section elementor-element elementor-element-653e79d elementor-section-boxed elementor-section-height-default elementor-section-height-default\" data-id=\"653e79d\" data-element_type=\"section\">\n\t\t\t\t\t\t<div class=\"elementor-container elementor-column-gap-default\">\n\t\t\t\t\t<div class=\"elementor-column elementor-col-100 elementor-inner-column elementor-element elementor-element-541efe8 metodologia-wrapper\" data-id=\"541efe8\" data-element_type=\"column\">\n\t\t\t<div class=\"elementor-widget-wrap elementor-element-populated\">\n\t\t\t\t\t\t<div class=\"elementor-element elementor-element-be79156 elementor-widget elementor-widget-image\" data-id=\"be79156\" data-element_type=\"widget\" data-widget_type=\"image.default\">\n\t\t\t\t<div class=\"elementor-widget-container\">\n\t\t\t\t\t\t\t\t\t\t\t\t\t\t\t<img decoding=\"async\" src=\"https:\/\/xn--urduaherrieskola-9tb.eus\/wp-content\/uploads\/2025\/05\/LH_Zirkulazio-Librea.jpg\" title=\"\" alt=\"\" loading=\"lazy\" \/>\t\t\t\t\t\t\t\t\t\t\t\t\t\t\t<\/div>\n\t\t\t\t<\/div>\n\t\t\t\t<div class=\"elementor-element elementor-element-448aedc elementor-absolute metodologia-header elementor-widget elementor-widget-heading\" data-id=\"448aedc\" data-element_type=\"widget\" data-settings=\"{&quot;_position&quot;:&quot;absolute&quot;}\" data-widget_type=\"heading.default\">\n\t\t\t\t<div class=\"elementor-widget-container\">\n\t\t\t\t\t<h3 class=\"elementor-heading-title elementor-size-default\">Primero<br> Educaci\u00f3n<\/h3>\t\t\t\t<\/div>\n\t\t\t\t<\/div>\n\t\t\t\t\t<\/div>\n\t\t<\/div>\n\t\t\t\t\t<\/div>\n\t\t<\/section>\n\t\t\t\t<div class=\"elementor-element elementor-element-e106f13 metodologia-content elementor-widget elementor-widget-text-editor\" data-id=\"e106f13\" data-element_type=\"widget\" data-widget_type=\"text-editor.default\">\n\t\t\t\t<div class=\"elementor-widget-container\">\n\t\t\t\t\t\t\t\t\t<p><b>En Educaci\u00f3n Primaria<\/b> , para asegurar la transici\u00f3n entre etapas, nos centraremos <b>en la Libre Circulaci\u00f3n<\/b> . El alumno es el protagonista de su propio proceso de aprendizaje. Un modelo que fomenta la autonom\u00eda y la colaboraci\u00f3n del alumnado. Garantizaremos siempre la evaluaci\u00f3n educativa.   <\/p>\t\t\t\t\t\t\t\t<\/div>\n\t\t\t\t<\/div>\n\t\t\t\t\t<\/div>\n\t\t<\/div>\n\t\t\t\t\t<\/div>\n\t\t<\/section>\n\t\t\t\t<section class=\"elementor-section elementor-top-section elementor-element elementor-element-0e02842 elementor-section-stretched elementor-section-boxed elementor-section-height-default elementor-section-height-default\" data-id=\"0e02842\" data-element_type=\"section\" data-settings=\"{&quot;stretch_section&quot;:&quot;section-stretched&quot;,&quot;background_background&quot;:&quot;classic&quot;}\">\n\t\t\t\t\t\t<div class=\"elementor-container elementor-column-gap-default\">\n\t\t\t\t\t<div class=\"elementor-column elementor-col-100 elementor-top-column elementor-element elementor-element-f491d07\" data-id=\"f491d07\" data-element_type=\"column\">\n\t\t\t<div class=\"elementor-widget-wrap elementor-element-populated\">\n\t\t\t\t\t\t<div class=\"elementor-element elementor-element-f1b6364 elementor-widget elementor-widget-text-editor\" data-id=\"f1b6364\" data-element_type=\"widget\" data-widget_type=\"text-editor.default\">\n\t\t\t\t<div class=\"elementor-widget-container\">\n\t\t\t\t\t\t\t\t\t<p><b>A lo largo de toda la trayectoria escolar,<\/b> la tarea principal del adulto es acompa\u00f1ar los procesos de desarrollo y aprendizaje del ni\u00f1o\/alumno, planteando nuevos retos desde el punto de partida en cada momento y proporcionando los recursos necesarios.  <\/p><p>Esta forma unificada de actuar como adultos nos lleva a participar conscientemente en una escucha activa y emp\u00e1tica. Nos comprometemos con la comunicaci\u00f3n no violenta de Marshall Rosenberg. Seguimos el mismo modelo que Nere Mendiz\u00e1bal, que se aplica en casa y a nivel local.  <\/p><p>Creyendo en el poder transformador de <b>la educaci\u00f3n<\/b> , colaboramos con las familias para lograr el desarrollo integral del ni\u00f1o.<\/p>\t\t\t\t\t\t\t\t<\/div>\n\t\t\t\t<\/div>\n\t\t\t\t\t<\/div>\n\t\t<\/div>\n\t\t\t\t\t<\/div>\n\t\t<\/section>\n\t\t\t\t<\/div>\n\t\t","protected":false},"excerpt":{"rendered":"<p>METODOLOG\u00cdA Ni\u00f1o Educaci\u00f3n Las tareas que se utilizar\u00e1n en Educaci\u00f3n Infantil estar\u00e1n basadas en el Movimiento Aut\u00f3nomo . Incluso en sus primeras etapas, los ni\u00f1os se mueven libremente en los ecosistemas: ofrecemos espacios y materiales especialmente dise\u00f1ados para participar en la ciencia y las matem\u00e1ticas, los idiomas y las artes. Primero Educaci\u00f3n En Educaci\u00f3n Primaria [&hellip;]<\/p>\n","protected":false},"author":1,"featured_media":0,"parent":0,"menu_order":0,"comment_status":"closed","ping_status":"closed","template":"elementor_theme","meta":{"footnotes":""},"class_list":["post-32810","page","type-page","status-publish","hentry"],"yoast_head":"<!-- This site is optimized with the Yoast SEO plugin v26.4 - https:\/\/yoast.com\/wordpress\/plugins\/seo\/ -->\n<title>Orientaciones Pedag\u00f3gicas \u2013 La Visi\u00f3n Educativa del Colegio P\u00fablico Urdu\u00f1a<\/title>\n<meta name=\"description\" content=\"Apuntando al desarrollo integral, en Urdu\u00f1a Herri Eskola nuestros fundamentos pedag\u00f3gicos son la escucha activa, la empat\u00eda y la colaboraci\u00f3n familia-comunidad.\" \/>\n<meta name=\"robots\" content=\"index, follow, max-snippet:-1, max-image-preview:large, max-video-preview:-1\" \/>\n<link rel=\"canonical\" href=\"https:\/\/xn--urduaherrieskola-9tb.eus\/es\/lineas-pedagogicas\/\" \/>\n<meta property=\"og:locale\" content=\"es_ES\" \/>\n<meta property=\"og:type\" content=\"article\" \/>\n<meta property=\"og:title\" content=\"Orientaciones Pedag\u00f3gicas \u2013 La Visi\u00f3n Educativa del Colegio P\u00fablico Urdu\u00f1a\" \/>\n<meta property=\"og:description\" content=\"Apuntando al desarrollo integral, en Urdu\u00f1a Herri Eskola nuestros fundamentos pedag\u00f3gicos son la escucha activa, la empat\u00eda y la colaboraci\u00f3n familia-comunidad.\" \/>\n<meta property=\"og:url\" content=\"https:\/\/xn--urduaherrieskola-9tb.eus\/es\/lineas-pedagogicas\/\" \/>\n<meta property=\"og:site_name\" content=\"Urdu\u00f1a Herri Eskola\" \/>\n<meta property=\"article:modified_time\" content=\"2025-10-08T07:02:16+00:00\" \/>\n<meta property=\"og:image\" content=\"https:\/\/xn--urduaherrieskola-9tb.eus\/wp-content\/uploads\/2025\/05\/DSC06595.jpg\" \/>\n\t<meta property=\"og:image:width\" content=\"1752\" \/>\n\t<meta property=\"og:image:height\" content=\"1168\" \/>\n\t<meta property=\"og:image:type\" content=\"image\/jpeg\" \/>\n<meta name=\"twitter:card\" content=\"summary_large_image\" \/>\n<meta name=\"twitter:label1\" content=\"Tiempo de lectura\" \/>\n\t<meta name=\"twitter:data1\" content=\"1 minuto\" \/>\n<script type=\"application\/ld+json\" class=\"yoast-schema-graph\">{\"@context\":\"https:\/\/schema.org\",\"@graph\":[{\"@type\":\"WebPage\",\"@id\":\"https:\/\/xn--urduaherrieskola-9tb.eus\/es\/lineas-pedagogicas\/\",\"url\":\"https:\/\/xn--urduaherrieskola-9tb.eus\/es\/lineas-pedagogicas\/\",\"name\":\"Orientaciones Pedag\u00f3gicas \u2013 La Visi\u00f3n Educativa del Colegio P\u00fablico Urdu\u00f1a\",\"isPartOf\":{\"@id\":\"https:\/\/xn--urduaherrieskola-9tb.eus\/es\/#website\"},\"primaryImageOfPage\":{\"@id\":\"https:\/\/xn--urduaherrieskola-9tb.eus\/es\/lineas-pedagogicas\/#primaryimage\"},\"image\":{\"@id\":\"https:\/\/xn--urduaherrieskola-9tb.eus\/es\/lineas-pedagogicas\/#primaryimage\"},\"thumbnailUrl\":\"https:\/\/xn--urduaherrieskola-9tb.eus\/wp-content\/uploads\/2025\/05\/DSC06595.jpg\",\"datePublished\":\"2025-04-28T07:40:35+00:00\",\"dateModified\":\"2025-10-08T07:02:16+00:00\",\"description\":\"Apuntando al desarrollo integral, en Urdu\u00f1a Herri Eskola nuestros fundamentos pedag\u00f3gicos son la escucha activa, la empat\u00eda y la colaboraci\u00f3n familia-comunidad.\",\"breadcrumb\":{\"@id\":\"https:\/\/xn--urduaherrieskola-9tb.eus\/es\/lineas-pedagogicas\/#breadcrumb\"},\"inLanguage\":\"es\",\"potentialAction\":[{\"@type\":\"ReadAction\",\"target\":[\"https:\/\/xn--urduaherrieskola-9tb.eus\/es\/lineas-pedagogicas\/\"]}]},{\"@type\":\"ImageObject\",\"inLanguage\":\"es\",\"@id\":\"https:\/\/xn--urduaherrieskola-9tb.eus\/es\/lineas-pedagogicas\/#primaryimage\",\"url\":\"https:\/\/xn--urduaherrieskola-9tb.eus\/wp-content\/uploads\/2025\/05\/DSC06595.jpg\",\"contentUrl\":\"https:\/\/xn--urduaherrieskola-9tb.eus\/wp-content\/uploads\/2025\/05\/DSC06595.jpg\"},{\"@type\":\"BreadcrumbList\",\"@id\":\"https:\/\/xn--urduaherrieskola-9tb.eus\/es\/lineas-pedagogicas\/#breadcrumb\",\"itemListElement\":[{\"@type\":\"ListItem\",\"position\":1,\"name\":\"Home\",\"item\":\"https:\/\/xn--urduaherrieskola-9tb.eus\/es\/hogar\/\"},{\"@type\":\"ListItem\",\"position\":2,\"name\":\"L\u00edneas Pedag\u00f3gicas\"}]},{\"@type\":\"WebSite\",\"@id\":\"https:\/\/xn--urduaherrieskola-9tb.eus\/es\/#website\",\"url\":\"https:\/\/xn--urduaherrieskola-9tb.eus\/es\/\",\"name\":\"Urdu\u00f1a Herri Eskola\",\"description\":\"\",\"publisher\":{\"@id\":\"https:\/\/xn--urduaherrieskola-9tb.eus\/es\/#organization\"},\"potentialAction\":[{\"@type\":\"SearchAction\",\"target\":{\"@type\":\"EntryPoint\",\"urlTemplate\":\"https:\/\/xn--urduaherrieskola-9tb.eus\/es\/?s={search_term_string}\"},\"query-input\":{\"@type\":\"PropertyValueSpecification\",\"valueRequired\":true,\"valueName\":\"search_term_string\"}}],\"inLanguage\":\"es\"},{\"@type\":\"Organization\",\"@id\":\"https:\/\/xn--urduaherrieskola-9tb.eus\/es\/#organization\",\"name\":\"Urdu\u00f1a Herri Eskola\",\"url\":\"https:\/\/xn--urduaherrieskola-9tb.eus\/es\/\",\"logo\":{\"@type\":\"ImageObject\",\"inLanguage\":\"es\",\"@id\":\"https:\/\/xn--urduaherrieskola-9tb.eus\/es\/#\/schema\/logo\/image\/\",\"url\":\"https:\/\/xn--urduaherrieskola-9tb.eus\/wp-content\/uploads\/2019\/09\/UHE_Logotipoa_HORIZONTAL.png\",\"contentUrl\":\"https:\/\/xn--urduaherrieskola-9tb.eus\/wp-content\/uploads\/2019\/09\/UHE_Logotipoa_HORIZONTAL.png\",\"width\":1608,\"height\":927,\"caption\":\"Urdu\u00f1a Herri Eskola\"},\"image\":{\"@id\":\"https:\/\/xn--urduaherrieskola-9tb.eus\/es\/#\/schema\/logo\/image\/\"}}]}<\/script>\n<!-- \/ Yoast SEO plugin. -->","yoast_head_json":{"title":"Orientaciones Pedag\u00f3gicas \u2013 La Visi\u00f3n Educativa del Colegio P\u00fablico Urdu\u00f1a","description":"Apuntando al desarrollo integral, en Urdu\u00f1a Herri Eskola nuestros fundamentos pedag\u00f3gicos son la escucha activa, la empat\u00eda y la colaboraci\u00f3n familia-comunidad.","robots":{"index":"index","follow":"follow","max-snippet":"max-snippet:-1","max-image-preview":"max-image-preview:large","max-video-preview":"max-video-preview:-1"},"canonical":"https:\/\/xn--urduaherrieskola-9tb.eus\/es\/lineas-pedagogicas\/","og_locale":"es_ES","og_type":"article","og_title":"Orientaciones Pedag\u00f3gicas \u2013 La Visi\u00f3n Educativa del Colegio P\u00fablico Urdu\u00f1a","og_description":"Apuntando al desarrollo integral, en Urdu\u00f1a Herri Eskola nuestros fundamentos pedag\u00f3gicos son la escucha activa, la empat\u00eda y la colaboraci\u00f3n familia-comunidad.","og_url":"https:\/\/xn--urduaherrieskola-9tb.eus\/es\/lineas-pedagogicas\/","og_site_name":"Urdu\u00f1a Herri Eskola","article_modified_time":"2025-10-08T07:02:16+00:00","og_image":[{"width":1752,"height":1168,"url":"https:\/\/xn--urduaherrieskola-9tb.eus\/wp-content\/uploads\/2025\/05\/DSC06595.jpg","type":"image\/jpeg"}],"twitter_card":"summary_large_image","twitter_misc":{"Tiempo de lectura":"1 minuto"},"schema":{"@context":"https:\/\/schema.org","@graph":[{"@type":"WebPage","@id":"https:\/\/xn--urduaherrieskola-9tb.eus\/es\/lineas-pedagogicas\/","url":"https:\/\/xn--urduaherrieskola-9tb.eus\/es\/lineas-pedagogicas\/","name":"Orientaciones Pedag\u00f3gicas \u2013 La Visi\u00f3n Educativa del Colegio P\u00fablico Urdu\u00f1a","isPartOf":{"@id":"https:\/\/xn--urduaherrieskola-9tb.eus\/es\/#website"},"primaryImageOfPage":{"@id":"https:\/\/xn--urduaherrieskola-9tb.eus\/es\/lineas-pedagogicas\/#primaryimage"},"image":{"@id":"https:\/\/xn--urduaherrieskola-9tb.eus\/es\/lineas-pedagogicas\/#primaryimage"},"thumbnailUrl":"https:\/\/xn--urduaherrieskola-9tb.eus\/wp-content\/uploads\/2025\/05\/DSC06595.jpg","datePublished":"2025-04-28T07:40:35+00:00","dateModified":"2025-10-08T07:02:16+00:00","description":"Apuntando al desarrollo integral, en Urdu\u00f1a Herri Eskola nuestros fundamentos pedag\u00f3gicos son la escucha activa, la empat\u00eda y la colaboraci\u00f3n familia-comunidad.","breadcrumb":{"@id":"https:\/\/xn--urduaherrieskola-9tb.eus\/es\/lineas-pedagogicas\/#breadcrumb"},"inLanguage":"es","potentialAction":[{"@type":"ReadAction","target":["https:\/\/xn--urduaherrieskola-9tb.eus\/es\/lineas-pedagogicas\/"]}]},{"@type":"ImageObject","inLanguage":"es","@id":"https:\/\/xn--urduaherrieskola-9tb.eus\/es\/lineas-pedagogicas\/#primaryimage","url":"https:\/\/xn--urduaherrieskola-9tb.eus\/wp-content\/uploads\/2025\/05\/DSC06595.jpg","contentUrl":"https:\/\/xn--urduaherrieskola-9tb.eus\/wp-content\/uploads\/2025\/05\/DSC06595.jpg"},{"@type":"BreadcrumbList","@id":"https:\/\/xn--urduaherrieskola-9tb.eus\/es\/lineas-pedagogicas\/#breadcrumb","itemListElement":[{"@type":"ListItem","position":1,"name":"Home","item":"https:\/\/xn--urduaherrieskola-9tb.eus\/es\/hogar\/"},{"@type":"ListItem","position":2,"name":"L\u00edneas Pedag\u00f3gicas"}]},{"@type":"WebSite","@id":"https:\/\/xn--urduaherrieskola-9tb.eus\/es\/#website","url":"https:\/\/xn--urduaherrieskola-9tb.eus\/es\/","name":"Urdu\u00f1a Herri Eskola","description":"","publisher":{"@id":"https:\/\/xn--urduaherrieskola-9tb.eus\/es\/#organization"},"potentialAction":[{"@type":"SearchAction","target":{"@type":"EntryPoint","urlTemplate":"https:\/\/xn--urduaherrieskola-9tb.eus\/es\/?s={search_term_string}"},"query-input":{"@type":"PropertyValueSpecification","valueRequired":true,"valueName":"search_term_string"}}],"inLanguage":"es"},{"@type":"Organization","@id":"https:\/\/xn--urduaherrieskola-9tb.eus\/es\/#organization","name":"Urdu\u00f1a Herri Eskola","url":"https:\/\/xn--urduaherrieskola-9tb.eus\/es\/","logo":{"@type":"ImageObject","inLanguage":"es","@id":"https:\/\/xn--urduaherrieskola-9tb.eus\/es\/#\/schema\/logo\/image\/","url":"https:\/\/xn--urduaherrieskola-9tb.eus\/wp-content\/uploads\/2019\/09\/UHE_Logotipoa_HORIZONTAL.png","contentUrl":"https:\/\/xn--urduaherrieskola-9tb.eus\/wp-content\/uploads\/2019\/09\/UHE_Logotipoa_HORIZONTAL.png","width":1608,"height":927,"caption":"Urdu\u00f1a Herri Eskola"},"image":{"@id":"https:\/\/xn--urduaherrieskola-9tb.eus\/es\/#\/schema\/logo\/image\/"}}]}},"_links":{"self":[{"href":"https:\/\/xn--urduaherrieskola-9tb.eus\/es\/wp-json\/wp\/v2\/pages\/32810","targetHints":{"allow":["GET"]}}],"collection":[{"href":"https:\/\/xn--urduaherrieskola-9tb.eus\/es\/wp-json\/wp\/v2\/pages"}],"about":[{"href":"https:\/\/xn--urduaherrieskola-9tb.eus\/es\/wp-json\/wp\/v2\/types\/page"}],"author":[{"embeddable":true,"href":"https:\/\/xn--urduaherrieskola-9tb.eus\/es\/wp-json\/wp\/v2\/users\/1"}],"replies":[{"embeddable":true,"href":"https:\/\/xn--urduaherrieskola-9tb.eus\/es\/wp-json\/wp\/v2\/comments?post=32810"}],"version-history":[{"count":1,"href":"https:\/\/xn--urduaherrieskola-9tb.eus\/es\/wp-json\/wp\/v2\/pages\/32810\/revisions"}],"predecessor-version":[{"id":32811,"href":"https:\/\/xn--urduaherrieskola-9tb.eus\/es\/wp-json\/wp\/v2\/pages\/32810\/revisions\/32811"}],"wp:attachment":[{"href":"https:\/\/xn--urduaherrieskola-9tb.eus\/es\/wp-json\/wp\/v2\/media?parent=32810"}],"curies":[{"name":"wp","href":"https:\/\/api.w.org\/{rel}","templated":true}]}}