{"id":32711,"date":"2025-05-22T14:57:06","date_gmt":"2025-05-22T12:57:06","guid":{"rendered":"https:\/\/xn--urduaherrieskola-9tb.eus\/politica-de-cookies\/"},"modified":"2025-10-08T09:01:06","modified_gmt":"2025-10-08T07:01:06","slug":"politica-de-cookies","status":"publish","type":"page","link":"https:\/\/xn--urduaherrieskola-9tb.eus\/es\/politica-de-cookies\/","title":{"rendered":"Pol\u00edtica de cookies"},"content":{"rendered":"\t\t<div data-elementor-type=\"wp-page\" data-elementor-id=\"32711\" class=\"elementor elementor-32711 elementor-29911\">\n\t\t\t\t\t\t<section class=\"elementor-section elementor-top-section elementor-element elementor-element-1e567d3 elementor-section-boxed elementor-section-height-default elementor-section-height-default\" data-id=\"1e567d3\" data-element_type=\"section\">\n\t\t\t\t\t\t<div class=\"elementor-container elementor-column-gap-default\">\n\t\t\t\t\t<div class=\"elementor-column elementor-col-100 elementor-top-column elementor-element elementor-element-afd8346\" data-id=\"afd8346\" data-element_type=\"column\">\n\t\t\t<div class=\"elementor-widget-wrap elementor-element-populated\">\n\t\t\t\t\t\t<div class=\"elementor-element elementor-element-984b160 elementor-widget elementor-widget-text-editor\" data-id=\"984b160\" data-element_type=\"widget\" data-widget_type=\"text-editor.default\">\n\t\t\t\t<div class=\"elementor-widget-container\">\n\t\t\t\t\t\t\t\t\t<div id=\"tab-2\" class=\"tab-content clearfix\"><h3>Pol\u00edtica de cookies<\/h3><div class=\"tab-container row border-0\" style=\"padding: 0px;\"><div id=\"tabs-5\" class=\"tab-content clearfix\"><p>Una cookie es un archivo de texto que un servidor web almacena en una computadora o dispositivo m\u00f3vil. Solo ese servidor podr\u00e1 recuperar o leer su contenido. Esta cookie permite al sitio web recordar sus preferencias de navegaci\u00f3n y navegar eficientemente. Las cookies facilitan y agilizan la interacci\u00f3n entre el usuario y el sitio web. <\/p><p class=\"pdt15\"><b>Informaci\u00f3n general<\/b><\/p><p class=\"pdt15\">Este sitio web utiliza cookies. Las cookies son peque\u00f1os archivos de texto creados por las p\u00e1ginas web que visita y que contienen datos de sesi\u00f3n que pueden utilizarse posteriormente en el sitio web. De esta forma, este sitio web recuerda informaci\u00f3n sobre su visita, lo que puede facilitar su pr\u00f3xima visita y hacer que el sitio web sea m\u00e1s \u00fatil.  <\/p><p class=\"pdt15\"><b>\u00bfC\u00f3mo funcionan las cookies?<\/b><\/p><p class=\"pdt15\">Las cookies solo pueden almacenar texto, que suele ser an\u00f3nimo y cifrado. No se almacenar\u00e1 informaci\u00f3n personal en una cookie y no se puede vincular a una persona identificada o identificable. <\/p><p class=\"pdt15\">Los datos permiten a este sitio web almacenar informaci\u00f3n entre p\u00e1ginas, as\u00ed como analizar c\u00f3mo interact\u00faas con \u00e9l. Las cookies son seguras porque solo almacenan la informaci\u00f3n que el navegador ha almacenado, es decir, la que el usuario ha introducido en el navegador o en la solicitud de p\u00e1gina. No pueden ejecutar c\u00f3digo ni utilizarse para acceder a tu ordenador. Si un sitio web contiene la informaci\u00f3n de las cookies en n\u00fameros, solo el sitio web puede leerla.   <\/p><p class=\"pdt15\"><b><b>\u00bfQu\u00e9 tipos de cookies se utilizan?<\/b><\/b><\/p><p class=\"pdt15\">Las cookies utilizadas por este sitio web se pueden clasificar seg\u00fan los siguientes criterios:<\/p><p><b>1. Tipos de cookies, seg\u00fan la entidad que las gestione.<\/b><\/p><p style=\"padding-left: 40px;\">Podemos diferenciarlas seg\u00fan qui\u00e9n sea la entidad que gestione el equipo o dominio desde donde se env\u00edan las cookies y los datos que se obtengan.<\/p><p style=\"padding-left: 40px;\"><b>Cookies propias:<\/b> Son aquellas que se env\u00edan al equipo terminal del usuario desde un equipo o dominio gestionado por el propio editor y desde el que se presta el servicio solicitado por el usuario.<\/p><p style=\"padding-left: 40px;\"><b>Cookies de terceros.<\/b> Son aquellas que se env\u00edan al terminal del usuario desde un equipo o dominio no gestionado por el editor.<\/p><p style=\"padding-left: 40px;\">Si las cookies son instaladas desde un equipo o dominio gestionado por el propio editor pero la informaci\u00f3n que se recoja mediante \u00e9stas sea gestionada por un tercero, no pueden ser consideradas como cookies propias.<\/p><p><b>2. Tipos de cookies seg\u00fan el plazo de tiempo que permanecen activas<\/b><\/p><p style=\"padding-left: 40px;\">Dependiendo del plazo de tiempo que permanezcan activas en el equipo terminal.<\/p><p style=\"padding-left: 40px;\"><b>Cookies de sesi\u00f3n.<\/b> Son un tipo de cookies dise\u00f1adas para recopilar y almacenar datos mientras el usuario accede a un sitio web. Se utilizan para almacenar informaci\u00f3n que el usuario solo desea guardar para prestar el servicio solicitado. <\/p><p style=\"padding-left: 40px;\"><b>Cookies persistentes.<\/b>  Se trata de un tipo de cookies en el que los datos siguen almacenados en el terminal y pueden ser accedidos y tratados durante un periodo definido por el responsable de la cookie, y que puede ir de unos minutos a varios a\u00f1os.<\/p><p><b>3. Tipos de cookies, seg\u00fan la finalidad<\/b><\/p><p style=\"padding-left: 40px;\">Teniendo en cuenta la finalidad para la que se tratan los datos obtenidos a trav\u00e9s de las cookies, podemos distinguir las siguientes:<\/p><p style=\"padding-left: 40px;\"><b>Cookies t\u00e9cnicas:<\/b> Aquellas que permiten al Usuario la navegaci\u00f3n a trav\u00e9s de una p\u00e1gina web, plataforma o aplicaci\u00f3n y la utilizaci\u00f3n de las opciones o servicios que en ella existan como, por ejemplo, controlar el tr\u00e1fico y la comunicaci\u00f3n de datos, identificar la sesi\u00f3n, acceder a partes de acceso restringido, recordar los elementos que integran un pedido, realizar el proceso de compra de un pedido, realizar la solicitud de inscripci\u00f3n o participaci\u00f3n en un pedido, utilizar elementos de seguridad durante la navegaci\u00f3n, almacenar contenidos para la difusi\u00f3n de v\u00eddeos o sonido o compartir contenidos a trav\u00e9s de redes sociales.<\/p><p style=\"padding-left: 40px;\"><b>Las cookies de personalizaci\u00f3n<\/b> son aquellas que proporcionan al Usuario acceso al servicio, con caracter\u00edsticas de car\u00e1cter general predefinidas en funci\u00f3n de una serie de criterios en el terminal del usuario como por ejemplo serian el idioma, el tipo de navegador a trav\u00e9s del cual accede al servicio, la configuraci\u00f3n regional desde donde accede al servicio, etc.<\/p><p style=\"padding-left: 40px;\"><b>Cookies de an\u00e1lisis,<\/b> que permiten al responsable de estas cookies monitorizar y analizar el comportamiento de los usuarios en los sitios web a los que est\u00e1n vinculadas. La informaci\u00f3n recopilada mediante estas cookies se utiliza para medir la actividad de los sitios web, aplicaciones o plataformas y para elaborar perfiles de navegaci\u00f3n de los usuarios de dichos sitios, aplicaciones y plataformas, con el fin de introducir mejoras basadas en el an\u00e1lisis de los datos de uso que realizan los usuarios del servicio.<\/p><p><b>Herramienta de gesti\u00f3n de cookies<\/b><\/p><p>Este sitio web utiliza Google Analytics.<\/p><p>Google Analytics es una herramienta gratuita de an\u00e1lisis web de Google que permite principalmente a los propietarios de sitios web conocer c\u00f3mo interact\u00faan los usuarios con su sitio web. Tambi\u00e9n habilita cookies en el dominio del sitio que est\u00e1s visitando y utiliza un conjunto de cookies llamadas \u00abutma\u00bb y \u00abutmz\u00bb para recopilar informaci\u00f3n de forma an\u00f3nima e informar sobre las tendencias del sitio web, sin identificar a usuarios individuales.<\/p><p>Utilizamos cookies para recopilar estad\u00edsticas sobre el uso de este sitio web, comprender el nivel de visitas recurrentes y el contenido m\u00e1s interesante de nuestros visitantes. De esta manera, podemos centrar nuestros esfuerzos en mejorar las \u00e1reas m\u00e1s visitadas y facilitar que los usuarios encuentren lo que buscan. Este sitio web puede utilizar informaci\u00f3n sobre su visita para realizar evaluaciones y c\u00e1lculos estad\u00edsticos basados \u200b\u200ben datos an\u00f3nimos, as\u00ed como para garantizar la continuidad del servicio o realizar mejoras en los sitios web.  <a><br><\/a><\/p><p><b>C\u00f3mo gestionar las cookies en tu grupo: deshabilitarlas y eliminarlas<\/b><\/p><p>Todos los navegadores de internet ofrecen la opci\u00f3n de limitar el comportamiento de una cookie o de desactivarla en la configuraci\u00f3n o las opciones del navegador. Los pasos para hacerlo var\u00edan seg\u00fan el navegador; encontrar\u00e1 instrucciones en el men\u00fa de ayuda de su navegador. <\/p><p>Si no acepta el uso de cookies, que puede rechazar a trav\u00e9s de los men\u00fas de preferencias o configuraci\u00f3n de su navegador, este sitio web seguir\u00e1 funcionando correctamente sin ellas.<\/p><p>Puedes permitir, bloquear o eliminar las cookies instaladas en tu equipo mediante la configuraci\u00f3n de las opciones del navegador instalado en tu ordenador.<\/p><p>Si desea m\u00e1s informaci\u00f3n sobre Chrome, haga clic <a href=\"https:\/\/support.google.com\/chrome\/answer\/95647?HL=es\" target=\"blank\">aqu\u00ed<\/a> .<br> Para obtener m\u00e1s informaci\u00f3n sobre Safari, haga clic <a href=\"https:\/\/support.apple.com\/es-es\/guide\/safari\/sfri11471\/mac\" target=\"blank\">aqu\u00ed<\/a> .<br> Si desea m\u00e1s informaci\u00f3n sobre Firefox, haga clic <a href=\"https:\/\/support.mozilla.org\/es\/kb\/habilitar-y-deshabilitar-cookies-sitios-web-rastrear-preferencias?%20Redirectslug%20=%20habilitar-y-deshabilitar-cookies-que-los-sitios-we%20&amp;%20redirectlocale%20=%20es\" target=\"blank\">aqu\u00ed<\/a> .<\/p><p>A trav\u00e9s de su navegador, tambi\u00e9n puede ver las cookies de su ordenador y eliminarlas cuando lo desee. Las cookies son archivos de texto que puede editar y leer. Los datos que contienen casi siempre est\u00e1n cifrados con una clave num\u00e9rica, que corresponde a una sesi\u00f3n de internet, y por lo tanto, a menudo carecen de significado m\u00e1s all\u00e1 del sitio web que los crea.  <\/p><p><b>Consentimiento informado<\/b><\/p><p class=\"pdt15\">Le informamos que al utilizar este sitio web nos da su consentimiento expreso e inequ\u00edvoco al uso de cookies, en las condiciones previstas en la presente Pol\u00edtica de Cookies, sin perjuicio de las medidas que pueda adoptar para la desactivaci\u00f3n y eliminaci\u00f3n de las cookies, tal y como se menciona en el apartado anterior.<\/p><\/div><\/div><\/div>\t\t\t\t\t\t\t\t<\/div>\n\t\t\t\t<\/div>\n\t\t\t\t\t<\/div>\n\t\t<\/div>\n\t\t\t\t\t<\/div>\n\t\t<\/section>\n\t\t\t\t<\/div>\n\t\t","protected":false},"excerpt":{"rendered":"<p>Pol\u00edtica de cookies Una cookie es un archivo de texto que un servidor web almacena en una computadora o dispositivo m\u00f3vil. Solo ese servidor podr\u00e1 recuperar o leer su contenido. Esta cookie permite al sitio web recordar sus preferencias de navegaci\u00f3n y navegar eficientemente. Las cookies facilitan y agilizan la interacci\u00f3n entre el usuario y [&hellip;]<\/p>\n","protected":false},"author":1,"featured_media":0,"parent":0,"menu_order":0,"comment_status":"closed","ping_status":"closed","template":"","meta":{"footnotes":""},"class_list":["post-32711","page","type-page","status-publish","hentry"],"yoast_head":"<!-- This site is optimized with the Yoast SEO plugin v26.4 - https:\/\/yoast.com\/wordpress\/plugins\/seo\/ -->\n<title>Pol\u00edtica de cookies - Urdu\u00f1a Herri Eskola<\/title>\n<meta name=\"robots\" content=\"index, follow, max-snippet:-1, max-image-preview:large, max-video-preview:-1\" \/>\n<link rel=\"canonical\" href=\"https:\/\/xn--urduaherrieskola-9tb.eus\/es\/politica-de-cookies\/\" \/>\n<meta property=\"og:locale\" content=\"es_ES\" \/>\n<meta property=\"og:type\" content=\"article\" \/>\n<meta property=\"og:title\" content=\"Pol\u00edtica de cookies - Urdu\u00f1a Herri Eskola\" \/>\n<meta property=\"og:description\" content=\"Pol\u00edtica de cookies Una cookie es un archivo de texto que un servidor web almacena en una computadora o dispositivo m\u00f3vil. Solo ese servidor podr\u00e1 recuperar o leer su contenido. Esta cookie permite al sitio web recordar sus preferencias de navegaci\u00f3n y navegar eficientemente. Las cookies facilitan y agilizan la interacci\u00f3n entre el usuario y [&hellip;]\" \/>\n<meta property=\"og:url\" content=\"https:\/\/xn--urduaherrieskola-9tb.eus\/es\/politica-de-cookies\/\" \/>\n<meta property=\"og:site_name\" content=\"Urdu\u00f1a Herri Eskola\" \/>\n<meta property=\"article:modified_time\" content=\"2025-10-08T07:01:06+00:00\" \/>\n<meta property=\"og:image\" content=\"https:\/\/xn--urduaherrieskola-9tb.eus\/wp-content\/uploads\/2019\/09\/UHE_Logotipoa_HORIZONTAL.png\" \/>\n\t<meta property=\"og:image:width\" content=\"1608\" \/>\n\t<meta property=\"og:image:height\" content=\"927\" \/>\n\t<meta property=\"og:image:type\" content=\"image\/png\" \/>\n<meta name=\"twitter:card\" content=\"summary_large_image\" \/>\n<meta name=\"twitter:label1\" content=\"Tiempo de lectura\" \/>\n\t<meta name=\"twitter:data1\" content=\"6 minutos\" \/>\n<script type=\"application\/ld+json\" class=\"yoast-schema-graph\">{\"@context\":\"https:\/\/schema.org\",\"@graph\":[{\"@type\":\"WebPage\",\"@id\":\"https:\/\/xn--urduaherrieskola-9tb.eus\/es\/politica-de-cookies\/\",\"url\":\"https:\/\/xn--urduaherrieskola-9tb.eus\/es\/politica-de-cookies\/\",\"name\":\"Pol\u00edtica de cookies - Urdu\u00f1a Herri Eskola\",\"isPartOf\":{\"@id\":\"https:\/\/xn--urduaherrieskola-9tb.eus\/es\/#website\"},\"datePublished\":\"2025-05-22T12:57:06+00:00\",\"dateModified\":\"2025-10-08T07:01:06+00:00\",\"breadcrumb\":{\"@id\":\"https:\/\/xn--urduaherrieskola-9tb.eus\/es\/politica-de-cookies\/#breadcrumb\"},\"inLanguage\":\"es\",\"potentialAction\":[{\"@type\":\"ReadAction\",\"target\":[\"https:\/\/xn--urduaherrieskola-9tb.eus\/es\/politica-de-cookies\/\"]}]},{\"@type\":\"BreadcrumbList\",\"@id\":\"https:\/\/xn--urduaherrieskola-9tb.eus\/es\/politica-de-cookies\/#breadcrumb\",\"itemListElement\":[{\"@type\":\"ListItem\",\"position\":1,\"name\":\"Home\",\"item\":\"https:\/\/xn--urduaherrieskola-9tb.eus\/es\/hogar\/\"},{\"@type\":\"ListItem\",\"position\":2,\"name\":\"Pol\u00edtica de cookies\"}]},{\"@type\":\"WebSite\",\"@id\":\"https:\/\/xn--urduaherrieskola-9tb.eus\/es\/#website\",\"url\":\"https:\/\/xn--urduaherrieskola-9tb.eus\/es\/\",\"name\":\"Urdu\u00f1a Herri Eskola\",\"description\":\"\",\"publisher\":{\"@id\":\"https:\/\/xn--urduaherrieskola-9tb.eus\/es\/#organization\"},\"potentialAction\":[{\"@type\":\"SearchAction\",\"target\":{\"@type\":\"EntryPoint\",\"urlTemplate\":\"https:\/\/xn--urduaherrieskola-9tb.eus\/es\/?s={search_term_string}\"},\"query-input\":{\"@type\":\"PropertyValueSpecification\",\"valueRequired\":true,\"valueName\":\"search_term_string\"}}],\"inLanguage\":\"es\"},{\"@type\":\"Organization\",\"@id\":\"https:\/\/xn--urduaherrieskola-9tb.eus\/es\/#organization\",\"name\":\"Urdu\u00f1a Herri Eskola\",\"url\":\"https:\/\/xn--urduaherrieskola-9tb.eus\/es\/\",\"logo\":{\"@type\":\"ImageObject\",\"inLanguage\":\"es\",\"@id\":\"https:\/\/xn--urduaherrieskola-9tb.eus\/es\/#\/schema\/logo\/image\/\",\"url\":\"https:\/\/xn--urduaherrieskola-9tb.eus\/wp-content\/uploads\/2019\/09\/UHE_Logotipoa_HORIZONTAL.png\",\"contentUrl\":\"https:\/\/xn--urduaherrieskola-9tb.eus\/wp-content\/uploads\/2019\/09\/UHE_Logotipoa_HORIZONTAL.png\",\"width\":1608,\"height\":927,\"caption\":\"Urdu\u00f1a Herri Eskola\"},\"image\":{\"@id\":\"https:\/\/xn--urduaherrieskola-9tb.eus\/es\/#\/schema\/logo\/image\/\"}}]}<\/script>\n<!-- \/ Yoast SEO plugin. -->","yoast_head_json":{"title":"Pol\u00edtica de cookies - Urdu\u00f1a Herri Eskola","robots":{"index":"index","follow":"follow","max-snippet":"max-snippet:-1","max-image-preview":"max-image-preview:large","max-video-preview":"max-video-preview:-1"},"canonical":"https:\/\/xn--urduaherrieskola-9tb.eus\/es\/politica-de-cookies\/","og_locale":"es_ES","og_type":"article","og_title":"Pol\u00edtica de cookies - Urdu\u00f1a Herri Eskola","og_description":"Pol\u00edtica de cookies Una cookie es un archivo de texto que un servidor web almacena en una computadora o dispositivo m\u00f3vil. Solo ese servidor podr\u00e1 recuperar o leer su contenido. Esta cookie permite al sitio web recordar sus preferencias de navegaci\u00f3n y navegar eficientemente. Las cookies facilitan y agilizan la interacci\u00f3n entre el usuario y [&hellip;]","og_url":"https:\/\/xn--urduaherrieskola-9tb.eus\/es\/politica-de-cookies\/","og_site_name":"Urdu\u00f1a Herri Eskola","article_modified_time":"2025-10-08T07:01:06+00:00","og_image":[{"width":1608,"height":927,"url":"https:\/\/xn--urduaherrieskola-9tb.eus\/wp-content\/uploads\/2019\/09\/UHE_Logotipoa_HORIZONTAL.png","type":"image\/png"}],"twitter_card":"summary_large_image","twitter_misc":{"Tiempo de lectura":"6 minutos"},"schema":{"@context":"https:\/\/schema.org","@graph":[{"@type":"WebPage","@id":"https:\/\/xn--urduaherrieskola-9tb.eus\/es\/politica-de-cookies\/","url":"https:\/\/xn--urduaherrieskola-9tb.eus\/es\/politica-de-cookies\/","name":"Pol\u00edtica de cookies - Urdu\u00f1a Herri Eskola","isPartOf":{"@id":"https:\/\/xn--urduaherrieskola-9tb.eus\/es\/#website"},"datePublished":"2025-05-22T12:57:06+00:00","dateModified":"2025-10-08T07:01:06+00:00","breadcrumb":{"@id":"https:\/\/xn--urduaherrieskola-9tb.eus\/es\/politica-de-cookies\/#breadcrumb"},"inLanguage":"es","potentialAction":[{"@type":"ReadAction","target":["https:\/\/xn--urduaherrieskola-9tb.eus\/es\/politica-de-cookies\/"]}]},{"@type":"BreadcrumbList","@id":"https:\/\/xn--urduaherrieskola-9tb.eus\/es\/politica-de-cookies\/#breadcrumb","itemListElement":[{"@type":"ListItem","position":1,"name":"Home","item":"https:\/\/xn--urduaherrieskola-9tb.eus\/es\/hogar\/"},{"@type":"ListItem","position":2,"name":"Pol\u00edtica de cookies"}]},{"@type":"WebSite","@id":"https:\/\/xn--urduaherrieskola-9tb.eus\/es\/#website","url":"https:\/\/xn--urduaherrieskola-9tb.eus\/es\/","name":"Urdu\u00f1a Herri Eskola","description":"","publisher":{"@id":"https:\/\/xn--urduaherrieskola-9tb.eus\/es\/#organization"},"potentialAction":[{"@type":"SearchAction","target":{"@type":"EntryPoint","urlTemplate":"https:\/\/xn--urduaherrieskola-9tb.eus\/es\/?s={search_term_string}"},"query-input":{"@type":"PropertyValueSpecification","valueRequired":true,"valueName":"search_term_string"}}],"inLanguage":"es"},{"@type":"Organization","@id":"https:\/\/xn--urduaherrieskola-9tb.eus\/es\/#organization","name":"Urdu\u00f1a Herri Eskola","url":"https:\/\/xn--urduaherrieskola-9tb.eus\/es\/","logo":{"@type":"ImageObject","inLanguage":"es","@id":"https:\/\/xn--urduaherrieskola-9tb.eus\/es\/#\/schema\/logo\/image\/","url":"https:\/\/xn--urduaherrieskola-9tb.eus\/wp-content\/uploads\/2019\/09\/UHE_Logotipoa_HORIZONTAL.png","contentUrl":"https:\/\/xn--urduaherrieskola-9tb.eus\/wp-content\/uploads\/2019\/09\/UHE_Logotipoa_HORIZONTAL.png","width":1608,"height":927,"caption":"Urdu\u00f1a Herri Eskola"},"image":{"@id":"https:\/\/xn--urduaherrieskola-9tb.eus\/es\/#\/schema\/logo\/image\/"}}]}},"_links":{"self":[{"href":"https:\/\/xn--urduaherrieskola-9tb.eus\/es\/wp-json\/wp\/v2\/pages\/32711","targetHints":{"allow":["GET"]}}],"collection":[{"href":"https:\/\/xn--urduaherrieskola-9tb.eus\/es\/wp-json\/wp\/v2\/pages"}],"about":[{"href":"https:\/\/xn--urduaherrieskola-9tb.eus\/es\/wp-json\/wp\/v2\/types\/page"}],"author":[{"embeddable":true,"href":"https:\/\/xn--urduaherrieskola-9tb.eus\/es\/wp-json\/wp\/v2\/users\/1"}],"replies":[{"embeddable":true,"href":"https:\/\/xn--urduaherrieskola-9tb.eus\/es\/wp-json\/wp\/v2\/comments?post=32711"}],"version-history":[{"count":1,"href":"https:\/\/xn--urduaherrieskola-9tb.eus\/es\/wp-json\/wp\/v2\/pages\/32711\/revisions"}],"predecessor-version":[{"id":32713,"href":"https:\/\/xn--urduaherrieskola-9tb.eus\/es\/wp-json\/wp\/v2\/pages\/32711\/revisions\/32713"}],"wp:attachment":[{"href":"https:\/\/xn--urduaherrieskola-9tb.eus\/es\/wp-json\/wp\/v2\/media?parent=32711"}],"curies":[{"name":"wp","href":"https:\/\/api.w.org\/{rel}","templated":true}]}}