{"id":32704,"date":"2025-05-22T13:01:44","date_gmt":"2025-05-22T11:01:44","guid":{"rendered":"https:\/\/xn--urduaherrieskola-9tb.eus\/aviso-legal\/"},"modified":"2025-10-08T09:01:06","modified_gmt":"2025-10-08T07:01:06","slug":"aviso-legal","status":"publish","type":"page","link":"https:\/\/xn--urduaherrieskola-9tb.eus\/es\/aviso-legal\/","title":{"rendered":"Aviso legal"},"content":{"rendered":"\t\t<div data-elementor-type=\"wp-page\" data-elementor-id=\"32704\" class=\"elementor elementor-32704 elementor-29814\">\n\t\t\t\t\t\t<section class=\"elementor-section elementor-top-section elementor-element elementor-element-1d4a5ca elementor-section-boxed elementor-section-height-default elementor-section-height-default\" data-id=\"1d4a5ca\" data-element_type=\"section\">\n\t\t\t\t\t\t<div class=\"elementor-container elementor-column-gap-default\">\n\t\t\t\t\t<div class=\"elementor-column elementor-col-100 elementor-top-column elementor-element elementor-element-965df16\" data-id=\"965df16\" data-element_type=\"column\">\n\t\t\t<div class=\"elementor-widget-wrap elementor-element-populated\">\n\t\t\t\t\t\t<div class=\"elementor-element elementor-element-8ff4ccb elementor-widget elementor-widget-text-editor\" data-id=\"8ff4ccb\" data-element_type=\"widget\" data-widget_type=\"text-editor.default\">\n\t\t\t\t<div class=\"elementor-widget-container\">\n\t\t\t\t\t\t\t\t\t<h3 data-start=\"261\" data-end=\"326\"><strong data-start=\"265\" data-end=\"326\">INFORMACI\u00d3N SOBRE PROTECCI\u00d3N DE DATOS \u2013 URDU\u00d1A HERRI ESKOLA<\/strong><\/h3>\n<p data-start=\"328\" data-end=\"574\">De conformidad con <strong data-start=\"328\" data-end=\"427\">el Reglamento (UE) 2016\/679 del Parlamento Europeo y del Consejo, de 27 de abril de 2016,<\/strong> relativo al tratamiento de datos personales de las personas f\u00edsicas y a la libre circulaci\u00f3n de estos datos, le facilitamos la siguiente informaci\u00f3n:<\/p>\n<h4 data-start=\"581\" data-end=\"622\"><strong data-start=\"586\" data-end=\"622\">\u00bfQUI\u00c9N TRATA TUS DATOS?<\/strong><\/h4>\n<p data-start=\"624\" data-end=\"884\">Responsable del tratamiento de datos: <strong data-start=\"660\" data-end=\"683\">URDU\u00d1A HERRI ESKOLA<\/strong><br data-start=\"683\" data-end=\"686\"> Direcci\u00f3n: San Francisco 3, 48460 Ordu\u00f1a, Bizkaia<br data-start=\"763\" data-end=\"766\"> Tel\u00e9fono: 945 383 504<br data-start=\"790\" data-end=\"793\"> Correo electr\u00f3nico de contacto: 014379aa@hezkuntza.net<\/p>\n<h4 data-start=\"1158\" data-end=\"1223\"><strong data-start=\"1163\" data-end=\"1223\">\u00bfCON QU\u00c9 FINALIDAD TRATAMOS TUS DATOS PERSONALES?<\/strong><\/h4>\n<p data-start=\"1225\" data-end=\"1269\">Sus datos podr\u00e1n ser utilizados para los siguientes fines:<\/p>\n<ul data-start=\"1271\" data-end=\"1672\">\n<li data-start=\"1271\" data-end=\"1308\">Formalizaci\u00f3n de la matr\u00edcula estudiantil.<\/li>\n<li data-start=\"1309\" data-end=\"1372\">Proporcionar informaci\u00f3n sobre la oferta acad\u00e9mica del centro.<\/li>\n<li data-start=\"1373\" data-end=\"1441\">Env\u00edo de informaci\u00f3n sobre las actividades y servicios del centro.<\/li>\n<li data-start=\"1442\" data-end=\"1508\">Proporcionar servicios pedag\u00f3gicos y administrativos para la escuela.<\/li>\n<li data-start=\"1509\" data-end=\"1570\">Cumplir las obligaciones establecidas por la ley en materia de educaci\u00f3n.<\/li>\n<li data-start=\"1509\" data-end=\"1570\">Garantizar la seguridad de las personas y los bienes mediante <strong data-start=\"1599\" data-end=\"1618\">la videovigilancia<\/strong> instalada en el colegio.<\/li>\n<\/ul>\n<h4 data-start=\"1679\" data-end=\"1735\"><strong data-start=\"1684\" data-end=\"1735\">\u00bfCU\u00c1L ES LA LEGITIMACI\u00d3N PARA EL TRATAMIENTO DE TUS DATOS?<\/strong><\/h4>\n<p data-start=\"1737\" data-end=\"1770\">Base para el tratamiento de datos:<\/p>\n<ul data-start=\"1771\" data-end=\"1939\">\n<li data-start=\"1771\" data-end=\"1802\">Consentimiento del interesado.<\/li>\n<li data-start=\"1771\" data-end=\"1802\">Ley Org\u00e1nica de Educaci\u00f3n (LOMLOE\/LOE), para el tratamiento de datos del alumnado.<\/li>\n<li data-start=\"1892\" data-end=\"1939\">Cumplimiento de <strong data-start=\"1905\" data-end=\"1929\">las obligaciones legales<\/strong> del centro.<\/li>\n<\/ul>\n<h4 data-start=\"1946\" data-end=\"1998\"><strong data-start=\"1951\" data-end=\"1998\">\u00bfCU\u00c1NTO TIEMPO SE ALMACENAN SUS DATOS?<\/strong><\/h4>\n<ul data-start=\"2000\" data-end=\"2413\">\n<li data-start=\"2000\" data-end=\"2066\"><strong data-start=\"2011\" data-end=\"2036\">Expedientes acad\u00e9micos<\/strong> de los estudiantes: se conservar\u00e1n indefinidamente.<\/li>\n<li data-start=\"2067\" data-end=\"2146\">Datos de contacto: mientras el interesado no solicite su supresi\u00f3n.<\/li>\n<li data-start=\"2147\" data-end=\"2243\">Datos derivados de obligaciones legales: en el plazo establecido por la legislaci\u00f3n vigente.<\/li>\n<li data-start=\"2244\" data-end=\"2334\">Im\u00e1genes de videovigilancia: durante un m\u00e1ximo de <strong data-start=\"2280\" data-end=\"2293\">30 d\u00edas<\/strong> , salvo que se haya producido alg\u00fan incidente.<\/li>\n<li data-start=\"2335\" data-end=\"2413\">Datos para comunicaciones electr\u00f3nicas: hasta que el usuario se d\u00e9 de baja.<\/li>\n<\/ul>\n<h4 data-start=\"2420\" data-end=\"2466\"><strong data-start=\"2425\" data-end=\"2466\">\u00bfCON QUI\u00c9N SE PUEDEN COMPARTIR SUS DATOS?<\/strong><\/h4>\n<p data-start=\"2468\" data-end=\"2533\">Sus datos podr\u00e1n ser compartidos con las siguientes organizaciones y finalidades:<\/p>\n<ul data-start=\"2535\" data-end=\"2904\">\n<li data-start=\"2535\" data-end=\"2586\">Con otras escuelas donde se continuar\u00e1n los estudios.<\/li>\n<li data-start=\"2587\" data-end=\"2673\">Con organizaciones que organizan actividades adicionales en las que participan los estudiantes.<\/li>\n<li data-start=\"2674\" data-end=\"2712\">Con AMPA y asociaciones de antiguos alumnos.<\/li>\n<li data-start=\"2713\" data-end=\"2762\"><strong data-start=\"2715\" data-end=\"2759\">Con el Departamento de Educaci\u00f3n del Gobierno Vasco<\/strong> .<\/li>\n<li data-start=\"2763\" data-end=\"2801\">Con los bancos, para gestionar los pagos.<\/li>\n<li data-start=\"2802\" data-end=\"2857\">Aseguradora contratada con seguro escolar.<\/li>\n<li data-start=\"2858\" data-end=\"2904\">Cualquier otro caso permitido por la ley.<\/li>\n<\/ul>\n<h4 data-start=\"4215\" data-end=\"4242\"><strong data-start=\"4220\" data-end=\"4242\">SEGURIDAD DE DATOS<\/strong><\/h4>\n<p data-start=\"4244\" data-end=\"4421\">Su informaci\u00f3n personal ser\u00e1 tratada de forma confidencial y se adoptar\u00e1n las medidas t\u00e9cnicas y organizativas necesarias para evitar el acceso no autorizado, su modificaci\u00f3n o p\u00e9rdida.<\/p>\t\t\t\t\t\t\t\t<\/div>\n\t\t\t\t<\/div>\n\t\t\t\t\t<\/div>\n\t\t<\/div>\n\t\t\t\t\t<\/div>\n\t\t<\/section>\n\t\t\t\t<section class=\"elementor-section elementor-top-section elementor-element elementor-element-068e36f elementor-section-boxed elementor-section-height-default elementor-section-height-default\" data-id=\"068e36f\" data-element_type=\"section\">\n\t\t\t\t\t\t<div class=\"elementor-container elementor-column-gap-default\">\n\t\t\t\t\t<div class=\"elementor-column elementor-col-100 elementor-top-column elementor-element elementor-element-0ff9a09\" data-id=\"0ff9a09\" data-element_type=\"column\">\n\t\t\t<div class=\"elementor-widget-wrap\">\n\t\t\t\t\t\t\t<\/div>\n\t\t<\/div>\n\t\t\t\t\t<\/div>\n\t\t<\/section>\n\t\t\t\t<\/div>\n\t\t","protected":false},"excerpt":{"rendered":"<p>INFORMACI\u00d3N SOBRE PROTECCI\u00d3N DE DATOS \u2013 URDU\u00d1A HERRI ESKOLA De conformidad con el Reglamento (UE) 2016\/679 del Parlamento Europeo y del Consejo, de 27 de abril de 2016, relativo al tratamiento de datos personales de las personas f\u00edsicas y a la libre circulaci\u00f3n de estos datos, le facilitamos la siguiente informaci\u00f3n: \u00bfQUI\u00c9N TRATA TUS DATOS? [&hellip;]<\/p>\n","protected":false},"author":1,"featured_media":0,"parent":0,"menu_order":0,"comment_status":"closed","ping_status":"closed","template":"","meta":{"footnotes":""},"class_list":["post-32704","page","type-page","status-publish","hentry"],"yoast_head":"<!-- This site is optimized with the Yoast SEO plugin v26.4 - https:\/\/yoast.com\/wordpress\/plugins\/seo\/ -->\n<title>Aviso legal - Urdu\u00f1a Herri Eskola<\/title>\n<meta name=\"robots\" content=\"index, follow, max-snippet:-1, max-image-preview:large, max-video-preview:-1\" \/>\n<link rel=\"canonical\" href=\"https:\/\/xn--urduaherrieskola-9tb.eus\/es\/aviso-legal\/\" \/>\n<meta property=\"og:locale\" content=\"es_ES\" \/>\n<meta property=\"og:type\" content=\"article\" \/>\n<meta property=\"og:title\" content=\"Aviso legal - Urdu\u00f1a Herri Eskola\" \/>\n<meta property=\"og:description\" content=\"INFORMACI\u00d3N SOBRE PROTECCI\u00d3N DE DATOS \u2013 URDU\u00d1A HERRI ESKOLA De conformidad con el Reglamento (UE) 2016\/679 del Parlamento Europeo y del Consejo, de 27 de abril de 2016, relativo al tratamiento de datos personales de las personas f\u00edsicas y a la libre circulaci\u00f3n de estos datos, le facilitamos la siguiente informaci\u00f3n: \u00bfQUI\u00c9N TRATA TUS DATOS? [&hellip;]\" \/>\n<meta property=\"og:url\" content=\"https:\/\/xn--urduaherrieskola-9tb.eus\/es\/aviso-legal\/\" \/>\n<meta property=\"og:site_name\" content=\"Urdu\u00f1a Herri Eskola\" \/>\n<meta property=\"article:modified_time\" content=\"2025-10-08T07:01:06+00:00\" \/>\n<meta property=\"og:image\" content=\"https:\/\/xn--urduaherrieskola-9tb.eus\/wp-content\/uploads\/2019\/09\/UHE_Logotipoa_HORIZONTAL.png\" \/>\n\t<meta property=\"og:image:width\" content=\"1608\" \/>\n\t<meta property=\"og:image:height\" content=\"927\" \/>\n\t<meta property=\"og:image:type\" content=\"image\/png\" \/>\n<meta name=\"twitter:card\" content=\"summary_large_image\" \/>\n<meta name=\"twitter:label1\" content=\"Tiempo de lectura\" \/>\n\t<meta name=\"twitter:data1\" content=\"2 minutos\" \/>\n<script type=\"application\/ld+json\" class=\"yoast-schema-graph\">{\"@context\":\"https:\/\/schema.org\",\"@graph\":[{\"@type\":\"WebPage\",\"@id\":\"https:\/\/xn--urduaherrieskola-9tb.eus\/es\/aviso-legal\/\",\"url\":\"https:\/\/xn--urduaherrieskola-9tb.eus\/es\/aviso-legal\/\",\"name\":\"Aviso legal - Urdu\u00f1a Herri Eskola\",\"isPartOf\":{\"@id\":\"https:\/\/xn--urduaherrieskola-9tb.eus\/es\/#website\"},\"datePublished\":\"2025-05-22T11:01:44+00:00\",\"dateModified\":\"2025-10-08T07:01:06+00:00\",\"breadcrumb\":{\"@id\":\"https:\/\/xn--urduaherrieskola-9tb.eus\/es\/aviso-legal\/#breadcrumb\"},\"inLanguage\":\"es\",\"potentialAction\":[{\"@type\":\"ReadAction\",\"target\":[\"https:\/\/xn--urduaherrieskola-9tb.eus\/es\/aviso-legal\/\"]}]},{\"@type\":\"BreadcrumbList\",\"@id\":\"https:\/\/xn--urduaherrieskola-9tb.eus\/es\/aviso-legal\/#breadcrumb\",\"itemListElement\":[{\"@type\":\"ListItem\",\"position\":1,\"name\":\"Home\",\"item\":\"https:\/\/xn--urduaherrieskola-9tb.eus\/es\/hogar\/\"},{\"@type\":\"ListItem\",\"position\":2,\"name\":\"Aviso legal\"}]},{\"@type\":\"WebSite\",\"@id\":\"https:\/\/xn--urduaherrieskola-9tb.eus\/es\/#website\",\"url\":\"https:\/\/xn--urduaherrieskola-9tb.eus\/es\/\",\"name\":\"Urdu\u00f1a Herri Eskola\",\"description\":\"\",\"publisher\":{\"@id\":\"https:\/\/xn--urduaherrieskola-9tb.eus\/es\/#organization\"},\"potentialAction\":[{\"@type\":\"SearchAction\",\"target\":{\"@type\":\"EntryPoint\",\"urlTemplate\":\"https:\/\/xn--urduaherrieskola-9tb.eus\/es\/?s={search_term_string}\"},\"query-input\":{\"@type\":\"PropertyValueSpecification\",\"valueRequired\":true,\"valueName\":\"search_term_string\"}}],\"inLanguage\":\"es\"},{\"@type\":\"Organization\",\"@id\":\"https:\/\/xn--urduaherrieskola-9tb.eus\/es\/#organization\",\"name\":\"Urdu\u00f1a Herri Eskola\",\"url\":\"https:\/\/xn--urduaherrieskola-9tb.eus\/es\/\",\"logo\":{\"@type\":\"ImageObject\",\"inLanguage\":\"es\",\"@id\":\"https:\/\/xn--urduaherrieskola-9tb.eus\/es\/#\/schema\/logo\/image\/\",\"url\":\"https:\/\/xn--urduaherrieskola-9tb.eus\/wp-content\/uploads\/2019\/09\/UHE_Logotipoa_HORIZONTAL.png\",\"contentUrl\":\"https:\/\/xn--urduaherrieskola-9tb.eus\/wp-content\/uploads\/2019\/09\/UHE_Logotipoa_HORIZONTAL.png\",\"width\":1608,\"height\":927,\"caption\":\"Urdu\u00f1a Herri Eskola\"},\"image\":{\"@id\":\"https:\/\/xn--urduaherrieskola-9tb.eus\/es\/#\/schema\/logo\/image\/\"}}]}<\/script>\n<!-- \/ Yoast SEO plugin. -->","yoast_head_json":{"title":"Aviso legal - Urdu\u00f1a Herri Eskola","robots":{"index":"index","follow":"follow","max-snippet":"max-snippet:-1","max-image-preview":"max-image-preview:large","max-video-preview":"max-video-preview:-1"},"canonical":"https:\/\/xn--urduaherrieskola-9tb.eus\/es\/aviso-legal\/","og_locale":"es_ES","og_type":"article","og_title":"Aviso legal - Urdu\u00f1a Herri Eskola","og_description":"INFORMACI\u00d3N SOBRE PROTECCI\u00d3N DE DATOS \u2013 URDU\u00d1A HERRI ESKOLA De conformidad con el Reglamento (UE) 2016\/679 del Parlamento Europeo y del Consejo, de 27 de abril de 2016, relativo al tratamiento de datos personales de las personas f\u00edsicas y a la libre circulaci\u00f3n de estos datos, le facilitamos la siguiente informaci\u00f3n: \u00bfQUI\u00c9N TRATA TUS DATOS? [&hellip;]","og_url":"https:\/\/xn--urduaherrieskola-9tb.eus\/es\/aviso-legal\/","og_site_name":"Urdu\u00f1a Herri Eskola","article_modified_time":"2025-10-08T07:01:06+00:00","og_image":[{"width":1608,"height":927,"url":"https:\/\/xn--urduaherrieskola-9tb.eus\/wp-content\/uploads\/2019\/09\/UHE_Logotipoa_HORIZONTAL.png","type":"image\/png"}],"twitter_card":"summary_large_image","twitter_misc":{"Tiempo de lectura":"2 minutos"},"schema":{"@context":"https:\/\/schema.org","@graph":[{"@type":"WebPage","@id":"https:\/\/xn--urduaherrieskola-9tb.eus\/es\/aviso-legal\/","url":"https:\/\/xn--urduaherrieskola-9tb.eus\/es\/aviso-legal\/","name":"Aviso legal - Urdu\u00f1a Herri Eskola","isPartOf":{"@id":"https:\/\/xn--urduaherrieskola-9tb.eus\/es\/#website"},"datePublished":"2025-05-22T11:01:44+00:00","dateModified":"2025-10-08T07:01:06+00:00","breadcrumb":{"@id":"https:\/\/xn--urduaherrieskola-9tb.eus\/es\/aviso-legal\/#breadcrumb"},"inLanguage":"es","potentialAction":[{"@type":"ReadAction","target":["https:\/\/xn--urduaherrieskola-9tb.eus\/es\/aviso-legal\/"]}]},{"@type":"BreadcrumbList","@id":"https:\/\/xn--urduaherrieskola-9tb.eus\/es\/aviso-legal\/#breadcrumb","itemListElement":[{"@type":"ListItem","position":1,"name":"Home","item":"https:\/\/xn--urduaherrieskola-9tb.eus\/es\/hogar\/"},{"@type":"ListItem","position":2,"name":"Aviso legal"}]},{"@type":"WebSite","@id":"https:\/\/xn--urduaherrieskola-9tb.eus\/es\/#website","url":"https:\/\/xn--urduaherrieskola-9tb.eus\/es\/","name":"Urdu\u00f1a Herri Eskola","description":"","publisher":{"@id":"https:\/\/xn--urduaherrieskola-9tb.eus\/es\/#organization"},"potentialAction":[{"@type":"SearchAction","target":{"@type":"EntryPoint","urlTemplate":"https:\/\/xn--urduaherrieskola-9tb.eus\/es\/?s={search_term_string}"},"query-input":{"@type":"PropertyValueSpecification","valueRequired":true,"valueName":"search_term_string"}}],"inLanguage":"es"},{"@type":"Organization","@id":"https:\/\/xn--urduaherrieskola-9tb.eus\/es\/#organization","name":"Urdu\u00f1a Herri Eskola","url":"https:\/\/xn--urduaherrieskola-9tb.eus\/es\/","logo":{"@type":"ImageObject","inLanguage":"es","@id":"https:\/\/xn--urduaherrieskola-9tb.eus\/es\/#\/schema\/logo\/image\/","url":"https:\/\/xn--urduaherrieskola-9tb.eus\/wp-content\/uploads\/2019\/09\/UHE_Logotipoa_HORIZONTAL.png","contentUrl":"https:\/\/xn--urduaherrieskola-9tb.eus\/wp-content\/uploads\/2019\/09\/UHE_Logotipoa_HORIZONTAL.png","width":1608,"height":927,"caption":"Urdu\u00f1a Herri Eskola"},"image":{"@id":"https:\/\/xn--urduaherrieskola-9tb.eus\/es\/#\/schema\/logo\/image\/"}}]}},"_links":{"self":[{"href":"https:\/\/xn--urduaherrieskola-9tb.eus\/es\/wp-json\/wp\/v2\/pages\/32704","targetHints":{"allow":["GET"]}}],"collection":[{"href":"https:\/\/xn--urduaherrieskola-9tb.eus\/es\/wp-json\/wp\/v2\/pages"}],"about":[{"href":"https:\/\/xn--urduaherrieskola-9tb.eus\/es\/wp-json\/wp\/v2\/types\/page"}],"author":[{"embeddable":true,"href":"https:\/\/xn--urduaherrieskola-9tb.eus\/es\/wp-json\/wp\/v2\/users\/1"}],"replies":[{"embeddable":true,"href":"https:\/\/xn--urduaherrieskola-9tb.eus\/es\/wp-json\/wp\/v2\/comments?post=32704"}],"version-history":[{"count":1,"href":"https:\/\/xn--urduaherrieskola-9tb.eus\/es\/wp-json\/wp\/v2\/pages\/32704\/revisions"}],"predecessor-version":[{"id":32706,"href":"https:\/\/xn--urduaherrieskola-9tb.eus\/es\/wp-json\/wp\/v2\/pages\/32704\/revisions\/32706"}],"wp:attachment":[{"href":"https:\/\/xn--urduaherrieskola-9tb.eus\/es\/wp-json\/wp\/v2\/media?parent=32704"}],"curies":[{"name":"wp","href":"https:\/\/api.w.org\/{rel}","templated":true}]}}