{"id":32686,"date":"2025-04-25T12:00:55","date_gmt":"2025-04-25T10:00:55","guid":{"rendered":"https:\/\/xn--urduaherrieskola-9tb.eus\/proposito-y-vision\/"},"modified":"2025-10-08T09:01:23","modified_gmt":"2025-10-08T07:01:23","slug":"proposito-y-vision","status":"publish","type":"page","link":"https:\/\/xn--urduaherrieskola-9tb.eus\/es\/proposito-y-vision\/","title":{"rendered":"Prop\u00f3sito y visi\u00f3n"},"content":{"rendered":"\t\t<div data-elementor-type=\"wp-page\" data-elementor-id=\"32686\" class=\"elementor elementor-32686 elementor-26322\">\n\t\t\t\t\t\t<section class=\"elementor-section elementor-top-section elementor-element elementor-element-b10f89a elementor-section-stretched elementor-section-boxed elementor-section-height-default elementor-section-height-default\" data-id=\"b10f89a\" data-element_type=\"section\" data-settings=\"{&quot;background_background&quot;:&quot;classic&quot;,&quot;stretch_section&quot;:&quot;section-stretched&quot;}\">\n\t\t\t\t\t\t\t<div class=\"elementor-background-overlay\"><\/div>\n\t\t\t\t\t\t\t<div class=\"elementor-container elementor-column-gap-default\">\n\t\t\t\t\t<div class=\"elementor-column elementor-col-100 elementor-top-column elementor-element elementor-element-4411e16\" data-id=\"4411e16\" data-element_type=\"column\">\n\t\t\t<div class=\"elementor-widget-wrap elementor-element-populated\">\n\t\t\t\t\t\t<div class=\"elementor-element elementor-element-2696bf4 elementor-widget elementor-widget-heading\" data-id=\"2696bf4\" data-element_type=\"widget\" data-widget_type=\"heading.default\">\n\t\t\t\t<div class=\"elementor-widget-container\">\n\t\t\t\t\t<h2 class=\"elementor-heading-title elementor-size-default\">Colegio P\u00fablico Urdu\u00f1a, una comunidad educativa transformadora.  <\/h2>\t\t\t\t<\/div>\n\t\t\t\t<\/div>\n\t\t\t\t<div class=\"elementor-element elementor-element-948139f elementor-widget elementor-widget-text-editor\" data-id=\"948139f\" data-element_type=\"widget\" data-widget_type=\"text-editor.default\">\n\t\t\t\t<div class=\"elementor-widget-container\">\n\t\t\t\t\t\t\t\t\t<p>Somos una escuela creada por el pueblo y para el pueblo.  \nSomos un proyecto que un grupo peque\u00f1o y diverso de ciudadanos so\u00f1\u00f3 y hizo realidad.  \nConstruyeron su casa en un terreno que anta\u00f1o hab\u00eda sido un huerto f\u00e9rtil, a pesar de los obst\u00e1culos.  \nNos ense\u00f1aron a echar ra\u00edces en la tierra y crecer, por amor.\n<\/p>\n<p>\nHoy podemos decir con orgullo que somos una comunidad altamente experimentada.  \nBas\u00e1ndonos en la pedagog\u00eda del cuidado, acompa\u00f1amos al ni\u00f1o en su proceso de desarrollo.  \nA trav\u00e9s de innovaciones educativas queremos llevar el perfil de egreso del alumno al m\u00e1s alto nivel formativo, orientando a ello todos los recursos humanos y materiales.  \nDesde el euskera est\u00e1n a punto de florecer nuevas generaciones cr\u00edticas con la sociedad, comprometidas con la sostenibilidad y creativas.\n<\/p>\n<p>\nRa\u00edz,\n terreno, pueblo, escuela.\n<\/p>\t\t\t\t\t\t\t\t<\/div>\n\t\t\t\t<\/div>\n\t\t\t\t\t<\/div>\n\t\t<\/div>\n\t\t\t\t\t<\/div>\n\t\t<\/section>\n\t\t\t\t<section class=\"elementor-section elementor-top-section elementor-element elementor-element-4e0706a elementor-section-stretched elementor-section-boxed elementor-section-height-default elementor-section-height-default\" data-id=\"4e0706a\" data-element_type=\"section\" data-settings=\"{&quot;stretch_section&quot;:&quot;section-stretched&quot;,&quot;background_background&quot;:&quot;classic&quot;}\">\n\t\t\t\t\t\t<div class=\"elementor-container elementor-column-gap-default\">\n\t\t\t\t\t<div class=\"elementor-column elementor-col-100 elementor-top-column elementor-element elementor-element-3657ba2\" data-id=\"3657ba2\" data-element_type=\"column\">\n\t\t\t<div class=\"elementor-widget-wrap elementor-element-populated\">\n\t\t\t\t\t\t<section class=\"elementor-section elementor-inner-section elementor-element elementor-element-45eb9a0 elementor-section-boxed elementor-section-height-default elementor-section-height-default\" data-id=\"45eb9a0\" data-element_type=\"section\">\n\t\t\t\t\t\t<div class=\"elementor-container elementor-column-gap-default\">\n\t\t\t\t\t<div class=\"elementor-column elementor-col-50 elementor-inner-column elementor-element elementor-element-64eadcb cuadrados\" data-id=\"64eadcb\" data-element_type=\"column\" data-settings=\"{&quot;background_background&quot;:&quot;classic&quot;}\">\n\t\t\t<div class=\"elementor-widget-wrap elementor-element-populated\">\n\t\t\t\t\t\t<div class=\"elementor-element elementor-element-7b9caae elementor-widget elementor-widget-heading\" data-id=\"7b9caae\" data-element_type=\"widget\" data-widget_type=\"heading.default\">\n\t\t\t\t<div class=\"elementor-widget-container\">\n\t\t\t\t\t<h3 class=\"elementor-heading-title elementor-size-default\">Objetivo<\/h3>\t\t\t\t<\/div>\n\t\t\t\t<\/div>\n\t\t\t\t<div class=\"elementor-element elementor-element-9c01ff9 elementor-widget elementor-widget-text-editor\" data-id=\"9c01ff9\" data-element_type=\"widget\" data-widget_type=\"text-editor.default\">\n\t\t\t\t<div class=\"elementor-widget-container\">\n\t\t\t\t\t\t\t\t\t<p><span style=\"font-weight: 400;\">Ser compa\u00f1ero del ni\u00f1o\/alumno, saber responder competentemente ante cualquier situaci\u00f3n y ser parte constructiva de la comunidad.<\/span><\/p><p><span style=\"font-weight: 400;\"> <\/span><\/p><p><span style=\"font-weight: 400;\"> <\/span><\/p>\t\t\t\t\t\t\t\t<\/div>\n\t\t\t\t<\/div>\n\t\t\t\t<div class=\"elementor-element elementor-element-730eeee elementor-widget elementor-widget-image\" data-id=\"730eeee\" data-element_type=\"widget\" data-widget_type=\"image.default\">\n\t\t\t\t<div class=\"elementor-widget-container\">\n\t\t\t\t\t\t\t\t\t\t\t\t\t\t\t<img fetchpriority=\"high\" decoding=\"async\" width=\"1024\" height=\"683\" src=\"https:\/\/xn--urduaherrieskola-9tb.eus\/wp-content\/uploads\/2025\/05\/Xedea-2-1024x683.jpg\" class=\"attachment-large size-large wp-image-32324\" alt=\"\" srcset=\"https:\/\/xn--urduaherrieskola-9tb.eus\/wp-content\/uploads\/2025\/05\/Xedea-2-1024x683.jpg 1024w, https:\/\/xn--urduaherrieskola-9tb.eus\/wp-content\/uploads\/2025\/05\/Xedea-2-300x200.jpg 300w, https:\/\/xn--urduaherrieskola-9tb.eus\/wp-content\/uploads\/2025\/05\/Xedea-2-768x512.jpg 768w, https:\/\/xn--urduaherrieskola-9tb.eus\/wp-content\/uploads\/2025\/05\/Xedea-2-1536x1024.jpg 1536w, https:\/\/xn--urduaherrieskola-9tb.eus\/wp-content\/uploads\/2025\/05\/Xedea-2-600x400.jpg 600w, https:\/\/xn--urduaherrieskola-9tb.eus\/wp-content\/uploads\/2025\/05\/Xedea-2-750x500.jpg 750w, https:\/\/xn--urduaherrieskola-9tb.eus\/wp-content\/uploads\/2025\/05\/Xedea-2-540x360.jpg 540w, https:\/\/xn--urduaherrieskola-9tb.eus\/wp-content\/uploads\/2025\/05\/Xedea-2.jpg 1752w\" sizes=\"(max-width: 1024px) 100vw, 1024px\" \/>\t\t\t\t\t\t\t\t\t\t\t\t\t\t\t<\/div>\n\t\t\t\t<\/div>\n\t\t\t\t\t<\/div>\n\t\t<\/div>\n\t\t\t\t<div class=\"elementor-column elementor-col-50 elementor-inner-column elementor-element elementor-element-9b00a29 cuadrados\" data-id=\"9b00a29\" data-element_type=\"column\" data-settings=\"{&quot;background_background&quot;:&quot;classic&quot;}\">\n\t\t\t<div class=\"elementor-widget-wrap elementor-element-populated\">\n\t\t\t\t\t\t<div class=\"elementor-element elementor-element-a69da48 elementor-widget elementor-widget-heading\" data-id=\"a69da48\" data-element_type=\"widget\" data-widget_type=\"heading.default\">\n\t\t\t\t<div class=\"elementor-widget-container\">\n\t\t\t\t\t<h3 class=\"elementor-heading-title elementor-size-default\">Mirar<\/h3>\t\t\t\t<\/div>\n\t\t\t\t<\/div>\n\t\t\t\t<div class=\"elementor-element elementor-element-c04bc89 elementor-widget elementor-widget-text-editor\" data-id=\"c04bc89\" data-element_type=\"widget\" data-widget_type=\"text-editor.default\">\n\t\t\t\t<div class=\"elementor-widget-container\">\n\t\t\t\t\t\t\t\t\t<p>Urdu\u00f1a Herri Eskola, inmersa en un espacio naturalizado y con ecosistemas, acompa\u00f1a al ni\u00f1o en su proceso de desarrollo. Bas\u00e1ndose en la libre circulaci\u00f3n seg\u00fan los intereses del alumnado y garantizando la evaluaci\u00f3n educativa, para construir conjuntamente un cambio en la perspectiva de la comunidad escolar. <\/p>\t\t\t\t\t\t\t\t<\/div>\n\t\t\t\t<\/div>\n\t\t\t\t<div class=\"elementor-element elementor-element-d043082 elementor-widget elementor-widget-image\" data-id=\"d043082\" data-element_type=\"widget\" data-widget_type=\"image.default\">\n\t\t\t\t<div class=\"elementor-widget-container\">\n\t\t\t\t\t\t\t\t\t\t\t\t\t\t\t<img decoding=\"async\" width=\"756\" height=\"1008\" src=\"https:\/\/xn--urduaherrieskola-9tb.eus\/wp-content\/uploads\/2025\/05\/Begirada.jpg\" class=\"attachment-large size-large wp-image-32344\" alt=\"\" srcset=\"https:\/\/xn--urduaherrieskola-9tb.eus\/wp-content\/uploads\/2025\/05\/Begirada.jpg 756w, https:\/\/xn--urduaherrieskola-9tb.eus\/wp-content\/uploads\/2025\/05\/Begirada-225x300.jpg 225w, https:\/\/xn--urduaherrieskola-9tb.eus\/wp-content\/uploads\/2025\/05\/Begirada-750x1000.jpg 750w, https:\/\/xn--urduaherrieskola-9tb.eus\/wp-content\/uploads\/2025\/05\/Begirada-540x720.jpg 540w\" sizes=\"(max-width: 756px) 100vw, 756px\" \/>\t\t\t\t\t\t\t\t\t\t\t\t\t\t\t<\/div>\n\t\t\t\t<\/div>\n\t\t\t\t\t<\/div>\n\t\t<\/div>\n\t\t\t\t\t<\/div>\n\t\t<\/section>\n\t\t\t\t\t<\/div>\n\t\t<\/div>\n\t\t\t\t\t<\/div>\n\t\t<\/section>\n\t\t\t\t<\/div>\n\t\t","protected":false},"excerpt":{"rendered":"<p>Colegio P\u00fablico Urdu\u00f1a, una comunidad educativa transformadora. Somos una escuela creada por el pueblo y para el pueblo. Somos un proyecto que un grupo peque\u00f1o y diverso de ciudadanos so\u00f1\u00f3 y hizo realidad. Construyeron su casa en un terreno que anta\u00f1o hab\u00eda sido un huerto f\u00e9rtil, a pesar de los obst\u00e1culos. Nos ense\u00f1aron a echar [&hellip;]<\/p>\n","protected":false},"author":1,"featured_media":0,"parent":0,"menu_order":1,"comment_status":"closed","ping_status":"closed","template":"elementor_theme","meta":{"footnotes":""},"class_list":["post-32686","page","type-page","status-publish","hentry"],"yoast_head":"<!-- This site is optimized with the Yoast SEO plugin v26.4 - https:\/\/yoast.com\/wordpress\/plugins\/seo\/ -->\n<title>Prop\u00f3sito y Visi\u00f3n \u2013 Colegio P\u00fablico de Ordu\u00f1a.<\/title>\n<meta name=\"description\" content=\"Somos Urdu\u00f1a Herri Eskola: educaci\u00f3n basada en el cuidado, que nace de las personas y del sue\u00f1o de una comunidad transformadora hecho realidad.\" \/>\n<meta name=\"robots\" content=\"index, follow, max-snippet:-1, max-image-preview:large, max-video-preview:-1\" \/>\n<link rel=\"canonical\" href=\"https:\/\/xn--urduaherrieskola-9tb.eus\/es\/proposito-y-vision\/\" \/>\n<meta property=\"og:locale\" content=\"es_ES\" \/>\n<meta property=\"og:type\" content=\"article\" \/>\n<meta property=\"og:title\" content=\"Prop\u00f3sito y Visi\u00f3n \u2013 Colegio P\u00fablico de Ordu\u00f1a.\" \/>\n<meta property=\"og:description\" content=\"Somos Urdu\u00f1a Herri Eskola: educaci\u00f3n basada en el cuidado, que nace de las personas y del sue\u00f1o de una comunidad transformadora hecho realidad.\" \/>\n<meta property=\"og:url\" content=\"https:\/\/xn--urduaherrieskola-9tb.eus\/es\/proposito-y-vision\/\" \/>\n<meta property=\"og:site_name\" content=\"Urdu\u00f1a Herri Eskola\" \/>\n<meta property=\"article:modified_time\" content=\"2025-10-08T07:01:23+00:00\" \/>\n<meta property=\"og:image\" content=\"https:\/\/xn--urduaherrieskola-9tb.eus\/wp-content\/uploads\/2025\/05\/Xedea-2.jpg\" \/>\n\t<meta property=\"og:image:width\" content=\"1752\" \/>\n\t<meta property=\"og:image:height\" content=\"1168\" \/>\n\t<meta property=\"og:image:type\" content=\"image\/jpeg\" \/>\n<meta name=\"twitter:card\" content=\"summary_large_image\" \/>\n<meta name=\"twitter:label1\" content=\"Tiempo de lectura\" \/>\n\t<meta name=\"twitter:data1\" content=\"1 minuto\" \/>\n<script type=\"application\/ld+json\" class=\"yoast-schema-graph\">{\"@context\":\"https:\/\/schema.org\",\"@graph\":[{\"@type\":\"WebPage\",\"@id\":\"https:\/\/xn--urduaherrieskola-9tb.eus\/es\/proposito-y-vision\/\",\"url\":\"https:\/\/xn--urduaherrieskola-9tb.eus\/es\/proposito-y-vision\/\",\"name\":\"Prop\u00f3sito y Visi\u00f3n \u2013 Colegio P\u00fablico de Ordu\u00f1a.\",\"isPartOf\":{\"@id\":\"https:\/\/xn--urduaherrieskola-9tb.eus\/es\/#website\"},\"primaryImageOfPage\":{\"@id\":\"https:\/\/xn--urduaherrieskola-9tb.eus\/es\/proposito-y-vision\/#primaryimage\"},\"image\":{\"@id\":\"https:\/\/xn--urduaherrieskola-9tb.eus\/es\/proposito-y-vision\/#primaryimage\"},\"thumbnailUrl\":\"https:\/\/xn--urduaherrieskola-9tb.eus\/wp-content\/uploads\/2025\/05\/Xedea-2-1024x683.jpg\",\"datePublished\":\"2025-04-25T10:00:55+00:00\",\"dateModified\":\"2025-10-08T07:01:23+00:00\",\"description\":\"Somos Urdu\u00f1a Herri Eskola: educaci\u00f3n basada en el cuidado, que nace de las personas y del sue\u00f1o de una comunidad transformadora hecho realidad.\",\"breadcrumb\":{\"@id\":\"https:\/\/xn--urduaherrieskola-9tb.eus\/es\/proposito-y-vision\/#breadcrumb\"},\"inLanguage\":\"es\",\"potentialAction\":[{\"@type\":\"ReadAction\",\"target\":[\"https:\/\/xn--urduaherrieskola-9tb.eus\/es\/proposito-y-vision\/\"]}]},{\"@type\":\"ImageObject\",\"inLanguage\":\"es\",\"@id\":\"https:\/\/xn--urduaherrieskola-9tb.eus\/es\/proposito-y-vision\/#primaryimage\",\"url\":\"https:\/\/xn--urduaherrieskola-9tb.eus\/wp-content\/uploads\/2025\/05\/Xedea-2-1024x683.jpg\",\"contentUrl\":\"https:\/\/xn--urduaherrieskola-9tb.eus\/wp-content\/uploads\/2025\/05\/Xedea-2-1024x683.jpg\"},{\"@type\":\"BreadcrumbList\",\"@id\":\"https:\/\/xn--urduaherrieskola-9tb.eus\/es\/proposito-y-vision\/#breadcrumb\",\"itemListElement\":[{\"@type\":\"ListItem\",\"position\":1,\"name\":\"Home\",\"item\":\"https:\/\/xn--urduaherrieskola-9tb.eus\/es\/hogar\/\"},{\"@type\":\"ListItem\",\"position\":2,\"name\":\"Prop\u00f3sito y visi\u00f3n\"}]},{\"@type\":\"WebSite\",\"@id\":\"https:\/\/xn--urduaherrieskola-9tb.eus\/es\/#website\",\"url\":\"https:\/\/xn--urduaherrieskola-9tb.eus\/es\/\",\"name\":\"Urdu\u00f1a Herri Eskola\",\"description\":\"\",\"publisher\":{\"@id\":\"https:\/\/xn--urduaherrieskola-9tb.eus\/es\/#organization\"},\"potentialAction\":[{\"@type\":\"SearchAction\",\"target\":{\"@type\":\"EntryPoint\",\"urlTemplate\":\"https:\/\/xn--urduaherrieskola-9tb.eus\/es\/?s={search_term_string}\"},\"query-input\":{\"@type\":\"PropertyValueSpecification\",\"valueRequired\":true,\"valueName\":\"search_term_string\"}}],\"inLanguage\":\"es\"},{\"@type\":\"Organization\",\"@id\":\"https:\/\/xn--urduaherrieskola-9tb.eus\/es\/#organization\",\"name\":\"Urdu\u00f1a Herri Eskola\",\"url\":\"https:\/\/xn--urduaherrieskola-9tb.eus\/es\/\",\"logo\":{\"@type\":\"ImageObject\",\"inLanguage\":\"es\",\"@id\":\"https:\/\/xn--urduaherrieskola-9tb.eus\/es\/#\/schema\/logo\/image\/\",\"url\":\"https:\/\/xn--urduaherrieskola-9tb.eus\/wp-content\/uploads\/2019\/09\/UHE_Logotipoa_HORIZONTAL.png\",\"contentUrl\":\"https:\/\/xn--urduaherrieskola-9tb.eus\/wp-content\/uploads\/2019\/09\/UHE_Logotipoa_HORIZONTAL.png\",\"width\":1608,\"height\":927,\"caption\":\"Urdu\u00f1a Herri Eskola\"},\"image\":{\"@id\":\"https:\/\/xn--urduaherrieskola-9tb.eus\/es\/#\/schema\/logo\/image\/\"}}]}<\/script>\n<!-- \/ Yoast SEO plugin. -->","yoast_head_json":{"title":"Prop\u00f3sito y Visi\u00f3n \u2013 Colegio P\u00fablico de Ordu\u00f1a.","description":"Somos Urdu\u00f1a Herri Eskola: educaci\u00f3n basada en el cuidado, que nace de las personas y del sue\u00f1o de una comunidad transformadora hecho realidad.","robots":{"index":"index","follow":"follow","max-snippet":"max-snippet:-1","max-image-preview":"max-image-preview:large","max-video-preview":"max-video-preview:-1"},"canonical":"https:\/\/xn--urduaherrieskola-9tb.eus\/es\/proposito-y-vision\/","og_locale":"es_ES","og_type":"article","og_title":"Prop\u00f3sito y Visi\u00f3n \u2013 Colegio P\u00fablico de Ordu\u00f1a.","og_description":"Somos Urdu\u00f1a Herri Eskola: educaci\u00f3n basada en el cuidado, que nace de las personas y del sue\u00f1o de una comunidad transformadora hecho realidad.","og_url":"https:\/\/xn--urduaherrieskola-9tb.eus\/es\/proposito-y-vision\/","og_site_name":"Urdu\u00f1a Herri Eskola","article_modified_time":"2025-10-08T07:01:23+00:00","og_image":[{"width":1752,"height":1168,"url":"https:\/\/xn--urduaherrieskola-9tb.eus\/wp-content\/uploads\/2025\/05\/Xedea-2.jpg","type":"image\/jpeg"}],"twitter_card":"summary_large_image","twitter_misc":{"Tiempo de lectura":"1 minuto"},"schema":{"@context":"https:\/\/schema.org","@graph":[{"@type":"WebPage","@id":"https:\/\/xn--urduaherrieskola-9tb.eus\/es\/proposito-y-vision\/","url":"https:\/\/xn--urduaherrieskola-9tb.eus\/es\/proposito-y-vision\/","name":"Prop\u00f3sito y Visi\u00f3n \u2013 Colegio P\u00fablico de Ordu\u00f1a.","isPartOf":{"@id":"https:\/\/xn--urduaherrieskola-9tb.eus\/es\/#website"},"primaryImageOfPage":{"@id":"https:\/\/xn--urduaherrieskola-9tb.eus\/es\/proposito-y-vision\/#primaryimage"},"image":{"@id":"https:\/\/xn--urduaherrieskola-9tb.eus\/es\/proposito-y-vision\/#primaryimage"},"thumbnailUrl":"https:\/\/xn--urduaherrieskola-9tb.eus\/wp-content\/uploads\/2025\/05\/Xedea-2-1024x683.jpg","datePublished":"2025-04-25T10:00:55+00:00","dateModified":"2025-10-08T07:01:23+00:00","description":"Somos Urdu\u00f1a Herri Eskola: educaci\u00f3n basada en el cuidado, que nace de las personas y del sue\u00f1o de una comunidad transformadora hecho realidad.","breadcrumb":{"@id":"https:\/\/xn--urduaherrieskola-9tb.eus\/es\/proposito-y-vision\/#breadcrumb"},"inLanguage":"es","potentialAction":[{"@type":"ReadAction","target":["https:\/\/xn--urduaherrieskola-9tb.eus\/es\/proposito-y-vision\/"]}]},{"@type":"ImageObject","inLanguage":"es","@id":"https:\/\/xn--urduaherrieskola-9tb.eus\/es\/proposito-y-vision\/#primaryimage","url":"https:\/\/xn--urduaherrieskola-9tb.eus\/wp-content\/uploads\/2025\/05\/Xedea-2-1024x683.jpg","contentUrl":"https:\/\/xn--urduaherrieskola-9tb.eus\/wp-content\/uploads\/2025\/05\/Xedea-2-1024x683.jpg"},{"@type":"BreadcrumbList","@id":"https:\/\/xn--urduaherrieskola-9tb.eus\/es\/proposito-y-vision\/#breadcrumb","itemListElement":[{"@type":"ListItem","position":1,"name":"Home","item":"https:\/\/xn--urduaherrieskola-9tb.eus\/es\/hogar\/"},{"@type":"ListItem","position":2,"name":"Prop\u00f3sito y visi\u00f3n"}]},{"@type":"WebSite","@id":"https:\/\/xn--urduaherrieskola-9tb.eus\/es\/#website","url":"https:\/\/xn--urduaherrieskola-9tb.eus\/es\/","name":"Urdu\u00f1a Herri Eskola","description":"","publisher":{"@id":"https:\/\/xn--urduaherrieskola-9tb.eus\/es\/#organization"},"potentialAction":[{"@type":"SearchAction","target":{"@type":"EntryPoint","urlTemplate":"https:\/\/xn--urduaherrieskola-9tb.eus\/es\/?s={search_term_string}"},"query-input":{"@type":"PropertyValueSpecification","valueRequired":true,"valueName":"search_term_string"}}],"inLanguage":"es"},{"@type":"Organization","@id":"https:\/\/xn--urduaherrieskola-9tb.eus\/es\/#organization","name":"Urdu\u00f1a Herri Eskola","url":"https:\/\/xn--urduaherrieskola-9tb.eus\/es\/","logo":{"@type":"ImageObject","inLanguage":"es","@id":"https:\/\/xn--urduaherrieskola-9tb.eus\/es\/#\/schema\/logo\/image\/","url":"https:\/\/xn--urduaherrieskola-9tb.eus\/wp-content\/uploads\/2019\/09\/UHE_Logotipoa_HORIZONTAL.png","contentUrl":"https:\/\/xn--urduaherrieskola-9tb.eus\/wp-content\/uploads\/2019\/09\/UHE_Logotipoa_HORIZONTAL.png","width":1608,"height":927,"caption":"Urdu\u00f1a Herri Eskola"},"image":{"@id":"https:\/\/xn--urduaherrieskola-9tb.eus\/es\/#\/schema\/logo\/image\/"}}]}},"_links":{"self":[{"href":"https:\/\/xn--urduaherrieskola-9tb.eus\/es\/wp-json\/wp\/v2\/pages\/32686","targetHints":{"allow":["GET"]}}],"collection":[{"href":"https:\/\/xn--urduaherrieskola-9tb.eus\/es\/wp-json\/wp\/v2\/pages"}],"about":[{"href":"https:\/\/xn--urduaherrieskola-9tb.eus\/es\/wp-json\/wp\/v2\/types\/page"}],"author":[{"embeddable":true,"href":"https:\/\/xn--urduaherrieskola-9tb.eus\/es\/wp-json\/wp\/v2\/users\/1"}],"replies":[{"embeddable":true,"href":"https:\/\/xn--urduaherrieskola-9tb.eus\/es\/wp-json\/wp\/v2\/comments?post=32686"}],"version-history":[{"count":1,"href":"https:\/\/xn--urduaherrieskola-9tb.eus\/es\/wp-json\/wp\/v2\/pages\/32686\/revisions"}],"predecessor-version":[{"id":32687,"href":"https:\/\/xn--urduaherrieskola-9tb.eus\/es\/wp-json\/wp\/v2\/pages\/32686\/revisions\/32687"}],"wp:attachment":[{"href":"https:\/\/xn--urduaherrieskola-9tb.eus\/es\/wp-json\/wp\/v2\/media?parent=32686"}],"curies":[{"name":"wp","href":"https:\/\/api.w.org\/{rel}","templated":true}]}}